{"id":44621,"date":"2023-08-31T12:31:52","date_gmt":"2023-08-31T10:31:52","guid":{"rendered":"https:\/\/escenanorte.com\/?page_id=44621"},"modified":"2025-08-29T21:09:29","modified_gmt":"2025-08-29T19:09:29","slug":"vieiros-rede-de-colaboracion-con-proxectos-locais","status":"publish","type":"page","link":"https:\/\/escenanorte.com\/gl\/vieiros-rede-de-colaboracion-con-proxectos-locais\/","title":{"rendered":"VIEIROS. Rede de colaboraci\u00f3n con proxectos locais"},"content":{"rendered":"<h1>VIEIROS. Rede de colaboraci\u00f3n con proxectos locais<\/h1>\n<div>\n<p>En 2023 puxemos en marcha unha nova iniciativa denominada Vieiros, consistente na colaboraci\u00f3n de Cami\u00f1o Escena Norte cun proxecto cultural de cada Comunidade, co obxectivo de crear sinerx\u00edas, ao tempo que lle damos forza e contexto ao noso proxecto localmente e proxectamos f\u00f3ra da Comunidade os proxectos locais. Proxectos todos que coinciden territorialmente e en datas aproximadas con n\u00f3s, claro.<\/p>\n<p>A idea xorde da programaci\u00f3n dunha das funci\u00f3ns do <span>Itinerario<\/span> Constelaci\u00f3ns 2022 en colaboraci\u00f3n co FIOT (Festival Internacional Outono de Teatro) de Carballo (Galicia), que nos abriu a porta a pensar que esta f\u00f3rmula de programaci\u00f3n conxunta poder\u00eda ser unha idea susceptible de trasladar a outros proxectos coincidentes en datas e territorio. Este ano estes Vieiros vanse abrir cunha colaboraci\u00f3n con 8 iniciativas culturais diversas de Galicia, Asturias, Cantabria, Euskadi, Navarra e A Rioxa, a\u00ednda que non en todas levaremos a cabo a\u00ednda unha estratexia de programaci\u00f3n conxunta.<\/p>\n<p>Os <span>8<\/span> proxectos que abren estes \u201cvieiros\u201d:<\/p>\n<\/div>\n<ul>\n<li>\n<p>        <img decoding=\"async\" src=\"\/wp-content\/uploads\/2022\/08\/FIOT-e1661867494108.jpeg\" alt=\"\"><\/p>\n<h3>FIOT<\/h3>\n<p>GALICIA<\/p>\n<div>\n<p>FIOT (Festival Internacional de Outono de Teatro), Carballo. (*) Xa cunha funci\u00f3n en colaboraci\u00f3n nesta edici\u00f3n.<\/p>\n<\/div>\n<p><a href=\"https:\/\/fiot.gal\">fiot.gal<\/a><\/p>\n<\/li>\n<li>\n<p>        <img decoding=\"async\" src=\"\/wp-content\/uploads\/2024\/08\/12-Logo-Rincones-y-Recovecos-1.png\" alt=\"\"><\/p>\n<h3>RINCONES Y RECOVECOS<\/h3>\n<p>ASTURIAS<\/p>\n<div>\n<p>Rincones y Recovecos, Xix\u00f3n. (*) Xa cunha funci\u00f3n en colaboraci\u00f3n nesta edici\u00f3n.<\/p>\n<\/div>\n<p><a href=\"http:\/\/www.festivalrinconesyrecovecos.com\/\">www.festivalrinconesyrecovecos.com<\/a><\/p>\n<\/li>\n<li>\n<p>        <img decoding=\"async\" src=\"\/wp-content\/uploads\/2025\/08\/10-Danza-Xixon.jpg\" alt=\"\"><\/p>\n<h3>DANZA XIX\u00d3N<\/h3>\n<p>ASTURIAS<\/p>\n<div>\n<p>Danza Xix\u00f3n, Xix\u00f3n. (*) Xa cunha funci\u00f3n en colaboraci\u00f3n nesta edici\u00f3n.<\/p>\n<\/div>\n<p><a href=\"https:\/\/www.gijon.es\/es\/eventos\/danza-xixon\">www.gijon.es\/es\/eventos\/danza-xixon<\/a><\/p>\n<\/li>\n<li>\n<p>        <img decoding=\"async\" src=\"\/wp-content\/uploads\/2024\/08\/13-Logo-Movimiento-en-Red-1.png\" alt=\"\"><\/p>\n<h3>MOVIMIENTO EN RED<\/h3>\n<p>CANTABRIA<\/p>\n<div>\n<p>Movimiento en Red. Asociaci\u00f3n de Profesionais da Danza de Cantabria.<\/p>\n<\/div>\n<p><a href=\"https:\/\/movimientoenred.org\/\">movimientoenred.org<\/a><\/p>\n<\/li>\n<li>\n<p>        <img decoding=\"async\" src=\"\/wp-content\/uploads\/2023\/09\/BIDEART-VERDE.png\" alt=\"\"><\/p>\n<h3>BIDEART ZIGOITIA<\/h3>\n<p>EUSKADI<\/p>\n<div>\n<p>Bideart Zigoitia, Zigoitia. (*) Xa cunha funci\u00f3n en colaboraci\u00f3n nesta edici\u00f3n.<\/p>\n<\/div>\n<p><a href=\"https:\/\/www.teatropantarhei.com\/bideart\/\">www.teatropantarhei.com\/bideart<\/a><\/p>\n<\/li>\n<li>\n<p>        <img decoding=\"async\" src=\"\/wp-content\/uploads\/2023\/08\/RIBERAENDANZA.jpg\" alt=\"\"><\/p>\n<h3>RIBERA EN DANZA<\/h3>\n<p>COMUNIDADE FORAL DE NAVARRA<\/p>\n<div>\n<p>Ribera en Danza, varios concellos.<\/p>\n<\/div>\n<p><a href=\"http:\/\/www.riberaendanza.com\">www.riberaendanza.com<\/a><\/p>\n<\/li>\n<li>\n<p>        <img decoding=\"async\" src=\"\/wp-content\/uploads\/2025\/08\/7-MUTE.png\" alt=\"\"><\/p>\n<h3>MUTE<\/h3>\n<p>A RIOXA<\/p>\n<div>\n<p>MUTE. Festival de Teatro Gestual da Rioxa. (*) Xa cunha funci\u00f3n en colaboraci\u00f3n nesta edici\u00f3n.<\/p>\n<\/div>\n<p><a href=\"https:\/\/mutefestival.com\/\">mutefestival.com<\/a><\/p>\n<\/li>\n<li>\n<p>        <img decoding=\"async\" src=\"\/wp-content\/uploads\/2025\/08\/8-FITLO.png\" alt=\"\"><\/p>\n<h3>FITLO<\/h3>\n<p>A RIOXA<\/p>\n<div>\n<p>FITLO. Festival de Teatro Iberoamericano da Rioxa. (*) Xa cunha funci\u00f3n en colaboraci\u00f3n nesta edici\u00f3n.<\/p>\n<\/div>\n<p><a href=\"https:\/\/fitlo.es\/\">fitlo.es<\/a><\/p>\n<\/li>\n<\/ul>\n<p><!--more--><br \/>\n<!-- {\"name\":\"Senderos 2023 DEF\",\"type\":\"layout\",\"children\":[{\"type\":\"section\",\"props\":{\"image_position\":\"center-center\",\"overlap\":true,\"style\":\"default\",\"title_breakpoint\":\"xl\",\"title_position\":\"top-left\",\"title_rotation\":\"left\",\"vertical_align\":\"\",\"width\":\"default\"},\"children\":[{\"type\":\"row\",\"children\":[{\"type\":\"column\",\"props\":{\"image_position\":\"center-center\",\"position_sticky_breakpoint\":\"m\"},\"children\":[{\"type\":\"headline\",\"props\":{\"content\":\"VIEIROS. Rede de colaboraci\\u00f3n con proxectos locais\",\"title_element\":\"h1\"}},{\"type\":\"text\",\"props\":{\"column_breakpoint\":\"m\",\"content\":\"\n\n<p>En 2023 puxemos en marcha unha nova iniciativa denominada Vieiros, consistente na colaboraci\\u00f3n de Cami\\u00f1o Escena Norte cun proxecto cultural de cada Comunidade, co obxectivo de crear sinerx\\u00edas, ao tempo que lle damos forza e contexto ao noso proxecto localmente e proxectamos f\\u00f3ra da Comunidade os proxectos locais. Proxectos todos que coinciden territorialmente e en datas aproximadas con n\\u00f3s, claro.<\\\/p>\\n\n\n<p>A idea xorde da programaci\\u00f3n dunha das funci\\u00f3ns do <span>Itinerario<\\\/span> Constelaci\\u00f3ns 2022 en colaboraci\\u00f3n co FIOT (Festival Internacional Outono de Teatro) de Carballo (Galicia), que nos abriu a porta a pensar que esta f\\u00f3rmula de programaci\\u00f3n conxunta poder\\u00eda ser unha idea susceptible de trasladar a outros proxectos coincidentes en datas e territorio. Este ano estes Vieiros vanse abrir cunha colaboraci\\u00f3n con 8 iniciativas culturais diversas de Galicia, Asturias, Cantabria, Euskadi, Navarra e A Rioxa, a\\u00ednda que non en todas levaremos a cabo a\\u00ednda unha estratexia de programaci\\u00f3n conxunta.<\\\/p>\\n\n\n<p>Os <span>8<\\\/span> proxectos que abren estes \\u201cvieiros\\u201d:<\\\/p>\",\"margin\":\"default\",\"text_style\":\"lead\"}}]}]},{\"type\":\"row\",\"children\":[{\"type\":\"column\",\"props\":{\"image_position\":\"center-center\",\"position_sticky_breakpoint\":\"m\"},\"children\":[{\"type\":\"grid\",\"props\":{\"content_align\":false,\"content_column_breakpoint\":\"m\",\"content_style\":\"text-small\",\"filter_align\":\"left\",\"filter_all\":true,\"filter_grid_breakpoint\":\"m\",\"filter_grid_width\":\"auto\",\"filter_position\":\"top\",\"filter_style\":\"tab\",\"grid_column_gap\":\"small\",\"grid_default\":\"1\",\"grid_divider\":false,\"grid_large\":\"3\",\"grid_medium\":\"2\",\"grid_parallax_justify\":false,\"grid_row_gap\":\"small\",\"icon_width\":80,\"image_align\":\"between\",\"image_grid_breakpoint\":\"s\",\"image_grid_width\":\"1-3\",\"image_height\":100,\"image_link\":false,\"image_svg_color\":\"emphasis\",\"image_vertical_align\":true,\"item_animation\":true,\"lightbox_bg_close\":true,\"link_fullwidth\":false,\"link_margin\":\"small\",\"link_size\":\"small\",\"link_style\":\"\",\"link_target\":true,\"link_text\":\"\",\"margin\":\"default\",\"meta_align\":\"below-title\",\"meta_element\":\"div\",\"meta_margin\":\"remove\",\"meta_style\":\"text-meta\",\"panel_link\":false,\"panel_padding\":\"small\",\"panel_style\":\"tile-checked\",\"parallax_easing\":\"1\",\"show_content\":true,\"show_hover_image\":true,\"show_hover_video\":true,\"show_image\":true,\"show_link\":true,\"show_meta\":true,\"show_title\":true,\"show_video\":true,\"title_align\":\"top\",\"title_color\":\"secondary\",\"title_element\":\"h3\",\"title_grid_breakpoint\":\"m\",\"title_grid_width\":\"1-2\",\"title_hover_style\":\"reset\"},\"children\":[{\"type\":\"grid_item\",\"props\":{\"content\":\"\n\n<p>FIOT (Festival Internacional de Outono de Teatro), Carballo. (*) Xa cunha funci\\u00f3n en colaboraci\\u00f3n nesta edici\\u00f3n.<\\\/p>\",\"image\":\"wp-content\\\/uploads\\\/2022\\\/08\\\/FIOT-e1661867494108.jpeg\",\"link\":\"https:\\\/\\\/fiot.gal\",\"link_text\":\"fiot.gal\",\"meta\":\"GALICIA\",\"title\":\"FIOT\"}},{\"type\":\"grid_item\",\"props\":{\"content\":\"\n\n<p>Rincones y Recovecos, Xix\\u00f3n. (*) Xa cunha funci\\u00f3n en colaboraci\\u00f3n nesta edici\\u00f3n.<\\\/p>\",\"image\":\"wp-content\\\/uploads\\\/2024\\\/08\\\/12-Logo-Rincones-y-Recovecos-1.png\",\"link\":\"http:\\\/\\\/www.festivalrinconesyrecovecos.com\\\/\",\"link_text\":\"www.festivalrinconesyrecovecos.com\",\"meta\":\"ASTURIAS\",\"title\":\"RINCONES Y RECOVECOS\"}},{\"type\":\"grid_item\",\"props\":{\"content\":\"\n\n<p>Danza Xix\\u00f3n, Xix\\u00f3n. (*) Xa cunha funci\\u00f3n en colaboraci\\u00f3n nesta edici\\u00f3n.<\\\/p>\",\"image\":\"wp-content\\\/uploads\\\/2025\\\/08\\\/10-Danza-Xixon.jpg\",\"link\":\"https:\\\/\\\/www.gijon.es\\\/es\\\/eventos\\\/danza-xixon\",\"link_text\":\"www.gijon.es\\\/es\\\/eventos\\\/danza-xixon\",\"meta\":\"ASTURIAS\",\"title\":\"DANZA XIX\\u00d3N\"}},{\"type\":\"grid_item\",\"props\":{\"content\":\"\n\n<p>Movimiento en Red. Asociaci\\u00f3n de Profesionais da Danza de Cantabria.<\\\/p>\",\"image\":\"wp-content\\\/uploads\\\/2024\\\/08\\\/13-Logo-Movimiento-en-Red-1.png\",\"link\":\"https:\\\/\\\/movimientoenred.org\\\/\",\"link_text\":\"movimientoenred.org\",\"meta\":\"CANTABRIA\",\"title\":\"MOVIMIENTO EN RED\"}},{\"type\":\"grid_item\",\"props\":{\"content\":\"\n\n<p>Bideart Zigoitia, Zigoitia. (*) Xa cunha funci\\u00f3n en colaboraci\\u00f3n nesta edici\\u00f3n.<\\\/p>\",\"image\":\"wp-content\\\/uploads\\\/2023\\\/09\\\/BIDEART-VERDE.png\",\"link\":\"https:\\\/\\\/www.teatropantarhei.com\\\/bideart\\\/\",\"link_text\":\"www.teatropantarhei.com\\\/bideart\",\"meta\":\"EUSKADI\",\"title\":\"BIDEART ZIGOITIA\"}},{\"type\":\"grid_item\",\"props\":{\"content\":\"\n\n<p>Ribera en Danza, varios concellos.<\\\/p>\",\"image\":\"wp-content\\\/uploads\\\/2023\\\/08\\\/RIBERAENDANZA.jpg\",\"link\":\"http:\\\/\\\/www.riberaendanza.com\",\"link_text\":\"www.riberaendanza.com\",\"meta\":\"COMUNIDADE FORAL DE NAVARRA\",\"title\":\"RIBERA EN DANZA\"}},{\"type\":\"grid_item\",\"props\":{\"content\":\"\n\n<p>MUTE. Festival de Teatro Gestual da Rioxa. (*) Xa cunha funci\\u00f3n en colaboraci\\u00f3n nesta edici\\u00f3n.<\\\/p>\",\"image\":\"wp-content\\\/uploads\\\/2025\\\/08\\\/7-MUTE.png\",\"link\":\"https:\\\/\\\/mutefestival.com\\\/\",\"link_text\":\"mutefestival.com\",\"meta\":\"A RIOXA\",\"title\":\"MUTE\"}},{\"type\":\"grid_item\",\"props\":{\"content\":\"\n\n<p>FITLO. Festival de Teatro Iberoamericano da Rioxa. (*) Xa cunha funci\\u00f3n en colaboraci\\u00f3n nesta edici\\u00f3n.<\\\/p>\",\"image\":\"wp-content\\\/uploads\\\/2025\\\/08\\\/8-FITLO.png\",\"link\":\"https:\\\/\\\/fitlo.es\\\/\",\"link_text\":\"fitlo.es\",\"meta\":\"A RIOXA\",\"title\":\"FITLO\"}}],\"name\":\"SENDEROS 25 GAL\"}]}]}]}],\"version\":\"4.5.24\"} --><\/p>\n","protected":false},"excerpt":{"rendered":"<p>VIEIROS. Rede de colaboraci\u00f3n con proxectos locais En 2023 puxemos en marcha unha nova iniciativa denominada Vieiros, consistente na colaboraci\u00f3n de Cami\u00f1o Escena Norte cun proxecto cultural de cada Comunidade, [&hellip;]<\/p>\n","protected":false},"author":1,"featured_media":0,"parent":0,"menu_order":0,"comment_status":"closed","ping_status":"closed","template":"","meta":{"footnotes":""},"class_list":["post-44621","page","type-page","status-publish","hentry"],"yoast_head":"<!-- This site is optimized with the Yoast SEO plugin v27.2 - https:\/\/yoast.com\/product\/yoast-seo-wordpress\/ -->\n<title>VIEIROS. Rede de colaboraci\u00f3n con proxectos locais - Camino Escena Norte<\/title>\n<meta name=\"robots\" content=\"index, follow, max-snippet:-1, max-image-preview:large, max-video-preview:-1\" \/>\n<link rel=\"canonical\" href=\"https:\/\/escenanorte.com\/gl\/vieiros-rede-de-colaboracion-con-proxectos-locais\/\" \/>\n<meta property=\"og:locale\" content=\"gl_ES\" \/>\n<meta property=\"og:type\" content=\"article\" \/>\n<meta property=\"og:title\" content=\"VIEIROS. Rede de colaboraci\u00f3n con proxectos locais - Camino Escena Norte\" \/>\n<meta property=\"og:description\" content=\"VIEIROS. Rede de colaboraci\u00f3n con proxectos locais En 2023 puxemos en marcha unha nova iniciativa denominada Vieiros, consistente na colaboraci\u00f3n de Cami\u00f1o Escena Norte cun proxecto cultural de cada Comunidade, [&hellip;]\" \/>\n<meta property=\"og:url\" content=\"https:\/\/escenanorte.com\/gl\/vieiros-rede-de-colaboracion-con-proxectos-locais\/\" \/>\n<meta property=\"og:site_name\" content=\"Camino Escena Norte\" \/>\n<meta property=\"article:publisher\" content=\"https:\/\/www.facebook.com\/escenanorte\" \/>\n<meta property=\"article:modified_time\" content=\"2025-08-29T19:09:29+00:00\" \/>\n<meta property=\"og:image\" content=\"https:\/\/escenanorte.com\/wp-content\/uploads\/2025\/06\/AAFF-CEN-ARTE-50X70-AS.jpg\" \/>\n\t<meta property=\"og:image:width\" content=\"1600\" \/>\n\t<meta property=\"og:image:height\" content=\"2233\" \/>\n\t<meta property=\"og:image:type\" content=\"image\/jpeg\" \/>\n<meta name=\"twitter:card\" content=\"summary_large_image\" \/>\n<meta name=\"twitter:label1\" content=\"Tempo de lectura\" \/>\n\t<meta name=\"twitter:data1\" content=\"2 minutos\" \/>\n<script type=\"application\/ld+json\" class=\"yoast-schema-graph\">{\"@context\":\"https:\/\/schema.org\",\"@graph\":[{\"@type\":\"WebPage\",\"@id\":\"https:\/\/escenanorte.com\/gl\/vieiros-rede-de-colaboracion-con-proxectos-locais\/\",\"url\":\"https:\/\/escenanorte.com\/gl\/vieiros-rede-de-colaboracion-con-proxectos-locais\/\",\"name\":\"VIEIROS. Rede de colaboraci\u00f3n con proxectos locais - Camino Escena Norte\",\"isPartOf\":{\"@id\":\"https:\/\/escenanorte.com\/gl\/#website\"},\"datePublished\":\"2023-08-31T10:31:52+00:00\",\"dateModified\":\"2025-08-29T19:09:29+00:00\",\"breadcrumb\":{\"@id\":\"https:\/\/escenanorte.com\/gl\/vieiros-rede-de-colaboracion-con-proxectos-locais\/#breadcrumb\"},\"inLanguage\":\"gl-ES\",\"potentialAction\":[{\"@type\":\"ReadAction\",\"target\":[\"https:\/\/escenanorte.com\/gl\/vieiros-rede-de-colaboracion-con-proxectos-locais\/\"]}]},{\"@type\":\"BreadcrumbList\",\"@id\":\"https:\/\/escenanorte.com\/gl\/vieiros-rede-de-colaboracion-con-proxectos-locais\/#breadcrumb\",\"itemListElement\":[{\"@type\":\"ListItem\",\"position\":1,\"name\":\"Portada\",\"item\":\"https:\/\/escenanorte.com\/gl\/\"},{\"@type\":\"ListItem\",\"position\":2,\"name\":\"VIEIROS. Rede de colaboraci\u00f3n con proxectos locais\"}]},{\"@type\":\"WebSite\",\"@id\":\"https:\/\/escenanorte.com\/gl\/#website\",\"url\":\"https:\/\/escenanorte.com\/gl\/\",\"name\":\"Camino Escena Norte\",\"description\":\"Escena Norte\",\"potentialAction\":[{\"@type\":\"SearchAction\",\"target\":{\"@type\":\"EntryPoint\",\"urlTemplate\":\"https:\/\/escenanorte.com\/gl\/?s={search_term_string}\"},\"query-input\":{\"@type\":\"PropertyValueSpecification\",\"valueRequired\":true,\"valueName\":\"search_term_string\"}}],\"inLanguage\":\"gl-ES\"}]}<\/script>\n<!-- \/ Yoast SEO plugin. -->","yoast_head_json":{"title":"VIEIROS. Rede de colaboraci\u00f3n con proxectos locais - Camino Escena Norte","robots":{"index":"index","follow":"follow","max-snippet":"max-snippet:-1","max-image-preview":"max-image-preview:large","max-video-preview":"max-video-preview:-1"},"canonical":"https:\/\/escenanorte.com\/gl\/vieiros-rede-de-colaboracion-con-proxectos-locais\/","og_locale":"gl_ES","og_type":"article","og_title":"VIEIROS. Rede de colaboraci\u00f3n con proxectos locais - Camino Escena Norte","og_description":"VIEIROS. Rede de colaboraci\u00f3n con proxectos locais En 2023 puxemos en marcha unha nova iniciativa denominada Vieiros, consistente na colaboraci\u00f3n de Cami\u00f1o Escena Norte cun proxecto cultural de cada Comunidade, [&hellip;]","og_url":"https:\/\/escenanorte.com\/gl\/vieiros-rede-de-colaboracion-con-proxectos-locais\/","og_site_name":"Camino Escena Norte","article_publisher":"https:\/\/www.facebook.com\/escenanorte","article_modified_time":"2025-08-29T19:09:29+00:00","og_image":[{"width":1600,"height":2233,"url":"https:\/\/escenanorte.com\/wp-content\/uploads\/2025\/06\/AAFF-CEN-ARTE-50X70-AS.jpg","type":"image\/jpeg"}],"twitter_card":"summary_large_image","twitter_misc":{"Tempo de lectura":"2 minutos"},"schema":{"@context":"https:\/\/schema.org","@graph":[{"@type":"WebPage","@id":"https:\/\/escenanorte.com\/gl\/vieiros-rede-de-colaboracion-con-proxectos-locais\/","url":"https:\/\/escenanorte.com\/gl\/vieiros-rede-de-colaboracion-con-proxectos-locais\/","name":"VIEIROS. Rede de colaboraci\u00f3n con proxectos locais - Camino Escena Norte","isPartOf":{"@id":"https:\/\/escenanorte.com\/gl\/#website"},"datePublished":"2023-08-31T10:31:52+00:00","dateModified":"2025-08-29T19:09:29+00:00","breadcrumb":{"@id":"https:\/\/escenanorte.com\/gl\/vieiros-rede-de-colaboracion-con-proxectos-locais\/#breadcrumb"},"inLanguage":"gl-ES","potentialAction":[{"@type":"ReadAction","target":["https:\/\/escenanorte.com\/gl\/vieiros-rede-de-colaboracion-con-proxectos-locais\/"]}]},{"@type":"BreadcrumbList","@id":"https:\/\/escenanorte.com\/gl\/vieiros-rede-de-colaboracion-con-proxectos-locais\/#breadcrumb","itemListElement":[{"@type":"ListItem","position":1,"name":"Portada","item":"https:\/\/escenanorte.com\/gl\/"},{"@type":"ListItem","position":2,"name":"VIEIROS. Rede de colaboraci\u00f3n con proxectos locais"}]},{"@type":"WebSite","@id":"https:\/\/escenanorte.com\/gl\/#website","url":"https:\/\/escenanorte.com\/gl\/","name":"Camino Escena Norte","description":"Escena Norte","potentialAction":[{"@type":"SearchAction","target":{"@type":"EntryPoint","urlTemplate":"https:\/\/escenanorte.com\/gl\/?s={search_term_string}"},"query-input":{"@type":"PropertyValueSpecification","valueRequired":true,"valueName":"search_term_string"}}],"inLanguage":"gl-ES"}]}},"publishpress_future_action":{"enabled":false,"date":"2026-04-30 23:26:14","action":"change-status","newStatus":"draft","terms":[],"taxonomy":"translation_priority","extraData":[]},"publishpress_future_workflow_manual_trigger":{"enabledWorkflows":[]},"_links":{"self":[{"href":"https:\/\/escenanorte.com\/gl\/wp-json\/wp\/v2\/pages\/44621","targetHints":{"allow":["GET"]}}],"collection":[{"href":"https:\/\/escenanorte.com\/gl\/wp-json\/wp\/v2\/pages"}],"about":[{"href":"https:\/\/escenanorte.com\/gl\/wp-json\/wp\/v2\/types\/page"}],"author":[{"embeddable":true,"href":"https:\/\/escenanorte.com\/gl\/wp-json\/wp\/v2\/users\/1"}],"replies":[{"embeddable":true,"href":"https:\/\/escenanorte.com\/gl\/wp-json\/wp\/v2\/comments?post=44621"}],"version-history":[{"count":31,"href":"https:\/\/escenanorte.com\/gl\/wp-json\/wp\/v2\/pages\/44621\/revisions"}],"predecessor-version":[{"id":77212,"href":"https:\/\/escenanorte.com\/gl\/wp-json\/wp\/v2\/pages\/44621\/revisions\/77212"}],"wp:attachment":[{"href":"https:\/\/escenanorte.com\/gl\/wp-json\/wp\/v2\/media?parent=44621"}],"curies":[{"name":"wp","href":"https:\/\/api.w.org\/{rel}","templated":true}]}}