{"id":4348,"date":"2022-05-09T13:59:00","date_gmt":"2022-05-09T11:59:00","guid":{"rendered":"https:\/\/escenanorte.com\/inscricion-estancias-de-intercambio-cruzamentos\/"},"modified":"2024-04-03T14:02:23","modified_gmt":"2024-04-03T12:02:23","slug":"inscricion-estancias-de-intercambio-cruzamentos","status":"publish","type":"page","link":"https:\/\/escenanorte.com\/gl\/inscricion-estancias-de-intercambio-cruzamentos\/","title":{"rendered":"Inscrici\u00f3n estancias de intercambio CRUZAMENTOS"},"content":{"rendered":"<div>\n<h1>Inscrici\u00f3n convocatoria de intercambio CRUZAMENTOS<\/h1>\n<div>\n<p>O prazo de inscrici\u00f3n de proxectos no programa CRUZAMENTOS de Cami\u00f1o Escena Norte 2024 abranguer\u00e1 do luns 4 de marzo \u00e1s 14.00 h. ao m\u00e9rcores 3 de abril \u00e1s 14.00 h.<\/p>\n<p>Non ser\u00e1 v\u00e1lida a inscrici\u00f3n de proxectos f\u00f3ra do prazo establecido, nin por outra v\u00eda que non sexa o correspondente formulario a trav\u00e9s da web <span>www.escenanorte.com<\/span><\/p>\n<p>LER CON ATENCI\u00d3N ANTES DE COMPLETAR A FICHA DE INSCRICI\u00d3N DE PROXECTO.<\/p>\n<\/div>\n<p><a href=\"\/wp-content\/uploads\/2024\/03\/CEN2024_Bases-CRUZAMENTOS-GAL.pdf\">CRUZAMENTOS &#8211; DOCUMENTO INFORMATIVO E BASES DE PARTICIPACI\u00d3N<\/a><\/p>\n<\/div>\n<p><!--more--><br \/>\n<!-- {\"type\":\"layout\",\"children\":[{\"name\":\"Inscripci\\u00f3n espect\\u00e1culos 2021\",\"type\":\"section\",\"props\":{\"image_position\":\"center-center\",\"overlap\":false,\"style\":\"muted\",\"title_breakpoint\":\"xl\",\"title_position\":\"top-left\",\"title_rotation\":\"left\",\"vertical_align\":\"middle\",\"width\":\"default\"},\"children\":[{\"type\":\"row\",\"children\":[{\"type\":\"column\",\"props\":{\"image_position\":\"center-center\",\"position_sticky_breakpoint\":\"m\",\"width_medium\":\"1-1\"},\"children\":[{\"type\":\"panel\",\"props\":{\"content\":\"\n\n<p>O prazo de inscrici\\u00f3n de proxectos no programa CRUZAMENTOS de Cami\\u00f1o Escena Norte 2024 abranguer\\u00e1 do luns 4 de marzo \\u00e1s 14.00 h. ao m\\u00e9rcores 3 de abril \\u00e1s 14.00 h.<\\\/p>\\n\n\n<p>Non ser\\u00e1 v\\u00e1lida a inscrici\\u00f3n de proxectos f\\u00f3ra do prazo establecido, nin por outra v\\u00eda que non sexa o correspondente formulario a trav\\u00e9s da web <span>www.escenanorte.com<\\\/span><\\\/p>\\n\n\n<p>LER CON ATENCI\\u00d3N ANTES DE COMPLETAR A FICHA DE INSCRICI\\u00d3N DE PROXECTO.<\\\/p>\",\"content_column_breakpoint\":\"m\",\"content_style\":\"text-lead\",\"icon\":\"file-edit\",\"icon_width\":100,\"image_align\":\"top\",\"image_grid_breakpoint\":\"m\",\"image_grid_width\":\"1-2\",\"image_svg_color\":\"emphasis\",\"link\":\"wp-content\\\/uploads\\\/2024\\\/03\\\/CEN2024_Bases-CRUZAMENTOS-GAL.pdf\",\"link_size\":\"large\",\"link_style\":\"primary\",\"link_target\":true,\"link_text\":\"CRUZAMENTOS - DOCUMENTO INFORMATIVO E BASES DE PARTICIPACI\\u00d3N\",\"margin\":\"default\",\"meta_align\":\"below-title\",\"meta_element\":\"div\",\"meta_style\":\"text-meta\",\"text_align\":\"center\",\"title\":\"Inscrici\\u00f3n convocatoria de intercambio CRUZAMENTOS\",\"title_align\":\"top\",\"title_element\":\"h1\",\"title_grid_breakpoint\":\"m\",\"title_grid_width\":\"1-2\",\"title_hover_style\":\"reset\",\"title_style\":\"h1\"}},{\"type\":\"headline\",\"props\":{\"content\":\"FORMULARIO DE INSCRICI\\u00d3N DE PROXECTOS<\\\/p>\",\"margin\":\"large\",\"margin_remove_bottom\":true,\"status\":\"disabled\",\"text_align\":\"center\",\"title_element\":\"h1\",\"title_style\":\"h2\"}},{\"type\":\"icon\",\"props\":{\"icon\":\"warning\",\"icon_color\":\"warning\",\"icon_width\":40,\"margin\":\"small\",\"margin_remove_bottom\":true,\"status\":\"disabled\",\"text_align\":\"center\"}},{\"type\":\"text\",\"props\":{\"column_breakpoint\":\"m\",\"content\":\"\n\n<p>DEBE COMPLETARSE TODA A INFORMACI\\u00d3N SOAMENTE EN CASTEL\\u00c1N.<br \\\/>(Todos os campos son obrigatorios excepto redes sociais e informaci\\u00f3n complementaria)<\\\/p>\",\"margin\":\"default\",\"margin_remove_top\":true,\"status\":\"disabled\",\"text_align\":\"center\",\"text_color\":\"warning\",\"text_style\":\"large\"}},{\"type\":\"html\",\"props\":{\"content\":\"[contact-form-7 id=\\\"418805e\\\" title=\\\"Ficha de inscricion cruces\\\"]\",\"status\":\"disabled\"}}]}]}]}],\"version\":\"4.3.8\"} --><\/p>\n","protected":false},"excerpt":{"rendered":"<p>Inscrici\u00f3n convocatoria de intercambio CRUZAMENTOS O prazo de inscrici\u00f3n de proxectos no programa CRUZAMENTOS de Cami\u00f1o Escena Norte 2024 abranguer\u00e1 do luns 4 de marzo \u00e1s 14.00 h. ao m\u00e9rcores [&hellip;]<\/p>\n","protected":false},"author":1,"featured_media":0,"parent":0,"menu_order":0,"comment_status":"closed","ping_status":"closed","template":"","meta":{"footnotes":""},"class_list":["post-4348","page","type-page","status-publish","hentry"],"yoast_head":"<!-- This site is optimized with the Yoast SEO plugin v27.2 - https:\/\/yoast.com\/product\/yoast-seo-wordpress\/ -->\n<title>Inscrici\u00f3n estancias de intercambio CRUZAMENTOS - Camino Escena Norte<\/title>\n<meta name=\"robots\" content=\"index, follow, max-snippet:-1, max-image-preview:large, max-video-preview:-1\" \/>\n<link rel=\"canonical\" href=\"https:\/\/escenanorte.com\/gl\/inscricion-estancias-de-intercambio-cruzamentos\/\" \/>\n<meta property=\"og:locale\" content=\"gl_ES\" \/>\n<meta property=\"og:type\" content=\"article\" \/>\n<meta property=\"og:title\" content=\"Inscrici\u00f3n estancias de intercambio CRUZAMENTOS - Camino Escena Norte\" \/>\n<meta property=\"og:description\" content=\"Inscrici\u00f3n convocatoria de intercambio CRUZAMENTOS O prazo de inscrici\u00f3n de proxectos no programa CRUZAMENTOS de Cami\u00f1o Escena Norte 2024 abranguer\u00e1 do luns 4 de marzo \u00e1s 14.00 h. ao m\u00e9rcores [&hellip;]\" \/>\n<meta property=\"og:url\" content=\"https:\/\/escenanorte.com\/gl\/inscricion-estancias-de-intercambio-cruzamentos\/\" \/>\n<meta property=\"og:site_name\" content=\"Camino Escena Norte\" \/>\n<meta property=\"article:publisher\" content=\"https:\/\/www.facebook.com\/escenanorte\" \/>\n<meta property=\"article:modified_time\" content=\"2024-04-03T12:02:23+00:00\" \/>\n<meta property=\"og:image\" content=\"https:\/\/escenanorte.com\/wp-content\/uploads\/2025\/06\/AAFF-CEN-ARTE-50X70-AS.jpg\" \/>\n\t<meta property=\"og:image:width\" content=\"1600\" \/>\n\t<meta property=\"og:image:height\" content=\"2233\" \/>\n\t<meta property=\"og:image:type\" content=\"image\/jpeg\" \/>\n<meta name=\"twitter:card\" content=\"summary_large_image\" \/>\n<script type=\"application\/ld+json\" class=\"yoast-schema-graph\">{\"@context\":\"https:\/\/schema.org\",\"@graph\":[{\"@type\":\"WebPage\",\"@id\":\"https:\/\/escenanorte.com\/gl\/inscricion-estancias-de-intercambio-cruzamentos\/\",\"url\":\"https:\/\/escenanorte.com\/gl\/inscricion-estancias-de-intercambio-cruzamentos\/\",\"name\":\"Inscrici\u00f3n estancias de intercambio CRUZAMENTOS - Camino Escena Norte\",\"isPartOf\":{\"@id\":\"https:\/\/escenanorte.com\/gl\/#website\"},\"datePublished\":\"2022-05-09T11:59:00+00:00\",\"dateModified\":\"2024-04-03T12:02:23+00:00\",\"breadcrumb\":{\"@id\":\"https:\/\/escenanorte.com\/gl\/inscricion-estancias-de-intercambio-cruzamentos\/#breadcrumb\"},\"inLanguage\":\"gl-ES\",\"potentialAction\":[{\"@type\":\"ReadAction\",\"target\":[\"https:\/\/escenanorte.com\/gl\/inscricion-estancias-de-intercambio-cruzamentos\/\"]}]},{\"@type\":\"BreadcrumbList\",\"@id\":\"https:\/\/escenanorte.com\/gl\/inscricion-estancias-de-intercambio-cruzamentos\/#breadcrumb\",\"itemListElement\":[{\"@type\":\"ListItem\",\"position\":1,\"name\":\"Portada\",\"item\":\"https:\/\/escenanorte.com\/gl\/\"},{\"@type\":\"ListItem\",\"position\":2,\"name\":\"Inscrici\u00f3n estancias de intercambio CRUZAMENTOS\"}]},{\"@type\":\"WebSite\",\"@id\":\"https:\/\/escenanorte.com\/gl\/#website\",\"url\":\"https:\/\/escenanorte.com\/gl\/\",\"name\":\"Camino Escena Norte\",\"description\":\"Escena Norte\",\"potentialAction\":[{\"@type\":\"SearchAction\",\"target\":{\"@type\":\"EntryPoint\",\"urlTemplate\":\"https:\/\/escenanorte.com\/gl\/?s={search_term_string}\"},\"query-input\":{\"@type\":\"PropertyValueSpecification\",\"valueRequired\":true,\"valueName\":\"search_term_string\"}}],\"inLanguage\":\"gl-ES\"}]}<\/script>\n<!-- \/ Yoast SEO plugin. -->","yoast_head_json":{"title":"Inscrici\u00f3n estancias de intercambio CRUZAMENTOS - Camino Escena Norte","robots":{"index":"index","follow":"follow","max-snippet":"max-snippet:-1","max-image-preview":"max-image-preview:large","max-video-preview":"max-video-preview:-1"},"canonical":"https:\/\/escenanorte.com\/gl\/inscricion-estancias-de-intercambio-cruzamentos\/","og_locale":"gl_ES","og_type":"article","og_title":"Inscrici\u00f3n estancias de intercambio CRUZAMENTOS - Camino Escena Norte","og_description":"Inscrici\u00f3n convocatoria de intercambio CRUZAMENTOS O prazo de inscrici\u00f3n de proxectos no programa CRUZAMENTOS de Cami\u00f1o Escena Norte 2024 abranguer\u00e1 do luns 4 de marzo \u00e1s 14.00 h. ao m\u00e9rcores [&hellip;]","og_url":"https:\/\/escenanorte.com\/gl\/inscricion-estancias-de-intercambio-cruzamentos\/","og_site_name":"Camino Escena Norte","article_publisher":"https:\/\/www.facebook.com\/escenanorte","article_modified_time":"2024-04-03T12:02:23+00:00","og_image":[{"width":1600,"height":2233,"url":"https:\/\/escenanorte.com\/wp-content\/uploads\/2025\/06\/AAFF-CEN-ARTE-50X70-AS.jpg","type":"image\/jpeg"}],"twitter_card":"summary_large_image","schema":{"@context":"https:\/\/schema.org","@graph":[{"@type":"WebPage","@id":"https:\/\/escenanorte.com\/gl\/inscricion-estancias-de-intercambio-cruzamentos\/","url":"https:\/\/escenanorte.com\/gl\/inscricion-estancias-de-intercambio-cruzamentos\/","name":"Inscrici\u00f3n estancias de intercambio CRUZAMENTOS - Camino Escena Norte","isPartOf":{"@id":"https:\/\/escenanorte.com\/gl\/#website"},"datePublished":"2022-05-09T11:59:00+00:00","dateModified":"2024-04-03T12:02:23+00:00","breadcrumb":{"@id":"https:\/\/escenanorte.com\/gl\/inscricion-estancias-de-intercambio-cruzamentos\/#breadcrumb"},"inLanguage":"gl-ES","potentialAction":[{"@type":"ReadAction","target":["https:\/\/escenanorte.com\/gl\/inscricion-estancias-de-intercambio-cruzamentos\/"]}]},{"@type":"BreadcrumbList","@id":"https:\/\/escenanorte.com\/gl\/inscricion-estancias-de-intercambio-cruzamentos\/#breadcrumb","itemListElement":[{"@type":"ListItem","position":1,"name":"Portada","item":"https:\/\/escenanorte.com\/gl\/"},{"@type":"ListItem","position":2,"name":"Inscrici\u00f3n estancias de intercambio CRUZAMENTOS"}]},{"@type":"WebSite","@id":"https:\/\/escenanorte.com\/gl\/#website","url":"https:\/\/escenanorte.com\/gl\/","name":"Camino Escena Norte","description":"Escena Norte","potentialAction":[{"@type":"SearchAction","target":{"@type":"EntryPoint","urlTemplate":"https:\/\/escenanorte.com\/gl\/?s={search_term_string}"},"query-input":{"@type":"PropertyValueSpecification","valueRequired":true,"valueName":"search_term_string"}}],"inLanguage":"gl-ES"}]}},"publishpress_future_action":{"enabled":false,"date":"2026-05-05 13:24:55","action":"change-status","newStatus":"draft","terms":[],"taxonomy":"translation_priority","extraData":[]},"publishpress_future_workflow_manual_trigger":{"enabledWorkflows":[]},"_links":{"self":[{"href":"https:\/\/escenanorte.com\/gl\/wp-json\/wp\/v2\/pages\/4348","targetHints":{"allow":["GET"]}}],"collection":[{"href":"https:\/\/escenanorte.com\/gl\/wp-json\/wp\/v2\/pages"}],"about":[{"href":"https:\/\/escenanorte.com\/gl\/wp-json\/wp\/v2\/types\/page"}],"author":[{"embeddable":true,"href":"https:\/\/escenanorte.com\/gl\/wp-json\/wp\/v2\/users\/1"}],"replies":[{"embeddable":true,"href":"https:\/\/escenanorte.com\/gl\/wp-json\/wp\/v2\/comments?post=4348"}],"version-history":[{"count":35,"href":"https:\/\/escenanorte.com\/gl\/wp-json\/wp\/v2\/pages\/4348\/revisions"}],"predecessor-version":[{"id":60834,"href":"https:\/\/escenanorte.com\/gl\/wp-json\/wp\/v2\/pages\/4348\/revisions\/60834"}],"wp:attachment":[{"href":"https:\/\/escenanorte.com\/gl\/wp-json\/wp\/v2\/media?parent=4348"}],"curies":[{"name":"wp","href":"https:\/\/api.w.org\/{rel}","templated":true}]}}