{"id":1624,"date":"2020-08-28T20:02:50","date_gmt":"2020-08-28T18:02:50","guid":{"rendered":"https:\/\/escenanorte.com\/itinerario-constelacions\/"},"modified":"2025-08-26T13:41:50","modified_gmt":"2025-08-26T11:41:50","slug":"itinerario-constelacions","status":"publish","type":"page","link":"https:\/\/escenanorte.com\/gl\/itinerario-constelacions\/","title":{"rendered":"Itinerario Constelaci\u00f3ns"},"content":{"rendered":"<h1>Itinerario Constelaci\u00f3ns 2025<\/h1>\n<h1>Do 12 de setembro ao 26 de outubro<\/h1>\n<div>\n<p>Eixo vertebrador do proxecto Cami\u00f1o Escena Norte, \u00e9 o itinerario de funci\u00f3ns de artes esc\u00e9nicas que percorrer\u00e1 <span>mais de 60<\/span> sedes nas <span>6<\/span> Comunidades que conforman o territorio cultural com\u00fan creado: Galicia, Principado de Asturias, Cantabria, <span>Euskadi, a Comunidade Foral de Navarra e A Rioxa<\/span>.<\/p>\n<p>Neste <span>2025<\/span> son <span>18<\/span> os espect\u00e1culos en xira que conforman a selecci\u00f3n do noso itinerario, nunha programaci\u00f3n de corte xeneralista na que prima a diversidade de linguaxes, est\u00e9ticas e tipos de p\u00fablico. Unha pequena selecci\u00f3n do mellor das artes esc\u00e9nicas galegas, asturianas, c\u00e1ntabras, <span>vascas, navarras e rioxanas<\/span>. M\u00e1is funci\u00f3ns que nunca na programaci\u00f3n desta <span>7\u00aa<\/span> edici\u00f3n.<\/p>\n<p>Sendo un dos piares do programa a diversidade en formatos, est\u00e9ticas e linguaxes, o censo de espazos \u00e9 tam\u00e9n diverso en tipolox\u00edas.<\/p>\n<p>O mesmo conta con espazos outdoor\/hist\u00f3ricos\/singulares para os espect\u00e1culos adaptables e sen grandes necesidades t\u00e9cnicas, pero Cami\u00f1o Escena Norte necesita tam\u00e9n teatros, auditorios e outros espazos esc\u00e9nicos perfectamente equipados para a programaci\u00f3n de espect\u00e1culos de gran formato e \u00e1 italiana.<\/p>\n<p>Para ordenar esta diversidade de espazos nas <span>6<\/span> Comunidades, recollemos o concepto das constelaci\u00f3ns, como gu\u00edas e acompa\u00f1antes tam\u00e9n de quen percorre os Cami\u00f1os a Santiago.<\/p>\n<\/div>\n<div>\n<\/div>\n<p><!--more--><br \/>\n<!-- {\"type\":\"layout\",\"children\":[{\"name\":\"Cabeceira Itinerario\",\"type\":\"section\",\"props\":{\"animation\":\"fade\",\"header_transparent\":true,\"header_transparent_noplaceholder\":false,\"header_transparent_text_color\":\"light\",\"image\":\"wp-content\\\/uploads\\\/2025\\\/07\\\/SONANDO-A-LORCA-1o-scaled.jpeg\",\"image_effect\":\"fixed\",\"image_position\":\"center-center\",\"image_size\":\"cover\",\"media_overlay\":\"rgba(75, 6, 75, 0.75)\",\"overlap\":true,\"padding_remove_top\":false,\"preserve_color\":true,\"style\":\"secondary\",\"title_breakpoint\":\"xl\",\"title_position\":\"top-left\",\"title_rotation\":\"left\",\"vertical_align\":\"\",\"width\":\"xlarge\"},\"children\":[{\"type\":\"row\",\"children\":[{\"type\":\"column\",\"props\":{\"image_position\":\"center-center\",\"position_sticky_breakpoint\":\"m\",\"vertical_align\":\"bottom\",\"width_medium\":\"1-1\"},\"children\":[{\"type\":\"headline\",\"props\":{\"content\":\"Itinerario Constelaci\\u00f3ns 2025\",\"css\":\".el-element {\\n color: #DA1884\\n}\",\"margin_remove_bottom\":true,\"maxwidth_breakpoint\":\"m\",\"title_color\":\"primary\",\"title_element\":\"h1\",\"title_style\":\"heading-medium\"}},{\"type\":\"headline\",\"props\":{\"content\":\"Do 12 de setembro ao 26 de outubro\",\"margin\":\"small\",\"margin_remove_top\":false,\"title_color\":\"success\",\"title_element\":\"h1\"}},{\"type\":\"text\",\"props\":{\"column_breakpoint\":\"m\",\"content\":\"\n\n<p>Eixo vertebrador do proxecto Cami\\u00f1o Escena Norte, \\u00e9 o itinerario de funci\\u00f3ns de artes esc\\u00e9nicas que percorrer\\u00e1 <span>mais de 60<\\\/span> sedes nas <span>6<\\\/span> Comunidades que conforman o territorio cultural com\\u00fan creado: Galicia, Principado de Asturias, Cantabria, <span>Euskadi, a Comunidade Foral de Navarra e A Rioxa<\\\/span>.<\\\/p>\\n\n\n<p>Neste <span>2025<\\\/span> son <span>18<\\\/span> os espect\\u00e1culos en xira que conforman a selecci\\u00f3n do noso itinerario, nunha programaci\\u00f3n de corte xeneralista na que prima a diversidade de linguaxes, est\\u00e9ticas e tipos de p\\u00fablico. Unha pequena selecci\\u00f3n do mellor das artes esc\\u00e9nicas galegas, asturianas, c\\u00e1ntabras, <span>vascas, navarras e rioxanas<\\\/span>. M\\u00e1is funci\\u00f3ns que nunca na programaci\\u00f3n desta <span>7\\u00aa<\\\/span> edici\\u00f3n.<\\\/p>\\n\n\n<p>Sendo un dos piares do programa a diversidade en formatos, est\\u00e9ticas e linguaxes, o censo de espazos \\u00e9 tam\\u00e9n diverso en tipolox\\u00edas.<\\\/p>\\n\n\n<p>O mesmo conta con espazos outdoor\\\/hist\\u00f3ricos\\\/singulares para os espect\\u00e1culos adaptables e sen grandes necesidades t\\u00e9cnicas, pero Cami\\u00f1o Escena Norte necesita tam\\u00e9n teatros, auditorios e outros espazos esc\\u00e9nicos perfectamente equipados para a programaci\\u00f3n de espect\\u00e1culos de gran formato e \\u00e1 italiana.<\\\/p>\\n\n\n<p>Para ordenar esta diversidade de espazos nas <span>6<\\\/span> Comunidades, recollemos o concepto das constelaci\\u00f3ns, como gu\\u00edas e acompa\\u00f1antes tam\\u00e9n de quen percorre os Cami\\u00f1os a Santiago.<\\\/p>\",\"css\":\".el-element {\\n    color: white;\\n}\",\"margin\":\"default\",\"margin_remove_top\":false,\"text_style\":\"large\"}},{\"name\":\"Espect\\u00e1culos 2025\",\"type\":\"gallery\",\"props\":{\"content_display\":\"item\",\"content_margin\":\"remove\",\"content_style\":\"h4\",\"filter_align\":\"left\",\"filter_all\":true,\"filter_grid_breakpoint\":\"m\",\"filter_grid_width\":\"auto\",\"filter_position\":\"top\",\"filter_style\":\"tab\",\"grid_column_gap\":\"small\",\"grid_default\":\"1\",\"grid_divider\":false,\"grid_medium\":\"3\",\"grid_parallax\":\"0\",\"grid_row_gap\":\"small\",\"image_height\":\"720\",\"image_transition\":\"scale-up\",\"image_width\":\"1280\",\"item_animation\":true,\"lightbox\":false,\"lightbox_bg_close\":true,\"lightbox_image_height\":\"720\",\"lightbox_image_width\":\"1280\",\"link_margin\":\"small\",\"link_size\":\"small\",\"link_style\":\"primary\",\"link_text\":\"\",\"margin\":\"medium\",\"meta_align\":\"above-title\",\"meta_element\":\"div\",\"meta_margin\":\"remove\",\"meta_style\":\"text-meta\",\"overlay_hover\":true,\"overlay_link\":true,\"overlay_mode\":\"caption\",\"overlay_padding\":\"small\",\"overlay_position\":\"bottom\",\"overlay_style\":\"tile-default\",\"overlay_transition\":\"slide-bottom-medium\",\"overlay_transition_background\":false,\"parallax_easing\":\"1\",\"show_content\":true,\"show_hover_image\":false,\"show_hover_video\":false,\"show_link\":true,\"show_meta\":true,\"show_title\":true,\"text_align\":\"left\",\"text_color\":\"light\",\"text_color_hover\":false,\"title_color\":\"primary\",\"title_decoration\":\"bullet\",\"title_element\":\"h3\",\"title_hover_style\":\"reset\",\"title_margin\":\"remove\",\"title_style\":\"h5\"},\"children\":[{\"type\":\"gallery_item\",\"source\":{\"query\":{\"name\":\"posts.customPosts\",\"arguments\":{\"terms\":[256],\"category_operator\":\"IN\",\"post_tag_operator\":\"IN\",\"users\":[],\"users_operator\":\"IN\",\"offset\":0,\"limit\":18,\"order\":\"date\",\"order_direction\":\"ASC\"}},\"props\":{\"content\":{\"name\":\"title\"},\"title\":{\"arguments\":{\"separator\":\", \",\"show_link\":true,\"link_style\":\"\"},\"name\":\"post_tagString\"},\"image\":{\"name\":\"featuredImage.url\"},\"link\":{\"name\":\"link\"}}}}]}]}]}]},{\"type\":\"section\",\"props\":{\"image_position\":\"center-center\",\"status\":\"disabled\",\"style\":\"default\",\"title_breakpoint\":\"xl\",\"title_position\":\"top-left\",\"title_rotation\":\"left\",\"vertical_align\":\"\",\"width\":\"default\"},\"children\":[{\"type\":\"row\",\"children\":[{\"type\":\"column\",\"props\":{\"image_position\":\"center-center\",\"position_sticky_breakpoint\":\"m\",\"width_medium\":\"1-1\"},\"children\":[{\"type\":\"text\",\"props\":{\"column_breakpoint\":\"m\",\"content\":\"\n\n<p>Para ordenar esta diversidade de espazos nas cinco Comunidades, recollemos o concepto das constelaci\\u00f3ns, como gu\\u00edas e acompa\\u00f1antes tam\\u00e9n de quen percorre os Cami\\u00f1os a Santiago.<\\\/p>\\n\n\n<p>As Itinerario Constelaci\\u00f3ns div\\u00eddese en:<\\\/p>\",\"margin\":\"default\",\"margin_remove_top\":false,\"text_style\":\"large\"}},{\"type\":\"headline\",\"props\":{\"content\":\"\n\n<p>Constelaci\\u00f3ns Escenario<\\\/p>\",\"title_color\":\"danger\",\"title_element\":\"h1\"}},{\"type\":\"text\",\"props\":{\"column_breakpoint\":\"m\",\"content\":\"\n\n<p>Os espazos esc\\u00e9nicos \\u00e1 italiana: teatros, auditorios, centros culturais onde te\\u00f1en lugar os espect\\u00e1culos de programaci\\u00f3n de sala.<\\\/p>\",\"margin\":\"default\",\"margin_remove_top\":false,\"text_style\":\"large\"}},{\"type\":\"description_list\",\"props\":{\"column_breakpoint\":\"m\",\"layout\":\"stacked\",\"list_element\":\"ul\",\"meta_align\":\"below-content\",\"meta_style\":\"text-meta\",\"show_content\":true,\"show_link\":false,\"show_meta\":false,\"show_title\":true,\"title_color\":\"danger\",\"title_element\":\"h3\",\"title_grid_column_gap\":\"medium\",\"title_grid_row_gap\":\"medium\",\"title_grid_width\":\"small\",\"title_style\":\"h3\"},\"children\":[{\"type\":\"description_list_item\",\"props\":{\"content\":\"\n\n<ul>\\n\n\n<li class=\\\"p1\\\">LUGO: Auditorio Gustavo Freire.<\\\/li>\\n\n\n<li class=\\\"p1\\\">RIBADEO: Auditorio Hern\\u00e1n Naval.<\\\/li>\\n\n\n<li class=\\\"p1\\\">VIVEIRO: Teatro Pastor D\\u00edaz.<\\\/li>\\n\n\n<li class=\\\"p1\\\">AMES: Auditorio Municipal.<\\\/li>\\n\n\n<li class=\\\"p1\\\">CARBALLO: Pazo da Cultura.<\\\/li>\\n\n\n<li class=\\\"p1\\\">MELIDE: Auditorio Centro Sociocultural.<\\\/li>\\n\n\n<li class=\\\"p1\\\">VIMIANZO: Auditorio Casa da Cultura.<\\\/li>\\n\n\n<li class=\\\"p1\\\">OUTES: Auditorio Casa da Cultura<\\\/li>\\n\n\n<li class=\\\"p1\\\">VILALBA: Auditorio Municipal Carmen Est\\u00e9vez.<\\\/li>\\n<\\\/ul>\",\"title\":\"Galicia\"}},{\"type\":\"description_list_item\",\"props\":{\"content\":\"\n\n<ul>\\n\n\n<li class=\\\"p1\\\">XIX\\u00d3N: Teatro La Laboral.<\\\/li>\\n\n\n<li class=\\\"p1\\\">VILLAVICIOSA: Teatro Riera.<\\\/li>\\n\n\n<li class=\\\"p1\\\">AVIL\\u00c9S: C.C. Los Canap\\u00e9s.<\\\/li>\\n\n\n<li class=\\\"p1\\\">OVIEDO: Teatro Filarm\\u00f3nica.<\\\/li>\\n\n\n<li class=\\\"p1\\\">NAVIA: Teatro Fantasio.<\\\/li>\\n\n\n<li class=\\\"p1\\\">VEGADEO: Auditorio Casa de Cultura.<\\\/li>\\n\n\n<li class=\\\"p1\\\">MIERES: Auditorio Municipal Teodoro Cuesta.<\\\/li>\\n\n\n<li class=\\\"p1\\\">CORVERA: Teatro El LLar.<\\\/li>\\n\n\n<li class=\\\"p1\\\">SOTO DEL BARCO: Teatro Clar\\u00edn.<\\\/li>\\n<\\\/ul>\",\"title\":\"Asturias\"}},{\"type\":\"description_list_item\",\"props\":{\"content\":\"\n\n<ul>\\n\n\n<li class=\\\"p1\\\">SAN VICENTE DE LA BARQUERA: Auditorio David Bustamante.<\\\/li>\\n\n\n<li class=\\\"p1\\\">SANTO\\u00d1A: Teatro Casino Liceo.<\\\/li>\\n\n\n<li class=\\\"p1\\\">MEDIO CUDEYO: Auditorio C.C. Ram\\u00f3n Pelayo.<\\\/li>\\n\n\n<li class=\\\"p1\\\">MARINA DE CUDEYO: Teatro Antigas Escolas de Orejo.<\\\/li>\\n\n\n<li class=\\\"p1\\\">LAREDO: Auditorio Casa de Cultura Doctor Velasco.<\\\/li>\\n\n\n<li class=\\\"p1\\\">CABEZ\\u00d3N DE LA SAL: Espazo Esc\\u00e9nico Santiago Galas.<\\\/li>\\n\n\n<li class=\\\"p1\\\">SANTANDER: Sala Pereda, Palacio de Festivais.<\\\/li>\\n\n\n<li class=\\\"p1\\\">TORRELAVEGA: Teatro Municipal Concha Espina.<\\\/li>\\n\n\n<li class=\\\"p1\\\">UNQUERA, VAL DE SAN VICENTE: Auditorio Bajo Deva.<\\\/li>\\n\n\n<li class=\\\"p1\\\">LOS CORRALES DE BUELNA: Teatro Municipal.<\\\/li>\\n<\\\/ul>\",\"title\":\"Cantabria\"}},{\"type\":\"description_list_item\",\"props\":{\"content\":\"\n\n<ul>\\n\n\n<li>HONDARRIBIA: Auditorio Itsas Etxea.<\\\/li>\\n\n\n<li class=\\\"p1\\\">MUSKIZ: Teatro\\\/Cine Meatzari Aretoa.<\\\/li>\\n\n\n<li class=\\\"p1\\\">ELORRIO: Teatro Arriola.<\\\/li>\\n\n\n<li class=\\\"p1\\\">BILBAO: Harrobia Eskena.<\\\/li>\\n\n\n<li class=\\\"p1\\\">EIBAR: Teatro Koliseo.<\\\/li>\\n\n\n<li class=\\\"p1\\\">ZARAUTZ: Modelo Aretoa.<\\\/li>\\n\n\n<li class=\\\"p1\\\">ZIGOITIA: Centro Sociocultural.<\\\/li>\\n\n\n<li class=\\\"p1\\\">ZUMAIA: Aita Mari Aretoa.<\\\/li>\\n<\\\/ul>\",\"title\":\"Euskadi\"}},{\"type\":\"description_list_item\",\"props\":{\"content\":\"\n\n<ul>\\n\n\n<li class=\\\"p1\\\">ALSASUA: Centro Cultural Iortia.<\\\/li>\\n\n\n<li class=\\\"p1\\\">AZAGRA: Sal\\u00f3n de Actos do CP Francisco Arbeloa e IESO Reyno.<\\\/li>\\n\n\n<li class=\\\"p1\\\">ARANGUREN: Auditorio da Casa de Cultura.<\\\/li>\\n\n\n<li class=\\\"p1\\\">VILLAVA: Casa de Cultura.<\\\/li>\\n\n\n<li class=\\\"p1\\\">TAFALLA: Centro Cultural Tafalla Kulturgunea.<\\\/li>\\n\n\n<li class=\\\"p1\\\">ZIZUR MAYOR: Auditorio da Casa de Cultura.<\\\/li>\\n<\\\/ul>\",\"title\":\"Comunidade Foral de Navarra\"}}]}]}]}]},{\"type\":\"section\",\"props\":{\"image_position\":\"center-center\",\"overlap\":true,\"padding_remove_top\":true,\"status\":\"disabled\",\"style\":\"default\",\"title_breakpoint\":\"xl\",\"title_position\":\"top-left\",\"title_rotation\":\"left\",\"vertical_align\":\"\",\"width\":\"default\"},\"children\":[{\"type\":\"row\",\"children\":[{\"type\":\"column\",\"props\":{\"image_position\":\"center-center\",\"position_sticky_breakpoint\":\"m\",\"width_medium\":\"1-1\"},\"children\":[{\"type\":\"headline\",\"props\":{\"content\":\"Constelaci\\u00f3ns Patrimonio\",\"title_color\":\"success\",\"title_element\":\"h1\"}},{\"type\":\"text\",\"props\":{\"column_breakpoint\":\"m\",\"content\":\"\n\n<p>Os <i>site specific<\\\/i> (interiores ou r\\u00faa), espazos de alto interese patrimonial e hist\\u00f3rico onde te\\u00f1en lugar os espect\\u00e1culos adaptables t\\u00e9cnica e tem\\u00e1ticamente \\u00e1 contorna*.<\\\/p>\",\"margin\":\"default\",\"margin_remove_top\":false,\"text_style\":\"large\"}},{\"type\":\"description_list\",\"props\":{\"column_breakpoint\":\"m\",\"layout\":\"stacked\",\"list_element\":\"ul\",\"meta_align\":\"below-content\",\"meta_style\":\"text-meta\",\"show_content\":true,\"show_link\":false,\"show_meta\":false,\"show_title\":true,\"title_color\":\"success\",\"title_element\":\"h3\",\"title_grid_column_gap\":\"medium\",\"title_grid_row_gap\":\"medium\",\"title_grid_width\":\"small\",\"title_style\":\"h3\"},\"children\":[{\"type\":\"description_list_item\",\"props\":{\"content\":\"\n\n<ul>\\n\n\n<li class=\\\"p1\\\">ARZ\\u00daA: Capela da Madanela.<\\\/li>\\n\n\n<li class=\\\"p1\\\">SANTIAGO DE COMPOSTELA: Praza da Quintana<\\\/li>\\n\n\n<li class=\\\"p1\\\">FOZ: Praza Conde de Fontao<\\\/li>\\n\n\n<li class=\\\"p1\\\">SOBRADO DOS MONXES: Mosteiro de Santa Mar\\u00eda.<\\\/li>\\n<\\\/ul>\",\"title\":\"Galicia\"}},{\"type\":\"description_list_item\",\"props\":{\"content\":\"\n\n<ul>\\n\n\n<li class=\\\"p1\\\">RIBADESELLA: Cuevona de Ardines-CAR Tito Bustillo.<\\\/li>\\n\n\n<li class=\\\"p1\\\">LLANES: Casino.<\\\/li>\\n\n\n<li class=\\\"p1\\\">LLANERA: Espazo Esc\\u00e9nico Praza da Habana.<\\\/li>\\n<\\\/ul>\",\"title\":\"Asturias\"}},{\"type\":\"description_list_item\",\"props\":{\"content\":\"\n\n<ul>\\n\n\n<li class=\\\"p1\\\">COMILLAS: Parque de Sobrellano<\\\/li>\\n\n\n<li class=\\\"p1\\\">CASTRO URDIALES: Castillo-Faro.<\\\/li>\\n\n\n<li class=\\\"p1\\\">POTES: Habario de Pendes.<\\\/li>\\n<\\\/ul>\",\"title\":\"Cantabria\"}},{\"type\":\"description_list_item\",\"props\":{\"content\":\"\n\n<ul>\\n\n\n<li class=\\\"p1\\\">GERNIKA: Fonte de Mercurio.<\\\/li>\\n\n\n<li class=\\\"p1\\\">MUTRIKU: Praza Zabiel.<\\\/li>\\n\n\n<li class=\\\"p1\\\">VITORIA-GASTEIZ: Praza da Catedral.<\\\/li>\\n\n\n<li class=\\\"p1\\\">AGURAIN: Praza de San Xo\\u00e1n.<\\\/li>\\n\n\n<li class=\\\"p1\\\">LABASTIDA: Praza da Paz.<\\\/li>\\n<\\\/ul>\",\"title\":\"Euskadi\"}},{\"type\":\"description_list_item\",\"props\":{\"content\":\"\n\n<ul>\\n\n\n<li class=\\\"p1\\\">VIANA: Praza das Ru\\u00ednas Igrexa de San Pedro e Xard\\u00edns de Serrat.<\\\/li>\\n\n\n<li class=\\\"p1\\\">SANG\\u00dcESA: Auditorio del Carmen.<\\\/li>\\n\n\n<li class=\\\"p1\\\">PAMPLONA: Cidadela.<\\\/li>\\n<\\\/ul>\",\"title\":\"Comunidade Foral de Navarra\"}}]},{\"type\":\"text\",\"props\":{\"column_breakpoint\":\"m\",\"content\":\"\n\n<p>*C\\u00f3ntase sempre cun plan B no caso das funci\\u00f3ns en exterior<\\\/p>\",\"margin\":\"default\",\"text_style\":\"small\"}}]}]}]}],\"version\":\"4.5.24\"} --><\/p>\n","protected":false},"excerpt":{"rendered":"<p>Itinerario Constelaci\u00f3ns 2025 Do 12 de setembro ao 26 de outubro Eixo vertebrador do proxecto Cami\u00f1o Escena Norte, \u00e9 o itinerario de funci\u00f3ns de artes esc\u00e9nicas que percorrer\u00e1 mais de [&hellip;]<\/p>\n","protected":false},"author":1,"featured_media":0,"parent":0,"menu_order":0,"comment_status":"closed","ping_status":"closed","template":"","meta":{"footnotes":""},"class_list":["post-1624","page","type-page","status-publish","hentry"],"yoast_head":"<!-- This site is optimized with the Yoast SEO plugin v27.2 - https:\/\/yoast.com\/product\/yoast-seo-wordpress\/ -->\n<title>Itinerario Constelaci\u00f3ns - Camino Escena Norte<\/title>\n<meta name=\"robots\" content=\"index, follow, max-snippet:-1, max-image-preview:large, max-video-preview:-1\" \/>\n<link rel=\"canonical\" href=\"https:\/\/escenanorte.com\/gl\/itinerario-constelacions\/\" \/>\n<meta property=\"og:locale\" content=\"gl_ES\" \/>\n<meta property=\"og:type\" content=\"article\" \/>\n<meta property=\"og:title\" content=\"Itinerario Constelaci\u00f3ns - Camino Escena Norte\" \/>\n<meta property=\"og:description\" content=\"Itinerario Constelaci\u00f3ns 2025 Do 12 de setembro ao 26 de outubro Eixo vertebrador do proxecto Cami\u00f1o Escena Norte, \u00e9 o itinerario de funci\u00f3ns de artes esc\u00e9nicas que percorrer\u00e1 mais de [&hellip;]\" \/>\n<meta property=\"og:url\" content=\"https:\/\/escenanorte.com\/gl\/itinerario-constelacions\/\" \/>\n<meta property=\"og:site_name\" content=\"Camino Escena Norte\" \/>\n<meta property=\"article:publisher\" content=\"https:\/\/www.facebook.com\/escenanorte\" \/>\n<meta property=\"article:modified_time\" content=\"2025-08-26T11:41:50+00:00\" \/>\n<meta property=\"og:image\" content=\"https:\/\/escenanorte.com\/wp-content\/uploads\/2025\/06\/AAFF-CEN-ARTE-50X70-AS.jpg\" \/>\n\t<meta property=\"og:image:width\" content=\"1600\" \/>\n\t<meta property=\"og:image:height\" content=\"2233\" \/>\n\t<meta property=\"og:image:type\" content=\"image\/jpeg\" \/>\n<meta name=\"twitter:card\" content=\"summary_large_image\" \/>\n<meta name=\"twitter:label1\" content=\"Tempo de lectura\" \/>\n\t<meta name=\"twitter:data1\" content=\"1 minuto\" \/>\n<script type=\"application\/ld+json\" class=\"yoast-schema-graph\">{\"@context\":\"https:\/\/schema.org\",\"@graph\":[{\"@type\":\"WebPage\",\"@id\":\"https:\/\/escenanorte.com\/gl\/itinerario-constelacions\/\",\"url\":\"https:\/\/escenanorte.com\/gl\/itinerario-constelacions\/\",\"name\":\"Itinerario Constelaci\u00f3ns - Camino Escena Norte\",\"isPartOf\":{\"@id\":\"https:\/\/escenanorte.com\/gl\/#website\"},\"datePublished\":\"2020-08-28T18:02:50+00:00\",\"dateModified\":\"2025-08-26T11:41:50+00:00\",\"breadcrumb\":{\"@id\":\"https:\/\/escenanorte.com\/gl\/itinerario-constelacions\/#breadcrumb\"},\"inLanguage\":\"gl-ES\",\"potentialAction\":[{\"@type\":\"ReadAction\",\"target\":[\"https:\/\/escenanorte.com\/gl\/itinerario-constelacions\/\"]}]},{\"@type\":\"BreadcrumbList\",\"@id\":\"https:\/\/escenanorte.com\/gl\/itinerario-constelacions\/#breadcrumb\",\"itemListElement\":[{\"@type\":\"ListItem\",\"position\":1,\"name\":\"Portada\",\"item\":\"https:\/\/escenanorte.com\/gl\/\"},{\"@type\":\"ListItem\",\"position\":2,\"name\":\"Itinerario Constelaci\u00f3ns\"}]},{\"@type\":\"WebSite\",\"@id\":\"https:\/\/escenanorte.com\/gl\/#website\",\"url\":\"https:\/\/escenanorte.com\/gl\/\",\"name\":\"Camino Escena Norte\",\"description\":\"Escena Norte\",\"potentialAction\":[{\"@type\":\"SearchAction\",\"target\":{\"@type\":\"EntryPoint\",\"urlTemplate\":\"https:\/\/escenanorte.com\/gl\/?s={search_term_string}\"},\"query-input\":{\"@type\":\"PropertyValueSpecification\",\"valueRequired\":true,\"valueName\":\"search_term_string\"}}],\"inLanguage\":\"gl-ES\"}]}<\/script>\n<!-- \/ Yoast SEO plugin. -->","yoast_head_json":{"title":"Itinerario Constelaci\u00f3ns - Camino Escena Norte","robots":{"index":"index","follow":"follow","max-snippet":"max-snippet:-1","max-image-preview":"max-image-preview:large","max-video-preview":"max-video-preview:-1"},"canonical":"https:\/\/escenanorte.com\/gl\/itinerario-constelacions\/","og_locale":"gl_ES","og_type":"article","og_title":"Itinerario Constelaci\u00f3ns - Camino Escena Norte","og_description":"Itinerario Constelaci\u00f3ns 2025 Do 12 de setembro ao 26 de outubro Eixo vertebrador do proxecto Cami\u00f1o Escena Norte, \u00e9 o itinerario de funci\u00f3ns de artes esc\u00e9nicas que percorrer\u00e1 mais de [&hellip;]","og_url":"https:\/\/escenanorte.com\/gl\/itinerario-constelacions\/","og_site_name":"Camino Escena Norte","article_publisher":"https:\/\/www.facebook.com\/escenanorte","article_modified_time":"2025-08-26T11:41:50+00:00","og_image":[{"width":1600,"height":2233,"url":"https:\/\/escenanorte.com\/wp-content\/uploads\/2025\/06\/AAFF-CEN-ARTE-50X70-AS.jpg","type":"image\/jpeg"}],"twitter_card":"summary_large_image","twitter_misc":{"Tempo de lectura":"1 minuto"},"schema":{"@context":"https:\/\/schema.org","@graph":[{"@type":"WebPage","@id":"https:\/\/escenanorte.com\/gl\/itinerario-constelacions\/","url":"https:\/\/escenanorte.com\/gl\/itinerario-constelacions\/","name":"Itinerario Constelaci\u00f3ns - Camino Escena Norte","isPartOf":{"@id":"https:\/\/escenanorte.com\/gl\/#website"},"datePublished":"2020-08-28T18:02:50+00:00","dateModified":"2025-08-26T11:41:50+00:00","breadcrumb":{"@id":"https:\/\/escenanorte.com\/gl\/itinerario-constelacions\/#breadcrumb"},"inLanguage":"gl-ES","potentialAction":[{"@type":"ReadAction","target":["https:\/\/escenanorte.com\/gl\/itinerario-constelacions\/"]}]},{"@type":"BreadcrumbList","@id":"https:\/\/escenanorte.com\/gl\/itinerario-constelacions\/#breadcrumb","itemListElement":[{"@type":"ListItem","position":1,"name":"Portada","item":"https:\/\/escenanorte.com\/gl\/"},{"@type":"ListItem","position":2,"name":"Itinerario Constelaci\u00f3ns"}]},{"@type":"WebSite","@id":"https:\/\/escenanorte.com\/gl\/#website","url":"https:\/\/escenanorte.com\/gl\/","name":"Camino Escena Norte","description":"Escena Norte","potentialAction":[{"@type":"SearchAction","target":{"@type":"EntryPoint","urlTemplate":"https:\/\/escenanorte.com\/gl\/?s={search_term_string}"},"query-input":{"@type":"PropertyValueSpecification","valueRequired":true,"valueName":"search_term_string"}}],"inLanguage":"gl-ES"}]}},"publishpress_future_action":{"enabled":false,"date":"2026-04-30 18:46:17","action":"change-status","newStatus":"draft","terms":[],"taxonomy":"translation_priority","extraData":[]},"publishpress_future_workflow_manual_trigger":{"enabledWorkflows":[]},"_links":{"self":[{"href":"https:\/\/escenanorte.com\/gl\/wp-json\/wp\/v2\/pages\/1624","targetHints":{"allow":["GET"]}}],"collection":[{"href":"https:\/\/escenanorte.com\/gl\/wp-json\/wp\/v2\/pages"}],"about":[{"href":"https:\/\/escenanorte.com\/gl\/wp-json\/wp\/v2\/types\/page"}],"author":[{"embeddable":true,"href":"https:\/\/escenanorte.com\/gl\/wp-json\/wp\/v2\/users\/1"}],"replies":[{"embeddable":true,"href":"https:\/\/escenanorte.com\/gl\/wp-json\/wp\/v2\/comments?post=1624"}],"version-history":[{"count":63,"href":"https:\/\/escenanorte.com\/gl\/wp-json\/wp\/v2\/pages\/1624\/revisions"}],"predecessor-version":[{"id":77021,"href":"https:\/\/escenanorte.com\/gl\/wp-json\/wp\/v2\/pages\/1624\/revisions\/77021"}],"wp:attachment":[{"href":"https:\/\/escenanorte.com\/gl\/wp-json\/wp\/v2\/media?parent=1624"}],"curies":[{"name":"wp","href":"https:\/\/api.w.org\/{rel}","templated":true}]}}