{"id":142,"date":"2020-08-19T00:45:57","date_gmt":"2020-08-18T22:45:57","guid":{"rendered":"http:\/\/escenaf.cluster028.hosting.ovh.net\/index.php\/sobre-el-proyecto\/"},"modified":"2025-08-26T13:41:14","modified_gmt":"2025-08-26T11:41:14","slug":"sobre-el-proyecto","status":"publish","type":"page","link":"https:\/\/escenanorte.com\/gl\/sobre-el-proyecto\/","title":{"rendered":"Sobre o proxecto"},"content":{"rendered":"<h1>Sobre o proxecto<\/h1>\n<div>\n<p><strong>Cami\u00f1o Escena Norte <\/strong>\u00e9 un proxecto de intercambio cultural por medio das artes esc\u00e9nicas entre Galicia, Asturias, Cantabria, Euskadi, Navarra e A Rioxa que, promovido polas asociaci\u00f3ns Escena Galega, EscenAsturias, Acepae<span>, Eskena, Escena Navarra e aescena<\/span> , despregar\u00e1 este <span>2025<\/span> unha intensa programaci\u00f3n de actividades en 6<span>0<\/span> sedes destas <span>6<\/span> Comunidades, por medio do circu\u00edto de teatro, danza e novo circo Itinerario Constelaci\u00f3ns e da programaci\u00f3n expandida Cami\u00f1o Expandido, con encontros, obradoiros, acci\u00f3ns de formaci\u00f3n ou estancias de creaci\u00f3n art\u00edstica.<\/p>\n<\/div>\n<p><img decoding=\"async\" src=\"\/wp-content\/uploads\/2021\/08\/logoCenXenerico.png\" alt=\"\"><br \/>\n<img decoding=\"async\" src=\"\/wp-content\/uploads\/2025\/02\/Estrutura-do-proxecto.jpg\" alt=\"\"><\/p>\n<p><!--more--><br \/>\n<!-- {\"type\":\"layout\",\"children\":[{\"name\":\"Proyecto\",\"type\":\"section\",\"props\":{\"animation\":\"fade\",\"header_transparent\":true,\"header_transparent_noplaceholder\":false,\"header_transparent_text_color\":\"light\",\"image\":\"wp-content\\\/uploads\\\/2025\\\/07\\\/01-espectaculo-tA-fotografia-Belen-de-Benito-scaled.jpg\",\"image_effect\":\"fixed\",\"image_position\":\"center-center\",\"image_size\":\"cover\",\"media_overlay\":\"rgba(8, 70, 126, 0.6)\",\"overlap\":true,\"padding_remove_top\":false,\"preserve_color\":true,\"style\":\"secondary\",\"title_breakpoint\":\"xl\",\"title_position\":\"top-left\",\"title_rotation\":\"left\",\"vertical_align\":\"\",\"width\":\"xlarge\"},\"children\":[{\"type\":\"row\",\"props\":{\"layout\":\"3-4,1-4\"},\"children\":[{\"type\":\"column\",\"props\":{\"image_position\":\"center-center\",\"position_sticky_breakpoint\":\"m\",\"vertical_align\":\"bottom\",\"width_medium\":\"3-4\"},\"children\":[{\"type\":\"headline\",\"props\":{\"content\":\"Sobre o proxecto\",\"css\":\".el-element {\\n color: #DA1884\\n}\",\"maxwidth_breakpoint\":\"m\",\"title_color\":\"primary\",\"title_element\":\"h1\",\"title_style\":\"heading-medium\"}},{\"type\":\"text\",\"props\":{\"column_breakpoint\":\"m\",\"content\":\"\n\n<p><strong>Cami\\u00f1o Escena Norte <\\\/strong>\\u00e9 un proxecto de intercambio cultural por medio das artes esc\\u00e9nicas entre Galicia, Asturias, Cantabria, Euskadi, Navarra e A Rioxa que, promovido polas asociaci\\u00f3ns Escena Galega, EscenAsturias, Acepae<span>, Eskena, Escena Navarra e aescena<\\\/span> , despregar\\u00e1 este <span>2025<\\\/span> unha intensa programaci\\u00f3n de actividades en 6<span>0<\\\/span> sedes destas <span>6<\\\/span> Comunidades, por medio do circu\\u00edto de teatro, danza e novo circo Itinerario Constelaci\\u00f3ns e da programaci\\u00f3n expandida Cami\\u00f1o Expandido, con encontros, obradoiros, acci\\u00f3ns de formaci\\u00f3n ou estancias de creaci\\u00f3n art\\u00edstica.<\\\/p>\",\"css\":\".el-element {\\n    color: white;\\n}\",\"margin\":\"default\",\"margin_remove_top\":false,\"text_style\":\"large\"}}]},{\"type\":\"column\",\"props\":{\"image_position\":\"center-center\",\"position_sticky_breakpoint\":\"m\",\"width_medium\":\"1-4\"},\"children\":[{\"type\":\"image\",\"props\":{\"animation\":\"scale-up\",\"image\":\"wp-content\\\/uploads\\\/2021\\\/08\\\/logoCenXenerico.png\",\"image_height\":\"400\",\"image_svg_color\":\"emphasis\",\"image_svg_inline\":false,\"margin\":\"default\",\"text_align\":\"center\",\"visibility\":\"m\"}}]}]}]},{\"type\":\"section\",\"props\":{\"image_position\":\"center-center\",\"overlap\":true,\"style\":\"default\",\"title_breakpoint\":\"xl\",\"title_position\":\"top-left\",\"title_rotation\":\"left\",\"vertical_align\":\"\",\"width\":\"default\"},\"children\":[{\"type\":\"row\",\"children\":[{\"type\":\"column\",\"props\":{\"image_position\":\"center-center\",\"position_sticky_breakpoint\":\"m\"},\"children\":[{\"type\":\"image\",\"props\":{\"image\":\"wp-content\\\/uploads\\\/2025\\\/02\\\/Estrutura-do-proxecto.jpg\",\"image_svg_color\":\"emphasis\",\"margin\":\"default\"}}]}]}]}],\"version\":\"4.5.24\"} --><\/p>\n","protected":false},"excerpt":{"rendered":"<p>Sobre o proxecto Cami\u00f1o Escena Norte \u00e9 un proxecto de intercambio cultural por medio das artes esc\u00e9nicas entre Galicia, Asturias, Cantabria, Euskadi, Navarra e A Rioxa que, promovido polas asociaci\u00f3ns [&hellip;]<\/p>\n","protected":false},"author":1,"featured_media":0,"parent":0,"menu_order":0,"comment_status":"closed","ping_status":"closed","template":"","meta":{"footnotes":""},"class_list":["post-142","page","type-page","status-publish","hentry"],"yoast_head":"<!-- This site is optimized with the Yoast SEO plugin v27.2 - https:\/\/yoast.com\/product\/yoast-seo-wordpress\/ -->\n<title>Sobre o proxecto - Camino Escena Norte<\/title>\n<meta name=\"robots\" content=\"index, follow, max-snippet:-1, max-image-preview:large, max-video-preview:-1\" \/>\n<link rel=\"canonical\" href=\"https:\/\/escenanorte.com\/gl\/sobre-el-proyecto\/\" \/>\n<meta property=\"og:locale\" content=\"gl_ES\" \/>\n<meta property=\"og:type\" content=\"article\" \/>\n<meta property=\"og:title\" content=\"Sobre o proxecto - Camino Escena Norte\" \/>\n<meta property=\"og:description\" content=\"Sobre o proxecto Cami\u00f1o Escena Norte \u00e9 un proxecto de intercambio cultural por medio das artes esc\u00e9nicas entre Galicia, Asturias, Cantabria, Euskadi, Navarra e A Rioxa que, promovido polas asociaci\u00f3ns [&hellip;]\" \/>\n<meta property=\"og:url\" content=\"https:\/\/escenanorte.com\/gl\/sobre-el-proyecto\/\" \/>\n<meta property=\"og:site_name\" content=\"Camino Escena Norte\" \/>\n<meta property=\"article:publisher\" content=\"https:\/\/www.facebook.com\/escenanorte\" \/>\n<meta property=\"article:modified_time\" content=\"2025-08-26T11:41:14+00:00\" \/>\n<meta property=\"og:image\" content=\"https:\/\/escenanorte.com\/wp-content\/uploads\/2025\/06\/AAFF-CEN-ARTE-50X70-AS.jpg\" \/>\n\t<meta property=\"og:image:width\" content=\"1600\" \/>\n\t<meta property=\"og:image:height\" content=\"2233\" \/>\n\t<meta property=\"og:image:type\" content=\"image\/jpeg\" \/>\n<meta name=\"twitter:card\" content=\"summary_large_image\" \/>\n<script type=\"application\/ld+json\" class=\"yoast-schema-graph\">{\"@context\":\"https:\/\/schema.org\",\"@graph\":[{\"@type\":\"WebPage\",\"@id\":\"https:\/\/escenanorte.com\/gl\/sobre-el-proyecto\/\",\"url\":\"https:\/\/escenanorte.com\/gl\/sobre-el-proyecto\/\",\"name\":\"Sobre o proxecto - Camino Escena Norte\",\"isPartOf\":{\"@id\":\"https:\/\/escenanorte.com\/gl\/#website\"},\"datePublished\":\"2020-08-18T22:45:57+00:00\",\"dateModified\":\"2025-08-26T11:41:14+00:00\",\"breadcrumb\":{\"@id\":\"https:\/\/escenanorte.com\/gl\/sobre-el-proyecto\/#breadcrumb\"},\"inLanguage\":\"gl-ES\",\"potentialAction\":[{\"@type\":\"ReadAction\",\"target\":[\"https:\/\/escenanorte.com\/gl\/sobre-el-proyecto\/\"]}]},{\"@type\":\"BreadcrumbList\",\"@id\":\"https:\/\/escenanorte.com\/gl\/sobre-el-proyecto\/#breadcrumb\",\"itemListElement\":[{\"@type\":\"ListItem\",\"position\":1,\"name\":\"Portada\",\"item\":\"https:\/\/escenanorte.com\/gl\/\"},{\"@type\":\"ListItem\",\"position\":2,\"name\":\"Sobre o proxecto\"}]},{\"@type\":\"WebSite\",\"@id\":\"https:\/\/escenanorte.com\/gl\/#website\",\"url\":\"https:\/\/escenanorte.com\/gl\/\",\"name\":\"Camino Escena Norte\",\"description\":\"Escena Norte\",\"potentialAction\":[{\"@type\":\"SearchAction\",\"target\":{\"@type\":\"EntryPoint\",\"urlTemplate\":\"https:\/\/escenanorte.com\/gl\/?s={search_term_string}\"},\"query-input\":{\"@type\":\"PropertyValueSpecification\",\"valueRequired\":true,\"valueName\":\"search_term_string\"}}],\"inLanguage\":\"gl-ES\"}]}<\/script>\n<!-- \/ Yoast SEO plugin. -->","yoast_head_json":{"title":"Sobre o proxecto - Camino Escena Norte","robots":{"index":"index","follow":"follow","max-snippet":"max-snippet:-1","max-image-preview":"max-image-preview:large","max-video-preview":"max-video-preview:-1"},"canonical":"https:\/\/escenanorte.com\/gl\/sobre-el-proyecto\/","og_locale":"gl_ES","og_type":"article","og_title":"Sobre o proxecto - Camino Escena Norte","og_description":"Sobre o proxecto Cami\u00f1o Escena Norte \u00e9 un proxecto de intercambio cultural por medio das artes esc\u00e9nicas entre Galicia, Asturias, Cantabria, Euskadi, Navarra e A Rioxa que, promovido polas asociaci\u00f3ns [&hellip;]","og_url":"https:\/\/escenanorte.com\/gl\/sobre-el-proyecto\/","og_site_name":"Camino Escena Norte","article_publisher":"https:\/\/www.facebook.com\/escenanorte","article_modified_time":"2025-08-26T11:41:14+00:00","og_image":[{"width":1600,"height":2233,"url":"https:\/\/escenanorte.com\/wp-content\/uploads\/2025\/06\/AAFF-CEN-ARTE-50X70-AS.jpg","type":"image\/jpeg"}],"twitter_card":"summary_large_image","schema":{"@context":"https:\/\/schema.org","@graph":[{"@type":"WebPage","@id":"https:\/\/escenanorte.com\/gl\/sobre-el-proyecto\/","url":"https:\/\/escenanorte.com\/gl\/sobre-el-proyecto\/","name":"Sobre o proxecto - Camino Escena Norte","isPartOf":{"@id":"https:\/\/escenanorte.com\/gl\/#website"},"datePublished":"2020-08-18T22:45:57+00:00","dateModified":"2025-08-26T11:41:14+00:00","breadcrumb":{"@id":"https:\/\/escenanorte.com\/gl\/sobre-el-proyecto\/#breadcrumb"},"inLanguage":"gl-ES","potentialAction":[{"@type":"ReadAction","target":["https:\/\/escenanorte.com\/gl\/sobre-el-proyecto\/"]}]},{"@type":"BreadcrumbList","@id":"https:\/\/escenanorte.com\/gl\/sobre-el-proyecto\/#breadcrumb","itemListElement":[{"@type":"ListItem","position":1,"name":"Portada","item":"https:\/\/escenanorte.com\/gl\/"},{"@type":"ListItem","position":2,"name":"Sobre o proxecto"}]},{"@type":"WebSite","@id":"https:\/\/escenanorte.com\/gl\/#website","url":"https:\/\/escenanorte.com\/gl\/","name":"Camino Escena Norte","description":"Escena Norte","potentialAction":[{"@type":"SearchAction","target":{"@type":"EntryPoint","urlTemplate":"https:\/\/escenanorte.com\/gl\/?s={search_term_string}"},"query-input":{"@type":"PropertyValueSpecification","valueRequired":true,"valueName":"search_term_string"}}],"inLanguage":"gl-ES"}]}},"publishpress_future_action":{"enabled":false,"date":"2026-05-01 16:41:35","action":"change-status","newStatus":"draft","terms":[],"taxonomy":"translation_priority","extraData":[]},"publishpress_future_workflow_manual_trigger":{"enabledWorkflows":[]},"_links":{"self":[{"href":"https:\/\/escenanorte.com\/gl\/wp-json\/wp\/v2\/pages\/142","targetHints":{"allow":["GET"]}}],"collection":[{"href":"https:\/\/escenanorte.com\/gl\/wp-json\/wp\/v2\/pages"}],"about":[{"href":"https:\/\/escenanorte.com\/gl\/wp-json\/wp\/v2\/types\/page"}],"author":[{"embeddable":true,"href":"https:\/\/escenanorte.com\/gl\/wp-json\/wp\/v2\/users\/1"}],"replies":[{"embeddable":true,"href":"https:\/\/escenanorte.com\/gl\/wp-json\/wp\/v2\/comments?post=142"}],"version-history":[{"count":31,"href":"https:\/\/escenanorte.com\/gl\/wp-json\/wp\/v2\/pages\/142\/revisions"}],"predecessor-version":[{"id":77020,"href":"https:\/\/escenanorte.com\/gl\/wp-json\/wp\/v2\/pages\/142\/revisions\/77020"}],"wp:attachment":[{"href":"https:\/\/escenanorte.com\/gl\/wp-json\/wp\/v2\/media?parent=142"}],"curies":[{"name":"wp","href":"https:\/\/api.w.org\/{rel}","templated":true}]}}