{"id":148,"date":"2020-08-18T11:18:18","date_gmt":"2020-08-18T09:18:18","guid":{"rendered":"http:\/\/escenaf.cluster028.hosting.ovh.net\/?page_id=148"},"modified":"2021-03-08T00:28:05","modified_gmt":"2021-03-07T23:28:05","slug":"politica-privacidad","status":"publish","type":"page","link":"https:\/\/escenanorte.com\/eu\/politica-privacidad\/","title":{"rendered":"Pol\u00edtica de privacidad de escenanorte.com"},"content":{"rendered":"\n<p>Los t\u00e9rminos en que escenanorte.com usa y protege la informaci\u00f3n que es proporcionada por sus usuarios\/as cuando env\u00edan un formulario de contacto son los siguientes:<\/p>\n\n<p>escenanorte.com se compromete a proteger la confidencialidad de los datos que los usuarios\/as env\u00edan a escenanorte.com. Cuando les pedimos llenar campos de informaci\u00f3n personal con los cuales el usuario\/a puede ser identificado\/a, lo hacemos asegurando que s\u00f3lo se emplear\u00e1 esa informaci\u00f3n de acuerdo con los t\u00e9rminos expresados en este documento.<\/p>\n\n<h2 class=\"wp-block-heading\">Informaci\u00f3n que se recoge<\/h2>\n\n<p>En nuestros formularios s\u00f3lo recogemos aquellos datos que introduces en los campos y los archivos adjuntos.<\/p>\n\n<p>Nuestros formularios pueden contar con datos obligatorios. Si no facilitas esos campos, o no marcas el checkbox de aceptaci\u00f3n de la pol\u00edtica de privacidad, no se permitir\u00e1 el env\u00edo de la informaci\u00f3n. Normalmente tiene la siguiente f\u00f3rmula: \u201cHe le\u00eddo y acepto la Pol\u00edtica de privacidad.\u201d<\/p>\n\n<h2 class=\"wp-block-heading\">Uso de la informaci\u00f3n recogida<\/h2>\n\n<p>Si nos facilitas datos en los formularios, la organizaci\u00f3n de escenanorte.com usar\u00e1 esa informaci\u00f3n \u00fanicamente para:<\/p>\n\n<ul class=\"wp-block-list\" id=\"block-5d28db17-0b47-4ff0-8500-af4353c8dc26\"><li>Contestar a tus consultas, solicitudes o peticiones.<\/li><li>Gestionar el servicio solicitado, contestar tu solicitud, o tramitar tu petici\u00f3n.<\/li><li>Informaci\u00f3n por medios electr\u00f3nicos, que versen sobre tu solicitud.<\/li><\/ul>\n<p><strong>Dicha informaci\u00f3n jam\u00e1s ser\u00e1 facilitada a terceras personas u otras organizaciones sin su expreso consentimiento<\/strong>, salvo que sea requerida por un juez con una orden judicial.<\/p>\n\n<h2 class=\"wp-block-heading\">Control de la informaci\u00f3n personal por parte de los usuarios\/as<\/h2>\n\n<p>En cualquier momento cualquier usuario\/a puede cancelar la recopilaci\u00f3n y el uso de la informaci\u00f3n que nos ha proporcionado. Para ello s\u00f3lo tiene que enviar un correo electr\u00f3nico a\u00a0\u00a0<a href=\"mailto:info@escenanorte.com\">info@escenanorte.com<\/a>\u00a0solicitando la eliminaci\u00f3n de toda la informaci\u00f3n relativa a su persona.<\/p>\n\n<h2 class=\"wp-block-heading\">Cookies<\/h2>\n\n<p>Una\u00a0<em>cookie<\/em>\u00a0es un archivo de informaci\u00f3n que el servidor de un sitio web env\u00eda al ordenador\/<em>smartphone<\/em>\/tableta de quien accede a sus p\u00e1ginas web, con la finalidad de almacenar y recuperar informaci\u00f3n sobre la navegaci\u00f3n que se efect\u00faa desde ese equipo.<\/p>\n\n<p>El sitio web escenanorte.com utiliza diversos tipos de\u00a0<em>cookies<\/em>\u00a0t\u00e9cnicas y de sesi\u00f3n con la \u00fanica finalidad de mejorar la navegaci\u00f3n del usuario\/a en este sitio web, sin ning\u00fan objetivo publicitario o similar.\u00a0<strong>El sitio web escenanorte.com no recoge datos personales de ning\u00fan tipo a trav\u00e9s de las\u00a0<em>cookies<\/em><\/strong>.<\/p>\n\n<h3 class=\"wp-block-heading\">En escenanorte.com utilizamos las\u00a0<em>cookies<\/em>\u00a0que se detallan a continuaci\u00f3n:<\/h3>\n\n<ul class=\"wp-block-list\"><li><strong><em>Cookies<\/em>\u00a0de sesi\u00f3n, tambi\u00e9n llamadas\u00a0<em>cookies<\/em>\u00a0transitorias:<\/strong>garantizan el correcto funcionamiento del sitio web. Este tipo de\u00a0<em>cookies<\/em>\u00a0se almacenan en la memoria temporal del dispositivo del usuario\/a y se borran al cerrar el navegador web. Las\u00a0<em>cookie<\/em>s\u00a0de sesi\u00f3n que usamos en escenanorte.com son esencialmente para el funcionamiento y seguridad de este sitio web.<\/li><li><strong><em>Cookies<\/em>\u00a0t\u00e9cnicas:<\/strong>\u00a0son necesarias para la prestaci\u00f3n de servicios dentro de un sitio web. Las\u00a0<em>cookies<\/em>\u00a0t\u00e9cnicas que usamos en escenanorte.com son\u00a0<a rel=\"noreferrer noopener\" href=\"https:\/\/www.google.com\/recaptcha\/\" target=\"_blank\">Google reCAPTCHA<\/a>\u00a0(para evitar recibir\u00a0<em>spam<\/em> a trav\u00e9s de nuestros formularios).<\/li><\/ul>\n<p>Si desea eliminar las\u00a0<em>cookies<\/em>\u00a0de este o de cualquier otro sitio web puede hacerlo siguiendo las instrucciones correspondentes al navegador web que est\u00e9 utilizando:<\/p>\n\n<ul class=\"wp-block-list\"><li>\u00a0<a href=\"https:\/\/support.mozilla.org\/es\/kb\/Borrar%20cookies\" target=\"_blank\" rel=\"noreferrer noopener\">Mozilla Firefox<\/a><\/li><li>\u00a0<a href=\"https:\/\/support.google.com\/accounts\/answer\/32050\" target=\"_blank\" rel=\"noreferrer noopener\">Google Chrome<\/a><\/li><li>\u00a0<a href=\"https:\/\/support.microsoft.com\/es-es\/help\/17442\/windows-internet-explorer-delete-manage-cookies\" target=\"_blank\" rel=\"noreferrer noopener\">Microsoft Internet Explorer<\/a><\/li><li>\u00a0<a href=\"https:\/\/support.microsoft.com\/es-es\/help\/4468242\/microsoft-edge-browsing-data-and-privacy-microsoft-privacy\" target=\"_blank\" rel=\"noreferrer noopener\">Microsoft Edge<\/a><\/li><li>\u00a0<a href=\"https:\/\/support.apple.com\/es-es\/guide\/safari\/sfri11471\/mac\" target=\"_blank\" rel=\"noreferrer noopener\">Apple Safari<\/a><\/li><li>\u00a0<a href=\"https:\/\/blogs.opera.com\/la-spain\/2016\/04\/como-borrar-el-historial-de-navegacion\" target=\"_blank\" rel=\"noreferrer noopener\">Opera<\/a><\/li><li><a href=\"https:\/\/www.google.com\/search?q=eliminar+cookies\" target=\"_blank\" rel=\"noreferrer noopener\">Otros navegadores y m\u00e1s informaci\u00f3n<\/a><\/li><\/ul>","protected":false},"excerpt":{"rendered":"<p>Los t\u00e9rminos en que escenanorte.com usa y protege la informaci\u00f3n que es proporcionada por sus usuarios\/as cuando env\u00edan un formulario de contacto son los siguientes: escenanorte.com se compromete a proteger [&hellip;]<\/p>\n","protected":false},"author":1,"featured_media":0,"parent":0,"menu_order":0,"comment_status":"closed","ping_status":"open","template":"","meta":{"footnotes":""},"class_list":["post-148","page","type-page","status-publish","hentry"],"yoast_head":"<!-- This site is optimized with the Yoast SEO plugin v27.2 - https:\/\/yoast.com\/product\/yoast-seo-wordpress\/ -->\n<title>Pol\u00edtica de privacidad de escenanorte.com - Camino Escena Norte<\/title>\n<meta name=\"robots\" content=\"index, follow, max-snippet:-1, max-image-preview:large, max-video-preview:-1\" \/>\n<link rel=\"canonical\" href=\"https:\/\/escenanorte.com\/eu\/politica-privacidad\/\" \/>\n<meta property=\"og:locale\" content=\"eu_ES\" \/>\n<meta property=\"og:type\" content=\"article\" \/>\n<meta property=\"og:title\" content=\"Pol\u00edtica de privacidad de escenanorte.com - Camino Escena Norte\" \/>\n<meta property=\"og:description\" content=\"Los t\u00e9rminos en que escenanorte.com usa y protege la informaci\u00f3n que es proporcionada por sus usuarios\/as cuando env\u00edan un formulario de contacto son los siguientes: escenanorte.com se compromete a proteger [&hellip;]\" \/>\n<meta property=\"og:url\" content=\"https:\/\/escenanorte.com\/eu\/politica-privacidad\/\" \/>\n<meta property=\"og:site_name\" content=\"Camino Escena Norte\" \/>\n<meta property=\"article:publisher\" content=\"https:\/\/www.facebook.com\/escenanorte\" \/>\n<meta property=\"article:modified_time\" content=\"2021-03-07T23:28:05+00:00\" \/>\n<meta property=\"og:image\" content=\"https:\/\/escenanorte.com\/wp-content\/uploads\/2025\/06\/AAFF-CEN-ARTE-50X70-AS.jpg\" \/>\n\t<meta property=\"og:image:width\" content=\"1600\" \/>\n\t<meta property=\"og:image:height\" content=\"2233\" \/>\n\t<meta property=\"og:image:type\" content=\"image\/jpeg\" \/>\n<meta name=\"twitter:card\" content=\"summary_large_image\" \/>\n<meta name=\"twitter:label1\" content=\"Est. reading time\" \/>\n\t<meta name=\"twitter:data1\" content=\"3 minutes\" \/>\n<script type=\"application\/ld+json\" class=\"yoast-schema-graph\">{\"@context\":\"https:\/\/schema.org\",\"@graph\":[{\"@type\":\"WebPage\",\"@id\":\"https:\/\/escenanorte.com\/eu\/politica-privacidad\/\",\"url\":\"https:\/\/escenanorte.com\/eu\/politica-privacidad\/\",\"name\":\"Pol\u00edtica de privacidad de escenanorte.com - Camino Escena Norte\",\"isPartOf\":{\"@id\":\"https:\/\/escenanorte.com\/eu\/#website\"},\"datePublished\":\"2020-08-18T09:18:18+00:00\",\"dateModified\":\"2021-03-07T23:28:05+00:00\",\"breadcrumb\":{\"@id\":\"https:\/\/escenanorte.com\/eu\/politica-privacidad\/#breadcrumb\"},\"inLanguage\":\"eu-ES\",\"potentialAction\":[{\"@type\":\"ReadAction\",\"target\":[\"https:\/\/escenanorte.com\/eu\/politica-privacidad\/\"]}]},{\"@type\":\"BreadcrumbList\",\"@id\":\"https:\/\/escenanorte.com\/eu\/politica-privacidad\/#breadcrumb\",\"itemListElement\":[{\"@type\":\"ListItem\",\"position\":1,\"name\":\"Portada\",\"item\":\"https:\/\/escenanorte.com\/eu\/\"},{\"@type\":\"ListItem\",\"position\":2,\"name\":\"Pol\u00edtica de privacidad de escenanorte.com\"}]},{\"@type\":\"WebSite\",\"@id\":\"https:\/\/escenanorte.com\/eu\/#website\",\"url\":\"https:\/\/escenanorte.com\/eu\/\",\"name\":\"Camino Escena Norte\",\"description\":\"Escena Norte\",\"potentialAction\":[{\"@type\":\"SearchAction\",\"target\":{\"@type\":\"EntryPoint\",\"urlTemplate\":\"https:\/\/escenanorte.com\/eu\/?s={search_term_string}\"},\"query-input\":{\"@type\":\"PropertyValueSpecification\",\"valueRequired\":true,\"valueName\":\"search_term_string\"}}],\"inLanguage\":\"eu-ES\"}]}<\/script>\n<!-- \/ Yoast SEO plugin. -->","yoast_head_json":{"title":"Pol\u00edtica de privacidad de escenanorte.com - Camino Escena Norte","robots":{"index":"index","follow":"follow","max-snippet":"max-snippet:-1","max-image-preview":"max-image-preview:large","max-video-preview":"max-video-preview:-1"},"canonical":"https:\/\/escenanorte.com\/eu\/politica-privacidad\/","og_locale":"eu_ES","og_type":"article","og_title":"Pol\u00edtica de privacidad de escenanorte.com - Camino Escena Norte","og_description":"Los t\u00e9rminos en que escenanorte.com usa y protege la informaci\u00f3n que es proporcionada por sus usuarios\/as cuando env\u00edan un formulario de contacto son los siguientes: escenanorte.com se compromete a proteger [&hellip;]","og_url":"https:\/\/escenanorte.com\/eu\/politica-privacidad\/","og_site_name":"Camino Escena Norte","article_publisher":"https:\/\/www.facebook.com\/escenanorte","article_modified_time":"2021-03-07T23:28:05+00:00","og_image":[{"width":1600,"height":2233,"url":"https:\/\/escenanorte.com\/wp-content\/uploads\/2025\/06\/AAFF-CEN-ARTE-50X70-AS.jpg","type":"image\/jpeg"}],"twitter_card":"summary_large_image","twitter_misc":{"Est. reading time":"3 minutes"},"schema":{"@context":"https:\/\/schema.org","@graph":[{"@type":"WebPage","@id":"https:\/\/escenanorte.com\/eu\/politica-privacidad\/","url":"https:\/\/escenanorte.com\/eu\/politica-privacidad\/","name":"Pol\u00edtica de privacidad de escenanorte.com - Camino Escena Norte","isPartOf":{"@id":"https:\/\/escenanorte.com\/eu\/#website"},"datePublished":"2020-08-18T09:18:18+00:00","dateModified":"2021-03-07T23:28:05+00:00","breadcrumb":{"@id":"https:\/\/escenanorte.com\/eu\/politica-privacidad\/#breadcrumb"},"inLanguage":"eu-ES","potentialAction":[{"@type":"ReadAction","target":["https:\/\/escenanorte.com\/eu\/politica-privacidad\/"]}]},{"@type":"BreadcrumbList","@id":"https:\/\/escenanorte.com\/eu\/politica-privacidad\/#breadcrumb","itemListElement":[{"@type":"ListItem","position":1,"name":"Portada","item":"https:\/\/escenanorte.com\/eu\/"},{"@type":"ListItem","position":2,"name":"Pol\u00edtica de privacidad de escenanorte.com"}]},{"@type":"WebSite","@id":"https:\/\/escenanorte.com\/eu\/#website","url":"https:\/\/escenanorte.com\/eu\/","name":"Camino Escena Norte","description":"Escena Norte","potentialAction":[{"@type":"SearchAction","target":{"@type":"EntryPoint","urlTemplate":"https:\/\/escenanorte.com\/eu\/?s={search_term_string}"},"query-input":{"@type":"PropertyValueSpecification","valueRequired":true,"valueName":"search_term_string"}}],"inLanguage":"eu-ES"}]}},"publishpress_future_action":{"enabled":false,"date":"2026-04-30 23:45:49","action":"change-status","newStatus":"draft","terms":[],"taxonomy":"translation_priority","extraData":[]},"publishpress_future_workflow_manual_trigger":{"enabledWorkflows":[]},"_links":{"self":[{"href":"https:\/\/escenanorte.com\/eu\/wp-json\/wp\/v2\/pages\/148","targetHints":{"allow":["GET"]}}],"collection":[{"href":"https:\/\/escenanorte.com\/eu\/wp-json\/wp\/v2\/pages"}],"about":[{"href":"https:\/\/escenanorte.com\/eu\/wp-json\/wp\/v2\/types\/page"}],"author":[{"embeddable":true,"href":"https:\/\/escenanorte.com\/eu\/wp-json\/wp\/v2\/users\/1"}],"replies":[{"embeddable":true,"href":"https:\/\/escenanorte.com\/eu\/wp-json\/wp\/v2\/comments?post=148"}],"version-history":[{"count":6,"href":"https:\/\/escenanorte.com\/eu\/wp-json\/wp\/v2\/pages\/148\/revisions"}],"predecessor-version":[{"id":3211,"href":"https:\/\/escenanorte.com\/eu\/wp-json\/wp\/v2\/pages\/148\/revisions\/3211"}],"wp:attachment":[{"href":"https:\/\/escenanorte.com\/eu\/wp-json\/wp\/v2\/media?parent=148"}],"curies":[{"name":"wp","href":"https:\/\/api.w.org\/{rel}","templated":true}]}}