{"id":4307,"date":"2022-05-09T13:59:00","date_gmt":"2022-05-09T11:59:00","guid":{"rendered":"https:\/\/escenanorte.com\/?page_id=4307"},"modified":"2024-04-03T14:00:23","modified_gmt":"2024-04-03T12:00:23","slug":"inscripcion-estancias-de-intercambio-cruces","status":"publish","type":"page","link":"https:\/\/escenanorte.com\/es\/inscripcion-estancias-de-intercambio-cruces\/","title":{"rendered":"Inscripci\u00f3n estancias de intercambio CRUCES"},"content":{"rendered":"<div>\n<h1>Inscripci\u00f3n convocatoria de intercambio CRUCES<\/h1>\n<div>\n<p>El plazo de inscripci\u00f3n de proyectos en el programa\u00a0<i>CRUCES\u00a0<\/i>de\u00a0<i>Camino Escena Norte<\/i>\u00a02024 abarcar\u00e1 del lunes 4 de marzo a las 14.00 h al mi\u00e9rcoles 3 de abril a las 14.00 h.<\/p>\n<p>No ser\u00e1 v\u00e1lida la inscripci\u00f3n de proyectos fuera del plazo establecido, ni por otra v\u00eda que no sea el correspondiente formulario a trav\u00e9s de la web\u00a0<a href=\"http:\/\/www.escenanorte.com\/\">www.escenanorte.com<\/a><\/p>\n<\/p>\n<p>LEER CON ATENCI\u00d3N ANTES DE COMPLETAR LA FICHA DE INSCRIPCI\u00d3N DE PROYECTO.<\/p>\n<\/div>\n<p><a href=\"\/wp-content\/uploads\/2024\/03\/CEN2024_Bases-convocatoria-CRUCES-CAST.pdf\">CRUCES-DOCUMENTO INFORMATIVO Y BASES DE PARTICIPACI\u00d3N<\/a><\/p>\n<\/div>\n<p><!--more--><br \/>\n<!-- {\"type\":\"layout\",\"children\":[{\"name\":\"Inscripci\\u00f3n espect\\u00e1culos 2021\",\"type\":\"section\",\"props\":{\"image_position\":\"center-center\",\"overlap\":false,\"style\":\"muted\",\"title_breakpoint\":\"xl\",\"title_position\":\"top-left\",\"title_rotation\":\"left\",\"vertical_align\":\"middle\",\"width\":\"default\"},\"children\":[{\"type\":\"row\",\"children\":[{\"type\":\"column\",\"props\":{\"image_position\":\"center-center\",\"position_sticky_breakpoint\":\"m\",\"width_medium\":\"1-1\"},\"children\":[{\"type\":\"panel\",\"props\":{\"content\":\"\n\n<p>El plazo de inscripci\\u00f3n de proyectos en el programa\\u00a0<i>CRUCES\\u00a0<\\\/i>de\\u00a0<i>Camino Escena Norte<\\\/i>\\u00a02024 abarcar\\u00e1 del lunes 4 de marzo a las 14.00 h al mi\\u00e9rcoles 3 de abril a las 14.00 h.<\\\/p>\\n\n\n<p>No ser\\u00e1 v\\u00e1lida la inscripci\\u00f3n de proyectos fuera del plazo establecido, ni por otra v\\u00eda que no sea el correspondiente formulario a trav\\u00e9s de la web\\u00a0<a href=\\\"http:\\\/\\\/www.escenanorte.com\\\/\\\">www.escenanorte.com<\\\/a><\\\/p>\\n\n\n<p><\\\/p>\\n\n\n<p>LEER CON ATENCI\\u00d3N ANTES DE COMPLETAR LA FICHA DE INSCRIPCI\\u00d3N DE PROYECTO.<\\\/p>\",\"content_column_breakpoint\":\"m\",\"content_style\":\"text-lead\",\"icon\":\"file-edit\",\"icon_width\":100,\"image_align\":\"top\",\"image_grid_breakpoint\":\"m\",\"image_grid_width\":\"1-2\",\"image_svg_color\":\"emphasis\",\"link\":\"wp-content\\\/uploads\\\/2024\\\/03\\\/CEN2024_Bases-convocatoria-CRUCES-CAST.pdf\",\"link_size\":\"large\",\"link_style\":\"primary\",\"link_target\":true,\"link_text\":\"CRUCES-DOCUMENTO INFORMATIVO Y BASES DE PARTICIPACI\\u00d3N\",\"margin\":\"default\",\"meta_align\":\"below-title\",\"meta_element\":\"div\",\"meta_style\":\"text-meta\",\"text_align\":\"center\",\"title\":\"Inscripci\\u00f3n convocatoria de intercambio CRUCES\",\"title_align\":\"top\",\"title_element\":\"h1\",\"title_grid_breakpoint\":\"m\",\"title_grid_width\":\"1-2\",\"title_hover_style\":\"reset\",\"title_style\":\"h1\"}},{\"type\":\"headline\",\"props\":{\"content\":\"FORMULARIO DE INSCRIPCI\\u00d3N DE PROYECTOS<\\\/p>\",\"margin\":\"large\",\"margin_remove_bottom\":true,\"status\":\"disabled\",\"text_align\":\"center\",\"title_element\":\"h1\",\"title_style\":\"h2\"}},{\"type\":\"icon\",\"props\":{\"icon\":\"warning\",\"icon_color\":\"warning\",\"icon_width\":40,\"margin\":\"small\",\"margin_remove_bottom\":true,\"status\":\"disabled\",\"text_align\":\"center\"}},{\"type\":\"text\",\"props\":{\"column_breakpoint\":\"m\",\"content\":\"\n\n<p><strong>DEBE COMPLETARSE TODA LA INFORMACI\\u00d3N SOLAMENTE EN CASTELLANO.<br \\\/>(Todos los campos son obligatorios menos el de las redes sociales e informaci\\u00f3n complementaria)<\\\/strong><\\\/p>\",\"margin\":\"default\",\"margin_remove_top\":true,\"status\":\"disabled\",\"text_align\":\"center\",\"text_color\":\"warning\",\"text_style\":\"large\"}},{\"type\":\"html\",\"props\":{\"content\":\"[contact-form-7 id=\\\"4330\\\" title=\\\"Ficha de inscripci\\u00f3n cruces\\\"]\",\"status\":\"disabled\"}}]}]}]}],\"version\":\"4.3.8\"} --><\/p>\n","protected":false},"excerpt":{"rendered":"<p>Inscripci\u00f3n convocatoria de intercambio CRUCES El plazo de inscripci\u00f3n de proyectos en el programa\u00a0CRUCES\u00a0de\u00a0Camino Escena Norte\u00a02024 abarcar\u00e1 del lunes 4 de marzo a las 14.00 h al mi\u00e9rcoles 3 de [&hellip;]<\/p>\n","protected":false},"author":1,"featured_media":0,"parent":0,"menu_order":0,"comment_status":"closed","ping_status":"closed","template":"","meta":{"footnotes":""},"class_list":["post-4307","page","type-page","status-publish","hentry"],"yoast_head":"<!-- This site is optimized with the Yoast SEO plugin v27.2 - https:\/\/yoast.com\/product\/yoast-seo-wordpress\/ -->\n<title>Inscripci\u00f3n estancias de intercambio CRUCES - Camino Escena Norte<\/title>\n<meta name=\"robots\" content=\"index, follow, max-snippet:-1, max-image-preview:large, max-video-preview:-1\" \/>\n<link rel=\"canonical\" href=\"https:\/\/escenanorte.com\/es\/inscripcion-estancias-de-intercambio-cruces\/\" \/>\n<meta property=\"og:locale\" content=\"es_ES\" \/>\n<meta property=\"og:type\" content=\"article\" \/>\n<meta property=\"og:title\" content=\"Inscripci\u00f3n estancias de intercambio CRUCES - Camino Escena Norte\" \/>\n<meta property=\"og:description\" content=\"Inscripci\u00f3n convocatoria de intercambio CRUCES El plazo de inscripci\u00f3n de proyectos en el programa\u00a0CRUCES\u00a0de\u00a0Camino Escena Norte\u00a02024 abarcar\u00e1 del lunes 4 de marzo a las 14.00 h al mi\u00e9rcoles 3 de [&hellip;]\" \/>\n<meta property=\"og:url\" content=\"https:\/\/escenanorte.com\/es\/inscripcion-estancias-de-intercambio-cruces\/\" \/>\n<meta property=\"og:site_name\" content=\"Camino Escena Norte\" \/>\n<meta property=\"article:publisher\" content=\"https:\/\/www.facebook.com\/escenanorte\" \/>\n<meta property=\"article:modified_time\" content=\"2024-04-03T12:00:23+00:00\" \/>\n<meta property=\"og:image\" content=\"https:\/\/escenanorte.com\/wp-content\/uploads\/2025\/06\/AAFF-CEN-ARTE-50X70-AS.jpg\" \/>\n\t<meta property=\"og:image:width\" content=\"1600\" \/>\n\t<meta property=\"og:image:height\" content=\"2233\" \/>\n\t<meta property=\"og:image:type\" content=\"image\/jpeg\" \/>\n<meta name=\"twitter:card\" content=\"summary_large_image\" \/>\n<meta name=\"twitter:label1\" content=\"Tiempo de lectura\" \/>\n\t<meta name=\"twitter:data1\" content=\"1 minuto\" \/>\n<script type=\"application\/ld+json\" class=\"yoast-schema-graph\">{\"@context\":\"https:\/\/schema.org\",\"@graph\":[{\"@type\":\"WebPage\",\"@id\":\"https:\/\/escenanorte.com\/es\/inscripcion-estancias-de-intercambio-cruces\/\",\"url\":\"https:\/\/escenanorte.com\/es\/inscripcion-estancias-de-intercambio-cruces\/\",\"name\":\"Inscripci\u00f3n estancias de intercambio CRUCES - Camino Escena Norte\",\"isPartOf\":{\"@id\":\"https:\/\/escenanorte.com\/es\/#website\"},\"datePublished\":\"2022-05-09T11:59:00+00:00\",\"dateModified\":\"2024-04-03T12:00:23+00:00\",\"breadcrumb\":{\"@id\":\"https:\/\/escenanorte.com\/es\/inscripcion-estancias-de-intercambio-cruces\/#breadcrumb\"},\"inLanguage\":\"es\",\"potentialAction\":[{\"@type\":\"ReadAction\",\"target\":[\"https:\/\/escenanorte.com\/es\/inscripcion-estancias-de-intercambio-cruces\/\"]}]},{\"@type\":\"BreadcrumbList\",\"@id\":\"https:\/\/escenanorte.com\/es\/inscripcion-estancias-de-intercambio-cruces\/#breadcrumb\",\"itemListElement\":[{\"@type\":\"ListItem\",\"position\":1,\"name\":\"Portada\",\"item\":\"https:\/\/escenanorte.com\/es\/\"},{\"@type\":\"ListItem\",\"position\":2,\"name\":\"Inscripci\u00f3n estancias de intercambio CRUCES\"}]},{\"@type\":\"WebSite\",\"@id\":\"https:\/\/escenanorte.com\/es\/#website\",\"url\":\"https:\/\/escenanorte.com\/es\/\",\"name\":\"Camino Escena Norte\",\"description\":\"Escena Norte\",\"potentialAction\":[{\"@type\":\"SearchAction\",\"target\":{\"@type\":\"EntryPoint\",\"urlTemplate\":\"https:\/\/escenanorte.com\/es\/?s={search_term_string}\"},\"query-input\":{\"@type\":\"PropertyValueSpecification\",\"valueRequired\":true,\"valueName\":\"search_term_string\"}}],\"inLanguage\":\"es\"}]}<\/script>\n<!-- \/ Yoast SEO plugin. -->","yoast_head_json":{"title":"Inscripci\u00f3n estancias de intercambio CRUCES - Camino Escena Norte","robots":{"index":"index","follow":"follow","max-snippet":"max-snippet:-1","max-image-preview":"max-image-preview:large","max-video-preview":"max-video-preview:-1"},"canonical":"https:\/\/escenanorte.com\/es\/inscripcion-estancias-de-intercambio-cruces\/","og_locale":"es_ES","og_type":"article","og_title":"Inscripci\u00f3n estancias de intercambio CRUCES - Camino Escena Norte","og_description":"Inscripci\u00f3n convocatoria de intercambio CRUCES El plazo de inscripci\u00f3n de proyectos en el programa\u00a0CRUCES\u00a0de\u00a0Camino Escena Norte\u00a02024 abarcar\u00e1 del lunes 4 de marzo a las 14.00 h al mi\u00e9rcoles 3 de [&hellip;]","og_url":"https:\/\/escenanorte.com\/es\/inscripcion-estancias-de-intercambio-cruces\/","og_site_name":"Camino Escena Norte","article_publisher":"https:\/\/www.facebook.com\/escenanorte","article_modified_time":"2024-04-03T12:00:23+00:00","og_image":[{"width":1600,"height":2233,"url":"https:\/\/escenanorte.com\/wp-content\/uploads\/2025\/06\/AAFF-CEN-ARTE-50X70-AS.jpg","type":"image\/jpeg"}],"twitter_card":"summary_large_image","twitter_misc":{"Tiempo de lectura":"1 minuto"},"schema":{"@context":"https:\/\/schema.org","@graph":[{"@type":"WebPage","@id":"https:\/\/escenanorte.com\/es\/inscripcion-estancias-de-intercambio-cruces\/","url":"https:\/\/escenanorte.com\/es\/inscripcion-estancias-de-intercambio-cruces\/","name":"Inscripci\u00f3n estancias de intercambio CRUCES - Camino Escena Norte","isPartOf":{"@id":"https:\/\/escenanorte.com\/es\/#website"},"datePublished":"2022-05-09T11:59:00+00:00","dateModified":"2024-04-03T12:00:23+00:00","breadcrumb":{"@id":"https:\/\/escenanorte.com\/es\/inscripcion-estancias-de-intercambio-cruces\/#breadcrumb"},"inLanguage":"es","potentialAction":[{"@type":"ReadAction","target":["https:\/\/escenanorte.com\/es\/inscripcion-estancias-de-intercambio-cruces\/"]}]},{"@type":"BreadcrumbList","@id":"https:\/\/escenanorte.com\/es\/inscripcion-estancias-de-intercambio-cruces\/#breadcrumb","itemListElement":[{"@type":"ListItem","position":1,"name":"Portada","item":"https:\/\/escenanorte.com\/es\/"},{"@type":"ListItem","position":2,"name":"Inscripci\u00f3n estancias de intercambio CRUCES"}]},{"@type":"WebSite","@id":"https:\/\/escenanorte.com\/es\/#website","url":"https:\/\/escenanorte.com\/es\/","name":"Camino Escena Norte","description":"Escena Norte","potentialAction":[{"@type":"SearchAction","target":{"@type":"EntryPoint","urlTemplate":"https:\/\/escenanorte.com\/es\/?s={search_term_string}"},"query-input":{"@type":"PropertyValueSpecification","valueRequired":true,"valueName":"search_term_string"}}],"inLanguage":"es"}]}},"publishpress_future_action":{"enabled":false,"date":"2026-05-05 11:43:50","action":"change-status","newStatus":"draft","terms":[],"taxonomy":"translation_priority","extraData":[]},"publishpress_future_workflow_manual_trigger":{"enabledWorkflows":[]},"_links":{"self":[{"href":"https:\/\/escenanorte.com\/es\/wp-json\/wp\/v2\/pages\/4307","targetHints":{"allow":["GET"]}}],"collection":[{"href":"https:\/\/escenanorte.com\/es\/wp-json\/wp\/v2\/pages"}],"about":[{"href":"https:\/\/escenanorte.com\/es\/wp-json\/wp\/v2\/types\/page"}],"author":[{"embeddable":true,"href":"https:\/\/escenanorte.com\/es\/wp-json\/wp\/v2\/users\/1"}],"replies":[{"embeddable":true,"href":"https:\/\/escenanorte.com\/es\/wp-json\/wp\/v2\/comments?post=4307"}],"version-history":[{"count":46,"href":"https:\/\/escenanorte.com\/es\/wp-json\/wp\/v2\/pages\/4307\/revisions"}],"predecessor-version":[{"id":60832,"href":"https:\/\/escenanorte.com\/es\/wp-json\/wp\/v2\/pages\/4307\/revisions\/60832"}],"wp:attachment":[{"href":"https:\/\/escenanorte.com\/es\/wp-json\/wp\/v2\/media?parent=4307"}],"curies":[{"name":"wp","href":"https:\/\/api.w.org\/{rel}","templated":true}]}}