{"id":38955,"date":"2023-08-31T12:31:52","date_gmt":"2023-08-31T10:31:52","guid":{"rendered":"https:\/\/escenanorte.com\/?page_id=38955"},"modified":"2025-08-29T20:29:11","modified_gmt":"2025-08-29T18:29:11","slug":"senderos","status":"publish","type":"page","link":"https:\/\/escenanorte.com\/es\/senderos\/","title":{"rendered":"SENDEROS. Red de colaboraci\u00f3n con proyectos locales."},"content":{"rendered":"<h1>SENDEROS. Red de colaboraci\u00f3n con proyectos locales<\/h1>\n<div>\n<p>En 2023 pusimos en marcha una nueva iniciativa llamada Senderos, consistente en la colaboraci\u00f3n de Camino Escena Norte con un proyecto cultural de cada Comunidad, con el objetivo de crear sinergias, al tiempo que damos fuerza y contexto a nuestro proyecto localmente y proyectamos fuera de la Comunidad los proyectos locales. Proyectos todos que coinciden territorialmente y en fechas aproximadas con nosotros, claro.<\/p>\n<p>La idea surge de la programaci\u00f3n de una de las funciones del Itinerario Constelaciones 2022 en colaboraci\u00f3n con el FIOT (Festival Internacional de Outono de Teatro) de Carballo (Galicia), que nos abri\u00f3 la puerta a pensar que esta f\u00f3rmula de programaci\u00f3n conjunta podr\u00eda ser una idea a trasladar a otros proyectos coincidentes en fechas y territorio. Este a\u00f1o estos Senderos se abrir\u00e1n con una colaboraci\u00f3n con 8 iniciativas culturales diversas de Galicia, Asturias, Cantabria, Euskadi, Navarra y La Rioja, aunque no en todas ellas llevaremos a cabo todav\u00eda una estrategia de programaci\u00f3n conjunta.<\/p>\n<p>Los <span>8<\/span> proyectos que abren estos &#8220;senderos&#8221;:<\/p>\n<\/div>\n<ul>\n<li>\n<p>        <img decoding=\"async\" src=\"\/wp-content\/uploads\/2022\/08\/FIOT-e1661867494108.jpeg\" alt=\"\"><\/p>\n<h3>FIOT<\/h3>\n<p>GALICIA<\/p>\n<div>\n<p>FIOT (Festival Internacional de Outono de Teatro), Carballo. (*) Ya con una funci\u00f3n en colaboraci\u00f3n en esta edici\u00f3n.<a href=\"http:\/\/www.fiot.gal\" target=\"_blank\" rel=\"noopener\"><\/a><\/p>\n<\/div>\n<p><a href=\"https:\/\/fiot.gal\">fiot.gal<\/a><\/p>\n<\/li>\n<li>\n<p>        <img decoding=\"async\" src=\"\/wp-content\/uploads\/2024\/08\/12-Logo-Rincones-y-Recovecos-1.png\" alt=\"\"><\/p>\n<h3>RINCONES Y RECOVECOS<\/h3>\n<p>ASTURIAS<\/p>\n<div>\n<p class=\"p1\"><span class=\"s1\">Rincones y Recovecos<\/span>, Gij\u00f3n. (*) Ya con una funci\u00f3n en colaboraci\u00f3n en esta edici\u00f3n.<span class=\"s2\"><a href=\"http:\/\/www.festivalrinconesyrecovecos.com\/\" target=\"_blank\" rel=\"noopener\"><\/a><\/span><\/p>\n<\/div>\n<p><a href=\"http:\/\/www.festivalrinconesyrecovecos.com\/\">www.festivalrinconesyrecovecos.com<\/a><\/p>\n<\/li>\n<li>\n<p>        <img decoding=\"async\" src=\"\/wp-content\/uploads\/2025\/08\/10-Danza-Xixon.jpg\" alt=\"\"><\/p>\n<h3>DANZA XIX\u00d3N<\/h3>\n<p>ASTURIAS<\/p>\n<div>\n<p>Danza Xix\u00f3n, Xix\u00f3n. (*) Ya con una funci\u00f3n en colaboraci\u00f3n en esta edici\u00f3n.<span><a href=\"https:\/\/www.gijon.es\/es\/eventos\/danza-xixon\" target=\"_blank\" rel=\"noopener\"><\/a><\/span><\/p>\n<\/div>\n<p><a href=\"https:\/\/www.gijon.es\/es\/eventos\/danza-xixon\">www.gijon.es\/es\/eventos\/danza-xixon<\/a><\/p>\n<\/li>\n<li>\n<p>        <img decoding=\"async\" src=\"\/wp-content\/uploads\/2024\/08\/13-Logo-Movimiento-en-Red-1.png\" alt=\"\"><\/p>\n<h3>MOVIMIENTO EN RED<\/h3>\n<p>CANTABRIA<\/p>\n<div>\n<p class=\"p1\">Movimiento en Red. Asociaci\u00f3n de Profesionales de la Danza de Cantabria.<span class=\"s1\"><\/span><\/p>\n<\/div>\n<p><a href=\"https:\/\/movimientoenred.org\/\">movimientoenred.org<\/a><\/p>\n<\/li>\n<li>\n<p>        <img decoding=\"async\" src=\"\/wp-content\/uploads\/2023\/09\/BIDEART-VERDE.png\" alt=\"\"><\/p>\n<h3>BIDEART ZIGOITIA<\/h3>\n<p>EUSKADI<\/p>\n<div>\n<p>Bideart Zigoitia, Zigoitia. (*) Ya con una funci\u00f3n en colaboraci\u00f3n en esta edici\u00f3n.<\/p>\n<\/div>\n<p><a href=\"https:\/\/www.teatropantarhei.com\/bideart\/\">www.teatropantarhei.com\/bideart<\/a><\/p>\n<\/li>\n<li>\n<p>        <img decoding=\"async\" src=\"\/wp-content\/uploads\/2023\/08\/RIBERAENDANZA.jpg\" alt=\"\"><\/p>\n<h3>RIBERA EN DANZA<\/h3>\n<p>COMUNIDAD FORAL DE NAVARRA<\/p>\n<div>\n<p>Ribera en Danza, varios ayuntamientos.<\/p>\n<\/div>\n<p><a href=\"http:\/\/www.riberaendanza.com\">www.riberaendanza.com<\/a><\/p>\n<\/li>\n<li>\n<p>        <img decoding=\"async\" src=\"\/wp-content\/uploads\/2025\/08\/7-MUTE.png\" alt=\"\"><\/p>\n<h3>MUTE<\/h3>\n<p>LA RIOJA<\/p>\n<div>\n<p>MUTE. Festival de Teatro Gestual de La Rioja. (*) Ya con una funci\u00f3n en colaboraci\u00f3n en esta edici\u00f3n.<span><\/span><\/p>\n<\/div>\n<p><a href=\"https:\/\/mutefestival.com\/\">mutefestival.com<\/a><\/p>\n<\/li>\n<li>\n<p>        <img decoding=\"async\" src=\"\/wp-content\/uploads\/2025\/08\/8-FITLO.png\" alt=\"\"><\/p>\n<h3>FITLO<\/h3>\n<p>LA RIOJA<\/p>\n<div>\n<p>FITLO. Festival de Teatro Iberoamericano de La Rioja. (*) Ya con una funci\u00f3n en colaboraci\u00f3n en esta edici\u00f3n.<\/p>\n<\/div>\n<p><a href=\"https:\/\/fitlo.es\/\">fitlo.es<\/a><\/p>\n<\/li>\n<\/ul>\n<p><!--more--><br \/>\n<!-- {\"type\":\"layout\",\"children\":[{\"type\":\"section\",\"props\":{\"image_position\":\"center-center\",\"overlap\":true,\"style\":\"default\",\"title_breakpoint\":\"xl\",\"title_position\":\"top-left\",\"title_rotation\":\"left\",\"vertical_align\":\"\",\"width\":\"default\"},\"children\":[{\"type\":\"row\",\"children\":[{\"type\":\"column\",\"props\":{\"image_position\":\"center-center\",\"position_sticky_breakpoint\":\"m\"},\"children\":[{\"type\":\"headline\",\"props\":{\"content\":\"SENDEROS. Red de colaboraci\\u00f3n con proyectos locales\",\"title_element\":\"h1\"}},{\"type\":\"text\",\"props\":{\"column_breakpoint\":\"m\",\"content\":\"\n\n<p>En 2023 pusimos en marcha una nueva iniciativa llamada Senderos, consistente en la colaboraci\\u00f3n de Camino Escena Norte con un proyecto cultural de cada Comunidad, con el objetivo de crear sinergias, al tiempo que damos fuerza y contexto a nuestro proyecto localmente y proyectamos fuera de la Comunidad los proyectos locales. Proyectos todos que coinciden territorialmente y en fechas aproximadas con nosotros, claro.<\\\/p>\\n\n\n<p>La idea surge de la programaci\\u00f3n de una de las funciones del Itinerario Constelaciones 2022 en colaboraci\\u00f3n con el FIOT (Festival Internacional de Outono de Teatro) de Carballo (Galicia), que nos abri\\u00f3 la puerta a pensar que esta f\\u00f3rmula de programaci\\u00f3n conjunta podr\\u00eda ser una idea a trasladar a otros proyectos coincidentes en fechas y territorio. Este a\\u00f1o estos Senderos se abrir\\u00e1n con una colaboraci\\u00f3n con 8 iniciativas culturales diversas de Galicia, Asturias, Cantabria, Euskadi, Navarra y La Rioja, aunque no en todas ellas llevaremos a cabo todav\\u00eda una estrategia de programaci\\u00f3n conjunta.<\\\/p>\\n\n\n<p>Los <span>8<\\\/span> proyectos que abren estos \\\"senderos\\\":<\\\/p>\",\"margin\":\"default\",\"text_style\":\"lead\"}}]}]},{\"type\":\"row\",\"children\":[{\"type\":\"column\",\"props\":{\"image_position\":\"center-center\",\"position_sticky_breakpoint\":\"m\"},\"children\":[{\"type\":\"grid\",\"props\":{\"content_align\":false,\"content_column_breakpoint\":\"m\",\"content_style\":\"text-small\",\"filter_align\":\"left\",\"filter_all\":true,\"filter_grid_breakpoint\":\"m\",\"filter_grid_width\":\"auto\",\"filter_position\":\"top\",\"filter_style\":\"tab\",\"grid_column_gap\":\"small\",\"grid_default\":\"1\",\"grid_divider\":false,\"grid_large\":\"3\",\"grid_medium\":\"2\",\"grid_parallax_justify\":false,\"grid_row_gap\":\"small\",\"icon_width\":80,\"image_align\":\"between\",\"image_grid_breakpoint\":\"s\",\"image_grid_width\":\"1-3\",\"image_height\":100,\"image_link\":false,\"image_svg_color\":\"emphasis\",\"image_vertical_align\":true,\"item_animation\":true,\"lightbox_bg_close\":true,\"link_fullwidth\":false,\"link_margin\":\"small\",\"link_size\":\"small\",\"link_style\":\"\",\"link_target\":true,\"link_text\":\"\",\"margin\":\"default\",\"meta_align\":\"below-title\",\"meta_element\":\"div\",\"meta_margin\":\"remove\",\"meta_style\":\"text-meta\",\"panel_link\":false,\"panel_padding\":\"small\",\"panel_style\":\"tile-checked\",\"parallax_easing\":\"1\",\"show_content\":true,\"show_hover_image\":true,\"show_hover_video\":true,\"show_image\":true,\"show_link\":true,\"show_meta\":true,\"show_title\":true,\"show_video\":true,\"title_align\":\"top\",\"title_color\":\"secondary\",\"title_element\":\"h3\",\"title_grid_breakpoint\":\"m\",\"title_grid_width\":\"1-2\",\"title_hover_style\":\"reset\"},\"children\":[{\"type\":\"grid_item\",\"props\":{\"content\":\"\n\n<p>FIOT (Festival Internacional de Outono de Teatro), Carballo. (*) Ya con una funci\\u00f3n en colaboraci\\u00f3n en esta edici\\u00f3n.<a href=\\\"http:\\\/\\\/www.fiot.gal\\\" target=\\\"_blank\\\" rel=\\\"noopener\\\"><\\\/a><\\\/p>\",\"image\":\"wp-content\\\/uploads\\\/2022\\\/08\\\/FIOT-e1661867494108.jpeg\",\"link\":\"https:\\\/\\\/fiot.gal\",\"link_text\":\"fiot.gal\",\"meta\":\"GALICIA\",\"title\":\"FIOT\"}},{\"type\":\"grid_item\",\"props\":{\"content\":\"\n\n<p class=\\\"p1\\\"><span class=\\\"s1\\\">Rincones y Recovecos<\\\/span>, Gij\\u00f3n. (*) Ya con una funci\\u00f3n en colaboraci\\u00f3n en esta edici\\u00f3n.<span class=\\\"s2\\\"><a href=\\\"http:\\\/\\\/www.festivalrinconesyrecovecos.com\\\/\\\" target=\\\"_blank\\\" rel=\\\"noopener\\\"><\\\/a><\\\/span><\\\/p>\",\"image\":\"wp-content\\\/uploads\\\/2024\\\/08\\\/12-Logo-Rincones-y-Recovecos-1.png\",\"link\":\"http:\\\/\\\/www.festivalrinconesyrecovecos.com\\\/\",\"link_text\":\"www.festivalrinconesyrecovecos.com\",\"meta\":\"ASTURIAS\",\"title\":\"RINCONES Y RECOVECOS\"}},{\"type\":\"grid_item\",\"props\":{\"content\":\"\n\n<p>Danza Xix\\u00f3n, Xix\\u00f3n. (*) Ya con una funci\\u00f3n en colaboraci\\u00f3n en esta edici\\u00f3n.<span><a href=\\\"https:\\\/\\\/www.gijon.es\\\/es\\\/eventos\\\/danza-xixon\\\" target=\\\"_blank\\\" rel=\\\"noopener\\\"><\\\/a><\\\/span><\\\/p>\",\"image\":\"wp-content\\\/uploads\\\/2025\\\/08\\\/10-Danza-Xixon.jpg\",\"link\":\"https:\\\/\\\/www.gijon.es\\\/es\\\/eventos\\\/danza-xixon\",\"link_text\":\"www.gijon.es\\\/es\\\/eventos\\\/danza-xixon\",\"meta\":\"ASTURIAS\",\"title\":\"DANZA XIX\\u00d3N\"}},{\"type\":\"grid_item\",\"props\":{\"content\":\"\n\n<p class=\\\"p1\\\">Movimiento en Red. Asociaci\\u00f3n de Profesionales de la Danza de Cantabria.<span class=\\\"s1\\\"><\\\/span><\\\/p>\",\"image\":\"wp-content\\\/uploads\\\/2024\\\/08\\\/13-Logo-Movimiento-en-Red-1.png\",\"link\":\"https:\\\/\\\/movimientoenred.org\\\/\",\"link_text\":\"movimientoenred.org\",\"meta\":\"CANTABRIA\",\"title\":\"MOVIMIENTO EN RED\"}},{\"type\":\"grid_item\",\"props\":{\"content\":\"\n\n<p>Bideart Zigoitia, Zigoitia. (*) Ya con una funci\\u00f3n en colaboraci\\u00f3n en esta edici\\u00f3n.<\\\/p>\",\"image\":\"wp-content\\\/uploads\\\/2023\\\/09\\\/BIDEART-VERDE.png\",\"link\":\"https:\\\/\\\/www.teatropantarhei.com\\\/bideart\\\/\",\"link_text\":\"www.teatropantarhei.com\\\/bideart\",\"meta\":\"EUSKADI\",\"title\":\"BIDEART ZIGOITIA\"}},{\"type\":\"grid_item\",\"props\":{\"content\":\"\n\n<p>Ribera en Danza, varios ayuntamientos.<\\\/p>\",\"image\":\"wp-content\\\/uploads\\\/2023\\\/08\\\/RIBERAENDANZA.jpg\",\"link\":\"http:\\\/\\\/www.riberaendanza.com\",\"link_text\":\"www.riberaendanza.com\",\"meta\":\"COMUNIDAD FORAL DE NAVARRA\",\"title\":\"RIBERA EN DANZA\"}},{\"type\":\"grid_item\",\"props\":{\"content\":\"\n\n<p>MUTE. Festival de Teatro Gestual de La Rioja. (*) Ya con una funci\\u00f3n en colaboraci\\u00f3n en esta edici\\u00f3n.<span><\\\/span><\\\/p>\",\"image\":\"wp-content\\\/uploads\\\/2025\\\/08\\\/7-MUTE.png\",\"link\":\"https:\\\/\\\/mutefestival.com\\\/\",\"link_text\":\"mutefestival.com\",\"meta\":\"LA RIOJA\",\"title\":\"MUTE\"}},{\"type\":\"grid_item\",\"props\":{\"content\":\"\n\n<p>FITLO. Festival de Teatro Iberoamericano de La Rioja. (*) Ya con una funci\\u00f3n en colaboraci\\u00f3n en esta edici\\u00f3n.<\\\/p>\",\"image\":\"wp-content\\\/uploads\\\/2025\\\/08\\\/8-FITLO.png\",\"link\":\"https:\\\/\\\/fitlo.es\\\/\",\"link_text\":\"fitlo.es\",\"meta\":\"LA RIOJA\",\"title\":\"FITLO\"}}]}]}]}],\"modified\":\"2023-09-05T11:47:50.126Z\",\"name\":\"Senderos 2023\"}],\"version\":\"4.5.24\"} --><\/p>\n","protected":false},"excerpt":{"rendered":"<p>SENDEROS. Red de colaboraci\u00f3n con proyectos locales En 2023 pusimos en marcha una nueva iniciativa llamada Senderos, consistente en la colaboraci\u00f3n de Camino Escena Norte con un proyecto cultural de [&hellip;]<\/p>\n","protected":false},"author":1,"featured_media":0,"parent":0,"menu_order":0,"comment_status":"closed","ping_status":"closed","template":"","meta":{"footnotes":""},"class_list":["post-38955","page","type-page","status-publish","hentry"],"yoast_head":"<!-- This site is optimized with the Yoast SEO plugin v27.2 - https:\/\/yoast.com\/product\/yoast-seo-wordpress\/ -->\n<title>SENDEROS. Red de colaboraci\u00f3n con proyectos locales. - Camino Escena Norte<\/title>\n<meta name=\"robots\" content=\"index, follow, max-snippet:-1, max-image-preview:large, max-video-preview:-1\" \/>\n<link rel=\"canonical\" href=\"https:\/\/escenanorte.com\/es\/senderos\/\" \/>\n<meta property=\"og:locale\" content=\"es_ES\" \/>\n<meta property=\"og:type\" content=\"article\" \/>\n<meta property=\"og:title\" content=\"SENDEROS. Red de colaboraci\u00f3n con proyectos locales. - Camino Escena Norte\" \/>\n<meta property=\"og:description\" content=\"SENDEROS. Red de colaboraci\u00f3n con proyectos locales En 2023 pusimos en marcha una nueva iniciativa llamada Senderos, consistente en la colaboraci\u00f3n de Camino Escena Norte con un proyecto cultural de [&hellip;]\" \/>\n<meta property=\"og:url\" content=\"https:\/\/escenanorte.com\/es\/senderos\/\" \/>\n<meta property=\"og:site_name\" content=\"Camino Escena Norte\" \/>\n<meta property=\"article:publisher\" content=\"https:\/\/www.facebook.com\/escenanorte\" \/>\n<meta property=\"article:modified_time\" content=\"2025-08-29T18:29:11+00:00\" \/>\n<meta property=\"og:image\" content=\"https:\/\/escenanorte.com\/wp-content\/uploads\/2025\/06\/AAFF-CEN-ARTE-50X70-AS.jpg\" \/>\n\t<meta property=\"og:image:width\" content=\"1600\" \/>\n\t<meta property=\"og:image:height\" content=\"2233\" \/>\n\t<meta property=\"og:image:type\" content=\"image\/jpeg\" \/>\n<meta name=\"twitter:card\" content=\"summary_large_image\" \/>\n<meta name=\"twitter:label1\" content=\"Tiempo de lectura\" \/>\n\t<meta name=\"twitter:data1\" content=\"3 minutos\" \/>\n<script type=\"application\/ld+json\" class=\"yoast-schema-graph\">{\"@context\":\"https:\/\/schema.org\",\"@graph\":[{\"@type\":\"WebPage\",\"@id\":\"https:\/\/escenanorte.com\/es\/senderos\/\",\"url\":\"https:\/\/escenanorte.com\/es\/senderos\/\",\"name\":\"SENDEROS. Red de colaboraci\u00f3n con proyectos locales. - Camino Escena Norte\",\"isPartOf\":{\"@id\":\"https:\/\/escenanorte.com\/es\/#website\"},\"datePublished\":\"2023-08-31T10:31:52+00:00\",\"dateModified\":\"2025-08-29T18:29:11+00:00\",\"breadcrumb\":{\"@id\":\"https:\/\/escenanorte.com\/es\/senderos\/#breadcrumb\"},\"inLanguage\":\"es\",\"potentialAction\":[{\"@type\":\"ReadAction\",\"target\":[\"https:\/\/escenanorte.com\/es\/senderos\/\"]}]},{\"@type\":\"BreadcrumbList\",\"@id\":\"https:\/\/escenanorte.com\/es\/senderos\/#breadcrumb\",\"itemListElement\":[{\"@type\":\"ListItem\",\"position\":1,\"name\":\"Portada\",\"item\":\"https:\/\/escenanorte.com\/es\/\"},{\"@type\":\"ListItem\",\"position\":2,\"name\":\"SENDEROS. Red de colaboraci\u00f3n con proyectos locales.\"}]},{\"@type\":\"WebSite\",\"@id\":\"https:\/\/escenanorte.com\/es\/#website\",\"url\":\"https:\/\/escenanorte.com\/es\/\",\"name\":\"Camino Escena Norte\",\"description\":\"Escena Norte\",\"potentialAction\":[{\"@type\":\"SearchAction\",\"target\":{\"@type\":\"EntryPoint\",\"urlTemplate\":\"https:\/\/escenanorte.com\/es\/?s={search_term_string}\"},\"query-input\":{\"@type\":\"PropertyValueSpecification\",\"valueRequired\":true,\"valueName\":\"search_term_string\"}}],\"inLanguage\":\"es\"}]}<\/script>\n<!-- \/ Yoast SEO plugin. -->","yoast_head_json":{"title":"SENDEROS. Red de colaboraci\u00f3n con proyectos locales. - Camino Escena Norte","robots":{"index":"index","follow":"follow","max-snippet":"max-snippet:-1","max-image-preview":"max-image-preview:large","max-video-preview":"max-video-preview:-1"},"canonical":"https:\/\/escenanorte.com\/es\/senderos\/","og_locale":"es_ES","og_type":"article","og_title":"SENDEROS. Red de colaboraci\u00f3n con proyectos locales. - Camino Escena Norte","og_description":"SENDEROS. Red de colaboraci\u00f3n con proyectos locales En 2023 pusimos en marcha una nueva iniciativa llamada Senderos, consistente en la colaboraci\u00f3n de Camino Escena Norte con un proyecto cultural de [&hellip;]","og_url":"https:\/\/escenanorte.com\/es\/senderos\/","og_site_name":"Camino Escena Norte","article_publisher":"https:\/\/www.facebook.com\/escenanorte","article_modified_time":"2025-08-29T18:29:11+00:00","og_image":[{"width":1600,"height":2233,"url":"https:\/\/escenanorte.com\/wp-content\/uploads\/2025\/06\/AAFF-CEN-ARTE-50X70-AS.jpg","type":"image\/jpeg"}],"twitter_card":"summary_large_image","twitter_misc":{"Tiempo de lectura":"3 minutos"},"schema":{"@context":"https:\/\/schema.org","@graph":[{"@type":"WebPage","@id":"https:\/\/escenanorte.com\/es\/senderos\/","url":"https:\/\/escenanorte.com\/es\/senderos\/","name":"SENDEROS. Red de colaboraci\u00f3n con proyectos locales. - Camino Escena Norte","isPartOf":{"@id":"https:\/\/escenanorte.com\/es\/#website"},"datePublished":"2023-08-31T10:31:52+00:00","dateModified":"2025-08-29T18:29:11+00:00","breadcrumb":{"@id":"https:\/\/escenanorte.com\/es\/senderos\/#breadcrumb"},"inLanguage":"es","potentialAction":[{"@type":"ReadAction","target":["https:\/\/escenanorte.com\/es\/senderos\/"]}]},{"@type":"BreadcrumbList","@id":"https:\/\/escenanorte.com\/es\/senderos\/#breadcrumb","itemListElement":[{"@type":"ListItem","position":1,"name":"Portada","item":"https:\/\/escenanorte.com\/es\/"},{"@type":"ListItem","position":2,"name":"SENDEROS. Red de colaboraci\u00f3n con proyectos locales."}]},{"@type":"WebSite","@id":"https:\/\/escenanorte.com\/es\/#website","url":"https:\/\/escenanorte.com\/es\/","name":"Camino Escena Norte","description":"Escena Norte","potentialAction":[{"@type":"SearchAction","target":{"@type":"EntryPoint","urlTemplate":"https:\/\/escenanorte.com\/es\/?s={search_term_string}"},"query-input":{"@type":"PropertyValueSpecification","valueRequired":true,"valueName":"search_term_string"}}],"inLanguage":"es"}]}},"publishpress_future_action":{"enabled":false,"date":"2026-04-30 16:53:04","action":"change-status","newStatus":"draft","terms":[],"taxonomy":"translation_priority","extraData":[]},"publishpress_future_workflow_manual_trigger":{"enabledWorkflows":[]},"_links":{"self":[{"href":"https:\/\/escenanorte.com\/es\/wp-json\/wp\/v2\/pages\/38955","targetHints":{"allow":["GET"]}}],"collection":[{"href":"https:\/\/escenanorte.com\/es\/wp-json\/wp\/v2\/pages"}],"about":[{"href":"https:\/\/escenanorte.com\/es\/wp-json\/wp\/v2\/types\/page"}],"author":[{"embeddable":true,"href":"https:\/\/escenanorte.com\/es\/wp-json\/wp\/v2\/users\/1"}],"replies":[{"embeddable":true,"href":"https:\/\/escenanorte.com\/es\/wp-json\/wp\/v2\/comments?post=38955"}],"version-history":[{"count":28,"href":"https:\/\/escenanorte.com\/es\/wp-json\/wp\/v2\/pages\/38955\/revisions"}],"predecessor-version":[{"id":77196,"href":"https:\/\/escenanorte.com\/es\/wp-json\/wp\/v2\/pages\/38955\/revisions\/77196"}],"wp:attachment":[{"href":"https:\/\/escenanorte.com\/es\/wp-json\/wp\/v2\/media?parent=38955"}],"curies":[{"name":"wp","href":"https:\/\/api.w.org\/{rel}","templated":true}]}}