{"id":1099,"date":"2020-08-28T20:02:50","date_gmt":"2020-08-28T18:02:50","guid":{"rendered":"https:\/\/escenanorte.com\/?page_id=1099"},"modified":"2025-08-26T13:09:10","modified_gmt":"2025-08-26T11:09:10","slug":"itinerario-constelaciones","status":"publish","type":"page","link":"https:\/\/escenanorte.com\/es\/itinerario-constelaciones\/","title":{"rendered":"Itinerario Constelaciones"},"content":{"rendered":"<h1>Itinerario Constelaciones 2025<\/h1>\n<h1><span>Del 12 de septiembre al 26 de octubre<\/span><\/h1>\n<div>\n<p>Eje vertebrador del proyecto Camino Escena Norte, es el itinerario de funciones de artes esc\u00e9nicas que recorrer\u00e1 m\u00e1s de 60 sedes en las 6 Comunidades que conforman el territorio cultural com\u00fan creado: Galicia, Principado de Asturias, Cantabria, Euskadi, la Comunidad Foral de Navarra y La Rioja.<\/p>\n<p>En este 2025 son 18 los espect\u00e1culos que conforman la selecci\u00f3n de nuestro itinerario, en una programaci\u00f3n de corte generalista en la que prima la diversidad de lenguajes, est\u00e9ticas y tipos de p\u00fablico. Una peque\u00f1a selecci\u00f3n de lo mejor de las artes esc\u00e9nicas gallegas, asturianas, c\u00e1ntabras, vascas, navarras y riojanas. M\u00e1s funciones que nunca en la programaci\u00f3n de esta 7\u00aa edici\u00f3n.<\/p>\n<p>Siendo uno de los pilares del programa la diversidad en formatos, est\u00e9ticas y lenguajes, el censo de espacios es tambi\u00e9n diverso en tipolog\u00edas.<\/p>\n<p>El mismo cuenta con espacios outdoor\/hist\u00f3ricos\/singulares para los espect\u00e1culos adaptables y sin grandes necesidades t\u00e9cnicas, pero Camino Escena Norte necesita tambi\u00e9n teatros, auditorios y otros espacios esc\u00e9nicos perfectamente equipados para la programaci\u00f3n de espect\u00e1culos de gran formato y a la italiana.<\/p>\n<p>Para ordenar esta diversidad de espacios en las 6 Comunidades, recogemos el concepto de las constelaciones, como gu\u00edas y acompa\u00f1antes tambi\u00e9n de quienes recorren los Caminos a Santiago.<\/p>\n<\/div>\n<div>\n<\/div>\n<p><!--more--><br \/>\n<!-- {\"type\":\"layout\",\"children\":[{\"name\":\"Cabeceira\",\"type\":\"section\",\"props\":{\"animation\":\"fade\",\"header_transparent\":true,\"header_transparent_noplaceholder\":false,\"header_transparent_text_color\":\"light\",\"image\":\"wp-content\\\/uploads\\\/2025\\\/07\\\/SONANDO-A-LORCA-1o-scaled.jpeg\",\"image_effect\":\"fixed\",\"image_position\":\"center-center\",\"image_size\":\"cover\",\"media_overlay\":\"rgba(73, 6, 75, 0.75)\",\"overlap\":true,\"padding_remove_top\":false,\"preserve_color\":true,\"style\":\"secondary\",\"title_breakpoint\":\"xl\",\"title_position\":\"top-left\",\"title_rotation\":\"left\",\"vertical_align\":\"\",\"width\":\"xlarge\"},\"children\":[{\"type\":\"row\",\"children\":[{\"type\":\"column\",\"props\":{\"image_position\":\"center-center\",\"position_sticky_breakpoint\":\"m\",\"vertical_align\":\"bottom\",\"width_medium\":\"1-1\"},\"children\":[{\"type\":\"headline\",\"props\":{\"content\":\"Itinerario Constelaciones 2025\",\"css\":\".el-element {\\n color: #DA1884\\n}\",\"maxwidth_breakpoint\":\"m\",\"title_color\":\"primary\",\"title_element\":\"h1\",\"title_style\":\"heading-medium\"}},{\"type\":\"headline\",\"props\":{\"content\":\"<span>Del 12 de septiembre al 26 de octubre<\\\/span>\",\"margin_remove_top\":true,\"title_color\":\"success\",\"title_element\":\"h1\"}},{\"type\":\"text\",\"props\":{\"column_breakpoint\":\"m\",\"content\":\"\n\n<p>Eje vertebrador del proyecto Camino Escena Norte, es el itinerario de funciones de artes esc\\u00e9nicas que recorrer\\u00e1 m\\u00e1s de 60 sedes en las 6 Comunidades que conforman el territorio cultural com\\u00fan creado: Galicia, Principado de Asturias, Cantabria, Euskadi, la Comunidad Foral de Navarra y La Rioja.<\\\/p>\\n\n\n<p>En este 2025 son 18 los espect\\u00e1culos que conforman la selecci\\u00f3n de nuestro itinerario, en una programaci\\u00f3n de corte generalista en la que prima la diversidad de lenguajes, est\\u00e9ticas y tipos de p\\u00fablico. Una peque\\u00f1a selecci\\u00f3n de lo mejor de las artes esc\\u00e9nicas gallegas, asturianas, c\\u00e1ntabras, vascas, navarras y riojanas. M\\u00e1s funciones que nunca en la programaci\\u00f3n de esta 7\\u00aa edici\\u00f3n.<\\\/p>\\n\n\n<p>Siendo uno de los pilares del programa la diversidad en formatos, est\\u00e9ticas y lenguajes, el censo de espacios es tambi\\u00e9n diverso en tipolog\\u00edas.<\\\/p>\\n\n\n<p>El mismo cuenta con espacios outdoor\\\/hist\\u00f3ricos\\\/singulares para los espect\\u00e1culos adaptables y sin grandes necesidades t\\u00e9cnicas, pero Camino Escena Norte necesita tambi\\u00e9n teatros, auditorios y otros espacios esc\\u00e9nicos perfectamente equipados para la programaci\\u00f3n de espect\\u00e1culos de gran formato y a la italiana.<\\\/p>\\n\n\n<p>Para ordenar esta diversidad de espacios en las 6 Comunidades, recogemos el concepto de las constelaciones, como gu\\u00edas y acompa\\u00f1antes tambi\\u00e9n de quienes recorren los Caminos a Santiago.<\\\/p>\",\"css\":\".el-element {\\n    color: white;\\n}\",\"margin\":\"default\",\"margin_remove_top\":false,\"text_style\":\"large\"}},{\"name\":\"Espect\\u00e1culos 2025\",\"type\":\"gallery\",\"props\":{\"content_display\":\"item\",\"content_margin\":\"remove\",\"content_style\":\"h4\",\"filter_align\":\"left\",\"filter_all\":true,\"filter_grid_breakpoint\":\"m\",\"filter_grid_width\":\"auto\",\"filter_position\":\"top\",\"filter_style\":\"tab\",\"grid_column_gap\":\"small\",\"grid_default\":\"1\",\"grid_divider\":false,\"grid_medium\":\"3\",\"grid_parallax\":\"0\",\"grid_row_gap\":\"small\",\"image_height\":\"720\",\"image_transition\":\"scale-up\",\"image_width\":\"1280\",\"item_animation\":true,\"lightbox\":false,\"lightbox_bg_close\":true,\"lightbox_image_height\":\"720\",\"lightbox_image_width\":\"1280\",\"link_margin\":\"small\",\"link_size\":\"small\",\"link_style\":\"primary\",\"link_text\":\"\",\"margin\":\"medium\",\"meta_align\":\"above-title\",\"meta_element\":\"div\",\"meta_margin\":\"remove\",\"meta_style\":\"text-meta\",\"overlay_hover\":true,\"overlay_link\":true,\"overlay_mode\":\"caption\",\"overlay_padding\":\"small\",\"overlay_position\":\"bottom\",\"overlay_style\":\"tile-default\",\"overlay_transition\":\"slide-bottom-medium\",\"overlay_transition_background\":false,\"parallax_easing\":\"1\",\"show_content\":true,\"show_hover_image\":false,\"show_hover_video\":false,\"show_link\":true,\"show_meta\":true,\"show_title\":true,\"text_align\":\"left\",\"text_color\":\"light\",\"text_color_hover\":false,\"title_color\":\"primary\",\"title_decoration\":\"bullet\",\"title_element\":\"h3\",\"title_hover_style\":\"reset\",\"title_margin\":\"remove\",\"title_style\":\"h5\"},\"children\":[{\"type\":\"gallery_item\",\"source\":{\"query\":{\"name\":\"posts.customPosts\",\"arguments\":{\"terms\":[244],\"category_operator\":\"IN\",\"post_tag_operator\":\"IN\",\"users\":[],\"users_operator\":\"IN\",\"offset\":0,\"limit\":18,\"order\":\"date\",\"order_direction\":\"ASC\"}},\"props\":{\"content\":{\"name\":\"title\"},\"title\":{\"arguments\":{\"separator\":\", \",\"show_link\":true,\"link_style\":\"\"},\"name\":\"post_tagString\"},\"image\":{\"name\":\"featuredImage.url\"},\"link\":{\"name\":\"link\"}}}}]}]}]}]},{\"type\":\"section\",\"props\":{\"image_position\":\"center-center\",\"status\":\"disabled\",\"style\":\"default\",\"title_breakpoint\":\"xl\",\"title_position\":\"top-left\",\"title_rotation\":\"left\",\"vertical_align\":\"\",\"width\":\"default\"},\"children\":[{\"type\":\"row\",\"children\":[{\"type\":\"column\",\"props\":{\"image_position\":\"center-center\",\"position_sticky_breakpoint\":\"m\",\"width_medium\":\"1-1\"},\"children\":[{\"type\":\"text\",\"props\":{\"column_breakpoint\":\"m\",\"content\":\"\n\n<p>Para ordenar esta diversidad de espacios en las <span>cinco Comunidades, <\\\/span>recogemos el concepto de las constelaciones, como gu\\u00edas y acompa\\u00f1antes tambi\\u00e9n de quienes recorren los<span> Caminos a Santiago.<\\\/span><\\\/p>\\n\n\n<p>El Ciclo Constelaciones se divide en:<\\\/p>\",\"margin\":\"default\",\"margin_remove_top\":false,\"text_style\":\"large\"}},{\"type\":\"headline\",\"props\":{\"content\":\"\n\n<p>Constelaciones Escenario<\\\/p>\",\"title_color\":\"danger\",\"title_element\":\"h1\"}},{\"type\":\"text\",\"props\":{\"column_breakpoint\":\"m\",\"content\":\"\n\n<p>Los espacios esc\\u00e9nicos a la italiana: teatros, auditorios, centros culturales donde tienen lugar los espect\\u00e1culos de programaci\\u00f3n de sala.\\u00a0<\\\/p>\",\"margin\":\"default\",\"margin_remove_top\":false,\"text_style\":\"large\"}},{\"type\":\"description_list\",\"props\":{\"column_breakpoint\":\"m\",\"column_divider\":false,\"layout\":\"stacked\",\"list_element\":\"ul\",\"list_marker_color\":\"emphasis\",\"list_size\":\"large\",\"meta_align\":\"below-content\",\"meta_style\":\"text-meta\",\"show_content\":true,\"show_link\":false,\"show_meta\":false,\"show_title\":true,\"title_color\":\"danger\",\"title_element\":\"h3\",\"title_grid_column_gap\":\"medium\",\"title_grid_row_gap\":\"medium\",\"title_grid_width\":\"small\",\"title_style\":\"h3\"},\"children\":[{\"type\":\"description_list_item\",\"props\":{\"content\":\"\n\n<ul>\\n\n\n<li class=\\\"p1\\\">LUGO: Auditorio Gustavo Freire.<\\\/li>\\n\n\n<li class=\\\"p1\\\">RIBADEO: Auditorio Hern\\u00e1n Naval.<\\\/li>\\n\n\n<li class=\\\"p1\\\">VIVEIRO: Teatro Pastor D\\u00edaz.<\\\/li>\\n\n\n<li class=\\\"p1\\\">AMES: Auditorio Municipal.<\\\/li>\\n\n\n<li class=\\\"p1\\\">CARBALLO: Pazo da Cultura.<\\\/li>\\n\n\n<li class=\\\"p1\\\">MELIDE: Auditorio Centro Sociocultural.<\\\/li>\\n\n\n<li class=\\\"p1\\\">VIMIANZO: Auditorio Casa de Cultura.<\\\/li>\\n\n\n<li class=\\\"p1\\\">OUTES: Auditorio Casa de Cultura.<\\\/li>\\n\n\n<li class=\\\"p1\\\">VILALBA: Auditorio Municipal Carmen Est\\u00e9vez.<\\\/li>\\n<\\\/ul>\",\"title\":\"Galicia\"}},{\"type\":\"description_list_item\",\"props\":{\"content\":\"\n\n<p><\\\/p>\\n\n\n<ul>\\n\n\n<li class=\\\"p1\\\">GIJ\\u00d3N: Teatro La Laboral.<\\\/li>\\n\n\n<li class=\\\"p1\\\">VILLAVICIOSA: Teatro Riera.<\\\/li>\\n\n\n<li class=\\\"p1\\\">AVIL\\u00c9S: C.C. Los Canap\\u00e9s.<\\\/li>\\n\n\n<li class=\\\"p1\\\">OVIEDO: Teatro Filarm\\u00f3nica.<\\\/li>\\n\n\n<li class=\\\"p1\\\">NAVIA: Teatro Fantasio.<\\\/li>\\n\n\n<li class=\\\"p1\\\">VEGADEO: Auditorio Casa de Cultura.<\\\/li>\\n\n\n<li class=\\\"p1\\\">MIERES: Auditorio Municipal Teodoro Cuesta.<\\\/li>\\n\n\n<li class=\\\"p1\\\">CORVERA: Teatro El LLar.<\\\/li>\\n\n\n<li class=\\\"p1\\\">SOTO DEL BARCO: Teatro Clar\\u00edn.<\\\/li>\\n<\\\/ul>\",\"title\":\"Asturias\"}},{\"type\":\"description_list_item\",\"props\":{\"content\":\"\n\n<ul>\\n\n\n<li class=\\\"p1\\\">SAN VICENTE DE LA BARQUERA: Auditorio David Bustamante.<\\\/li>\\n\n\n<li class=\\\"p1\\\">SANTO\\u00d1A: Teatro Casino Liceo.<\\\/li>\\n\n\n<li class=\\\"p1\\\">MEDIO CUDEYO: Auditorio C.C. Ram\\u00f3n Pelayo.<\\\/li>\\n\n\n<li class=\\\"p1\\\">MARINA DE CUDEYO: Teatro Antiguas Escuelas de Orejo.<\\\/li>\\n\n\n<li class=\\\"p1\\\">LAREDO: Auditorio Casa de Cultura Doctor Velasco.<\\\/li>\\n\n\n<li class=\\\"p1\\\">CABEZ\\u00d3N DE LA SAL: Espacio Esc\\u00e9nico Santiago Galas.<\\\/li>\\n\n\n<li class=\\\"p1\\\">SANTANDER: Sala Pereda, Palacio de Festivales.<\\\/li>\\n\n\n<li class=\\\"p1\\\">TORRELAVEGA: Teatro Municipal Concha Espina.<\\\/li>\\n\n\n<li class=\\\"p1\\\">UNQUERA, VAL DE SAN VICENTE: Auditorio Bajo Deva.<\\\/li>\\n\n\n<li class=\\\"p1\\\">LOS CORRALES DE BUELNA: Teatro Municipal.<\\\/li>\\n<\\\/ul>\",\"title\":\"Cantabria\"}},{\"type\":\"description_list_item\",\"props\":{\"content\":\"\n\n<ul>\\n\n\n<li>HONDARRIBIA: Auditorio Itsas Etxea.<\\\/li>\\n\n\n<li class=\\\"p1\\\">MUSKIZ: Teatro\\\/Cine Meatzari Aretoa.<\\\/li>\\n\n\n<li class=\\\"p1\\\">ELORRIO: Teatro Arriola.<\\\/li>\\n\n\n<li class=\\\"p1\\\">BILBAO: Harrobia Eskena.<\\\/li>\\n\n\n<li class=\\\"p1\\\">EIBAR: Teatro Koliseo.<\\\/li>\\n\n\n<li class=\\\"p1\\\">ZARAUTZ: Modelo Aretoa.<\\\/li>\\n\n\n<li class=\\\"p1\\\">ZIGOITIA: Centro Sociocultural.<\\\/li>\\n\n\n<li class=\\\"p1\\\">ZUMAIA: Aita Mari Aretoa.<\\\/li>\\n<\\\/ul>\",\"title\":\"Euskadi\"}},{\"type\":\"description_list_item\",\"props\":{\"content\":\"\n\n<ul>\\n\n\n<li class=\\\"p1\\\">ALSASUA: Centro Cultural Iortia.<\\\/li>\\n\n\n<li class=\\\"p1\\\">AZAGRA: Sal\\u00f3n de Actos del CP Francisco Arbeloa e IESO Reyno.<\\\/li>\\n\n\n<li class=\\\"p1\\\">ARANGUREN: Auditorio de la Casa de Cultura.<\\\/li>\\n\n\n<li class=\\\"p1\\\">VILLAVA: Casa de Cultura.<\\\/li>\\n\n\n<li class=\\\"p1\\\">TAFALLA: Centro Cultural Tafalla Kulturgunea.<\\\/li>\\n\n\n<li class=\\\"p1\\\">ZIZUR MAYOR: Auditorio de la Casa de Cultura.<\\\/li>\\n<\\\/ul>\",\"title\":\"Comunidad Foral de Navarra\"}}]}]}]}]},{\"type\":\"section\",\"props\":{\"image_position\":\"center-center\",\"overlap\":true,\"padding_remove_top\":true,\"status\":\"disabled\",\"style\":\"default\",\"title_breakpoint\":\"xl\",\"title_position\":\"top-left\",\"title_rotation\":\"left\",\"vertical_align\":\"\",\"width\":\"default\"},\"children\":[{\"type\":\"row\",\"children\":[{\"type\":\"column\",\"props\":{\"image_position\":\"center-center\",\"position_sticky_breakpoint\":\"m\",\"width_medium\":\"1-1\"},\"children\":[{\"type\":\"headline\",\"props\":{\"content\":\"Constelaciones Patrimonio\",\"title_color\":\"success\",\"title_element\":\"h1\"}},{\"type\":\"text\",\"props\":{\"column_breakpoint\":\"m\",\"content\":\"\n\n<p>Los <i>site specific<\\\/i> (interiores o calle), espacios de alto inter\\u00e9s patrimonial e hist\\u00f3rico donde tienen lugar los espect\\u00e1culos adaptables t\\u00e9cnica y tem\\u00e1ticamente al entorno *.<\\\/p>\",\"margin\":\"default\",\"margin_remove_top\":false,\"text_style\":\"large\"}},{\"type\":\"description_list\",\"props\":{\"column_breakpoint\":\"m\",\"layout\":\"stacked\",\"list_element\":\"ul\",\"meta_align\":\"below-content\",\"meta_style\":\"text-meta\",\"show_content\":true,\"show_link\":false,\"show_meta\":false,\"show_title\":true,\"title_color\":\"success\",\"title_element\":\"h3\",\"title_grid_column_gap\":\"medium\",\"title_grid_row_gap\":\"medium\",\"title_grid_width\":\"small\",\"title_style\":\"h3\"},\"children\":[{\"type\":\"description_list_item\",\"props\":{\"content\":\"\n\n<ul>\\n\n\n<li class=\\\"p1\\\">ARZ\\u00daA: Capela da Madanela.<\\\/li>\\n\n\n<li class=\\\"p1\\\">SANTIAGO DE COMPOSTELA: Praza da Quintana<\\\/li>\\n\n\n<li class=\\\"p1\\\">FOZ: Plaza Conde de Fontao<\\\/li>\\n\n\n<li class=\\\"p1\\\">SOBRADO DOS MONXES: Monasterio de Santa Mar\\u00eda.<\\\/li>\\n<\\\/ul>\",\"title\":\"Galicia\"}},{\"type\":\"description_list_item\",\"props\":{\"content\":\"\n\n<ul>\\n\n\n<li class=\\\"p1\\\">RIBADESELLA: Cuevona de Ardines-CAR Tito Bustillo.<\\\/li>\\n\n\n<li class=\\\"p1\\\">LLANES: Casino.<\\\/li>\\n\n\n<li class=\\\"p1\\\">LLANERA: Espacio Esc\\u00e9nico Plaza de la Habana.<\\\/li>\\n<\\\/ul>\",\"title\":\"Asturias\"}},{\"type\":\"description_list_item\",\"props\":{\"content\":\"\n\n<ul>\\n\n\n<li class=\\\"p1\\\">COMILLAS: Parque de Sobrellano<\\\/li>\\n\n\n<li class=\\\"p1\\\">CASTRO URDIALES: Castillo-Faro.<\\\/li>\\n\n\n<li class=\\\"p1\\\">POTES: Habario de Pendes.<\\\/li>\\n<\\\/ul>\",\"title\":\"Cantabria\"}},{\"type\":\"description_list_item\",\"props\":{\"content\":\"\n\n<ul>\\n\n\n<li class=\\\"p1\\\">GERNIKA: Fuente de Mercurio.<\\\/li>\\n\n\n<li class=\\\"p1\\\">MUTRIKU: Plaza Zabiel.<\\\/li>\\n\n\n<li class=\\\"p1\\\">VITORIA-GASTEIZ: Plaza de la Catedral.<\\\/li>\\n\n\n<li class=\\\"p1\\\">AGURAIN: Plaza de San Juan.<\\\/li>\\n\n\n<li class=\\\"p1\\\">LABASTIDA: Plaza de la Paz.<\\\/li>\\n<\\\/ul>\",\"title\":\"Euskadi\"}},{\"type\":\"description_list_item\",\"props\":{\"content\":\"\n\n<ul>\\n\n\n<li class=\\\"p1\\\">VIANA: Plaza de las Ruinas Iglesia de San Pedro y jardines de Serrat.<\\\/li>\\n\n\n<li class=\\\"p1\\\">SANG\\u00dcESA: Auditorio del Carmen.<\\\/li>\\n\n\n<li>PAMPLONA: Ciudadela.<\\\/li>\\n<\\\/ul>\",\"title\":\"Comunidad Foral de Navarra\"}}]},{\"type\":\"text\",\"props\":{\"column_breakpoint\":\"m\",\"content\":\"\n\n<p>* Se cuenta siempre con un plan B en el caso de las funciones en exterior.<\\\/p>\",\"margin\":\"default\",\"text_style\":\"small\"}}]}]}]}],\"version\":\"4.5.24\"} --><\/p>\n","protected":false},"excerpt":{"rendered":"<p>Itinerario Constelaciones 2025 Del 12 de septiembre al 26 de octubre Eje vertebrador del proyecto Camino Escena Norte, es el itinerario de funciones de artes esc\u00e9nicas que recorrer\u00e1 m\u00e1s de [&hellip;]<\/p>\n","protected":false},"author":1,"featured_media":0,"parent":0,"menu_order":0,"comment_status":"closed","ping_status":"closed","template":"","meta":{"footnotes":""},"class_list":["post-1099","page","type-page","status-publish","hentry"],"yoast_head":"<!-- This site is optimized with the Yoast SEO plugin v27.2 - https:\/\/yoast.com\/product\/yoast-seo-wordpress\/ -->\n<title>Itinerario Constelaciones - Camino Escena Norte<\/title>\n<meta name=\"robots\" content=\"index, follow, max-snippet:-1, max-image-preview:large, max-video-preview:-1\" \/>\n<link rel=\"canonical\" href=\"https:\/\/escenanorte.com\/es\/itinerario-constelaciones\/\" \/>\n<meta property=\"og:locale\" content=\"es_ES\" \/>\n<meta property=\"og:type\" content=\"article\" \/>\n<meta property=\"og:title\" content=\"Itinerario Constelaciones - Camino Escena Norte\" \/>\n<meta property=\"og:description\" content=\"Itinerario Constelaciones 2025 Del 12 de septiembre al 26 de octubre Eje vertebrador del proyecto Camino Escena Norte, es el itinerario de funciones de artes esc\u00e9nicas que recorrer\u00e1 m\u00e1s de [&hellip;]\" \/>\n<meta property=\"og:url\" content=\"https:\/\/escenanorte.com\/es\/itinerario-constelaciones\/\" \/>\n<meta property=\"og:site_name\" content=\"Camino Escena Norte\" \/>\n<meta property=\"article:publisher\" content=\"https:\/\/www.facebook.com\/escenanorte\" \/>\n<meta property=\"article:modified_time\" content=\"2025-08-26T11:09:10+00:00\" \/>\n<meta property=\"og:image\" content=\"https:\/\/escenanorte.com\/wp-content\/uploads\/2025\/06\/AAFF-CEN-ARTE-50X70-AS.jpg\" \/>\n\t<meta property=\"og:image:width\" content=\"1600\" \/>\n\t<meta property=\"og:image:height\" content=\"2233\" \/>\n\t<meta property=\"og:image:type\" content=\"image\/jpeg\" \/>\n<meta name=\"twitter:card\" content=\"summary_large_image\" \/>\n<meta name=\"twitter:label1\" content=\"Tiempo de lectura\" \/>\n\t<meta name=\"twitter:data1\" content=\"1 minuto\" \/>\n<script type=\"application\/ld+json\" class=\"yoast-schema-graph\">{\"@context\":\"https:\/\/schema.org\",\"@graph\":[{\"@type\":\"WebPage\",\"@id\":\"https:\/\/escenanorte.com\/es\/itinerario-constelaciones\/\",\"url\":\"https:\/\/escenanorte.com\/es\/itinerario-constelaciones\/\",\"name\":\"Itinerario Constelaciones - Camino Escena Norte\",\"isPartOf\":{\"@id\":\"https:\/\/escenanorte.com\/es\/#website\"},\"datePublished\":\"2020-08-28T18:02:50+00:00\",\"dateModified\":\"2025-08-26T11:09:10+00:00\",\"breadcrumb\":{\"@id\":\"https:\/\/escenanorte.com\/es\/itinerario-constelaciones\/#breadcrumb\"},\"inLanguage\":\"es\",\"potentialAction\":[{\"@type\":\"ReadAction\",\"target\":[\"https:\/\/escenanorte.com\/es\/itinerario-constelaciones\/\"]}]},{\"@type\":\"BreadcrumbList\",\"@id\":\"https:\/\/escenanorte.com\/es\/itinerario-constelaciones\/#breadcrumb\",\"itemListElement\":[{\"@type\":\"ListItem\",\"position\":1,\"name\":\"Portada\",\"item\":\"https:\/\/escenanorte.com\/es\/\"},{\"@type\":\"ListItem\",\"position\":2,\"name\":\"Itinerario Constelaciones\"}]},{\"@type\":\"WebSite\",\"@id\":\"https:\/\/escenanorte.com\/es\/#website\",\"url\":\"https:\/\/escenanorte.com\/es\/\",\"name\":\"Camino Escena Norte\",\"description\":\"Escena Norte\",\"potentialAction\":[{\"@type\":\"SearchAction\",\"target\":{\"@type\":\"EntryPoint\",\"urlTemplate\":\"https:\/\/escenanorte.com\/es\/?s={search_term_string}\"},\"query-input\":{\"@type\":\"PropertyValueSpecification\",\"valueRequired\":true,\"valueName\":\"search_term_string\"}}],\"inLanguage\":\"es\"}]}<\/script>\n<!-- \/ Yoast SEO plugin. -->","yoast_head_json":{"title":"Itinerario Constelaciones - Camino Escena Norte","robots":{"index":"index","follow":"follow","max-snippet":"max-snippet:-1","max-image-preview":"max-image-preview:large","max-video-preview":"max-video-preview:-1"},"canonical":"https:\/\/escenanorte.com\/es\/itinerario-constelaciones\/","og_locale":"es_ES","og_type":"article","og_title":"Itinerario Constelaciones - Camino Escena Norte","og_description":"Itinerario Constelaciones 2025 Del 12 de septiembre al 26 de octubre Eje vertebrador del proyecto Camino Escena Norte, es el itinerario de funciones de artes esc\u00e9nicas que recorrer\u00e1 m\u00e1s de [&hellip;]","og_url":"https:\/\/escenanorte.com\/es\/itinerario-constelaciones\/","og_site_name":"Camino Escena Norte","article_publisher":"https:\/\/www.facebook.com\/escenanorte","article_modified_time":"2025-08-26T11:09:10+00:00","og_image":[{"width":1600,"height":2233,"url":"https:\/\/escenanorte.com\/wp-content\/uploads\/2025\/06\/AAFF-CEN-ARTE-50X70-AS.jpg","type":"image\/jpeg"}],"twitter_card":"summary_large_image","twitter_misc":{"Tiempo de lectura":"1 minuto"},"schema":{"@context":"https:\/\/schema.org","@graph":[{"@type":"WebPage","@id":"https:\/\/escenanorte.com\/es\/itinerario-constelaciones\/","url":"https:\/\/escenanorte.com\/es\/itinerario-constelaciones\/","name":"Itinerario Constelaciones - Camino Escena Norte","isPartOf":{"@id":"https:\/\/escenanorte.com\/es\/#website"},"datePublished":"2020-08-28T18:02:50+00:00","dateModified":"2025-08-26T11:09:10+00:00","breadcrumb":{"@id":"https:\/\/escenanorte.com\/es\/itinerario-constelaciones\/#breadcrumb"},"inLanguage":"es","potentialAction":[{"@type":"ReadAction","target":["https:\/\/escenanorte.com\/es\/itinerario-constelaciones\/"]}]},{"@type":"BreadcrumbList","@id":"https:\/\/escenanorte.com\/es\/itinerario-constelaciones\/#breadcrumb","itemListElement":[{"@type":"ListItem","position":1,"name":"Portada","item":"https:\/\/escenanorte.com\/es\/"},{"@type":"ListItem","position":2,"name":"Itinerario Constelaciones"}]},{"@type":"WebSite","@id":"https:\/\/escenanorte.com\/es\/#website","url":"https:\/\/escenanorte.com\/es\/","name":"Camino Escena Norte","description":"Escena Norte","potentialAction":[{"@type":"SearchAction","target":{"@type":"EntryPoint","urlTemplate":"https:\/\/escenanorte.com\/es\/?s={search_term_string}"},"query-input":{"@type":"PropertyValueSpecification","valueRequired":true,"valueName":"search_term_string"}}],"inLanguage":"es"}]}},"publishpress_future_action":{"enabled":false,"date":"2026-04-30 16:51:43","action":"change-status","newStatus":"draft","terms":[],"taxonomy":"translation_priority","extraData":[]},"publishpress_future_workflow_manual_trigger":{"enabledWorkflows":[]},"_links":{"self":[{"href":"https:\/\/escenanorte.com\/es\/wp-json\/wp\/v2\/pages\/1099","targetHints":{"allow":["GET"]}}],"collection":[{"href":"https:\/\/escenanorte.com\/es\/wp-json\/wp\/v2\/pages"}],"about":[{"href":"https:\/\/escenanorte.com\/es\/wp-json\/wp\/v2\/types\/page"}],"author":[{"embeddable":true,"href":"https:\/\/escenanorte.com\/es\/wp-json\/wp\/v2\/users\/1"}],"replies":[{"embeddable":true,"href":"https:\/\/escenanorte.com\/es\/wp-json\/wp\/v2\/comments?post=1099"}],"version-history":[{"count":198,"href":"https:\/\/escenanorte.com\/es\/wp-json\/wp\/v2\/pages\/1099\/revisions"}],"predecessor-version":[{"id":77009,"href":"https:\/\/escenanorte.com\/es\/wp-json\/wp\/v2\/pages\/1099\/revisions\/77009"}],"wp:attachment":[{"href":"https:\/\/escenanorte.com\/es\/wp-json\/wp\/v2\/media?parent=1099"}],"curies":[{"name":"wp","href":"https:\/\/api.w.org\/{rel}","templated":true}]}}