{"id":44744,"date":"2023-08-31T12:31:52","date_gmt":"2023-08-31T10:31:52","guid":{"rendered":"https:\/\/escenanorte.com\/?page_id=44744"},"modified":"2025-08-29T21:04:18","modified_gmt":"2025-08-29T19:04:18","slug":"siendes-rede-de-collaboracion-con-proyectos-llocales","status":"publish","type":"page","link":"https:\/\/escenanorte.com\/ast\/siendes-rede-de-collaboracion-con-proyectos-llocales\/","title":{"rendered":"SIENDES. Rede de collaboraci\u00f3n con proyectos llocales."},"content":{"rendered":"<h1>SIENDES. Rede de collaboraci\u00f3n con proyectos llocales<\/h1>\n<div>\n<p>En 2023 punximos en marcha una nueva iniciativa llamada Siendes, consistente na collaboraci\u00f3n de Cam\u00edn Escena Norte con un proyectu cultural de cada Comunid\u00e1, coles mires de crear sinerxies, al empar que damos fuercia y contestu al nuesu proyectu llocalmente y proxectamos fora de la Comunid\u00e1 los proyectos llocales. Proyectos toos que coinciden territorialmente y en feches averaes con n\u00f3s, claro.<\/p>\n<p>La idea surde de la programaci\u00f3n d\u2019una de les funciones del <span>Itinerariu<\/span> Constelaciones 2022 en collaboraci\u00f3n col FIOT (Festival Internacional de Outono de Teatru) de Carballo (Galicia), que nos abri\u00f3 la puerta a pensar qu\u2019esta f\u00f3rmula de programaci\u00f3n conxunta podr\u00eda ser una idea a treslladar a otros proyectos coincidentes en feches y territoriu. Angua\u00f1o estes Siendes van abrise con una collaboraci\u00f3n con 8 iniciatives culturales estremaes de Galicia, Asturies, Cantabria, Euskadi, Navarra y La Rioxa, anque non en toes elles vamos llevar a cabu inda una estratexa de programaci\u00f3n conxunta.<\/p>\n<p>Los <span>8<\/span> proyectos qu\u2019abren estes \u201csiendes\u201d:<\/p>\n<\/div>\n<ul>\n<li>\n<p>        <img decoding=\"async\" src=\"\/wp-content\/uploads\/2022\/08\/FIOT-e1661867494108.jpeg\" alt=\"\"><\/p>\n<h3>FIOT<\/h3>\n<p>GALICIA<\/p>\n<div>\n<p>FIOT (Festival Internacional de Outono de Teatro), Carballo. (*) Y\u00e1 con una funci\u00f3n en collaboraci\u00f3n nesta edici\u00f3n.<\/p>\n<\/div>\n<p><a href=\"https:\/\/fiot.gal\">fiot.gal<\/a><\/p>\n<\/li>\n<li>\n<p>        <img decoding=\"async\" src=\"\/wp-content\/uploads\/2024\/08\/12-Logo-Rincones-y-Recovecos-1.png\" alt=\"\"><\/p>\n<h3>RINCONES Y RECOVECOS<\/h3>\n<p>ASTURIES<\/p>\n<div>\n<p>Rincones y Recovecos, Xix\u00f3n. (*) Y\u00e1 con una funci\u00f3n en collaboraci\u00f3n nesta edici\u00f3n.<\/p>\n<\/div>\n<p><a href=\"http:\/\/www.festivalrinconesyrecovecos.com\/\">www.festivalrinconesyrecovecos.com<\/a><\/p>\n<\/li>\n<li>\n<p>        <img decoding=\"async\" src=\"\/wp-content\/uploads\/2025\/08\/10-Danza-Xixon.jpg\" alt=\"\"><\/p>\n<h3>DANZA XIX\u00d3N<\/h3>\n<p>ASTURIES<\/p>\n<div>\n<p>Danza Xix\u00f3n, Xix\u00f3n. (*) Y\u00e1 con una funci\u00f3n en collaboraci\u00f3n nesta edici\u00f3n.<\/p>\n<\/div>\n<p><a href=\"https:\/\/www.gijon.es\/es\/eventos\/danza-xixon\">www.gijon.es\/es\/eventos\/danza-xixon<\/a><\/p>\n<\/li>\n<li>\n<p>        <img decoding=\"async\" src=\"\/wp-content\/uploads\/2024\/08\/13-Logo-Movimiento-en-Red-1.png\" alt=\"\"><\/p>\n<h3>MOVIMIENTO EN RED<\/h3>\n<p>CANTABRIA<\/p>\n<div>\n<p>Movimiento en Red. Asociaci\u00f3n de Profesionales de la Danza de Cantabria.<\/p>\n<\/div>\n<p><a href=\"https:\/\/movimientoenred.org\/\">movimientoenred.org<\/a><\/p>\n<\/li>\n<li>\n<p>        <img decoding=\"async\" src=\"\/wp-content\/uploads\/2023\/09\/BIDEART-VERDE.png\" alt=\"\"><\/p>\n<h3>BIDEART ZIGOITIA<\/h3>\n<p>EUSKADI<\/p>\n<div>\n<p>Bideart Zigoitia, Zigoitia. (*) Y\u00e1 con una funci\u00f3n en collaboraci\u00f3n nesta edici\u00f3n.<\/p>\n<\/div>\n<p><a href=\"https:\/\/www.teatropantarhei.com\/bideart\/\">www.teatropantarhei.com\/bideart<\/a><\/p>\n<\/li>\n<li>\n<p>        <img decoding=\"async\" src=\"\/wp-content\/uploads\/2023\/08\/RIBERAENDANZA.jpg\" alt=\"\"><\/p>\n<h3>RIBERA EN DANZA<\/h3>\n<p>COMUNID\u00c1 FORAL DE NAVARRA<\/p>\n<div>\n<p>Ribera en Danza, dellos ayuntamientos.<\/p>\n<\/div>\n<p><a href=\"http:\/\/www.riberaendanza.com\">www.riberaendanza.com<\/a><\/p>\n<\/li>\n<li>\n<p>        <img decoding=\"async\" src=\"\/wp-content\/uploads\/2025\/08\/7-MUTE.png\" alt=\"\"><\/p>\n<h3>MUTE<\/h3>\n<p>LA RIOXA<\/p>\n<div>\n<p>MUTE Festival de Teatru Xestual de La Rioxa. (*) Y\u00e1 con una funci\u00f3n en collaboraci\u00f3n nesta edici\u00f3n.<\/p>\n<\/div>\n<p><a href=\"https:\/\/mutefestival.com\/\">mutefestival.com<\/a><\/p>\n<\/li>\n<li>\n<p>        <img decoding=\"async\" src=\"\/wp-content\/uploads\/2025\/08\/8-FITLO.png\" alt=\"\"><\/p>\n<h3>FITLO<\/h3>\n<p>LA RIOXA<\/p>\n<div>\n<p>FITLO. Festival de Teatru Iberoamericanu de La Rioxa. (*) Y\u00e1 con una funci\u00f3n en collaboraci\u00f3n nesta edici\u00f3n.<\/p>\n<\/div>\n<p><a href=\"https:\/\/fitlo.es\/\">fitlo.es<\/a><\/p>\n<\/li>\n<\/ul>\n<p><!--more--><br \/>\n<!-- {\"name\":\"Senderos 2023 DEF\",\"type\":\"layout\",\"children\":[{\"type\":\"section\",\"props\":{\"image_position\":\"center-center\",\"overlap\":true,\"style\":\"default\",\"title_breakpoint\":\"xl\",\"title_position\":\"top-left\",\"title_rotation\":\"left\",\"vertical_align\":\"\",\"width\":\"default\"},\"children\":[{\"type\":\"row\",\"children\":[{\"type\":\"column\",\"props\":{\"image_position\":\"center-center\",\"position_sticky_breakpoint\":\"m\"},\"children\":[{\"type\":\"headline\",\"props\":{\"content\":\"SIENDES. Rede de collaboraci\\u00f3n con proyectos llocales\",\"title_element\":\"h1\"}},{\"type\":\"text\",\"props\":{\"column_breakpoint\":\"m\",\"content\":\"\n\n<p>En 2023 punximos en marcha una nueva iniciativa llamada Siendes, consistente na collaboraci\\u00f3n de Cam\\u00edn Escena Norte con un proyectu cultural de cada Comunid\\u00e1, coles mires de crear sinerxies, al empar que damos fuercia y contestu al nuesu proyectu llocalmente y proxectamos fora de la Comunid\\u00e1 los proyectos llocales. Proyectos toos que coinciden territorialmente y en feches averaes con n\\u00f3s, claro.<\\\/p>\\n\n\n<p>La idea surde de la programaci\\u00f3n d\\u2019una de les funciones del <span>Itinerariu<\\\/span> Constelaciones 2022 en collaboraci\\u00f3n col FIOT (Festival Internacional de Outono de Teatru) de Carballo (Galicia), que nos abri\\u00f3 la puerta a pensar qu\\u2019esta f\\u00f3rmula de programaci\\u00f3n conxunta podr\\u00eda ser una idea a treslladar a otros proyectos coincidentes en feches y territoriu. Angua\\u00f1o estes Siendes van abrise con una collaboraci\\u00f3n con 8 iniciatives culturales estremaes de Galicia, Asturies, Cantabria, Euskadi, Navarra y La Rioxa, anque non en toes elles vamos llevar a cabu inda una estratexa de programaci\\u00f3n conxunta.<\\\/p>\\n\n\n<p>Los <span>8<\\\/span> proyectos qu\\u2019abren estes \\u201csiendes\\u201d:<\\\/p>\",\"margin\":\"default\",\"text_style\":\"lead\"}}]}]},{\"type\":\"row\",\"children\":[{\"type\":\"column\",\"props\":{\"image_position\":\"center-center\",\"position_sticky_breakpoint\":\"m\"},\"children\":[{\"type\":\"grid\",\"props\":{\"content_align\":false,\"content_column_breakpoint\":\"m\",\"content_style\":\"text-small\",\"filter_align\":\"left\",\"filter_all\":true,\"filter_grid_breakpoint\":\"m\",\"filter_grid_width\":\"auto\",\"filter_position\":\"top\",\"filter_style\":\"tab\",\"grid_column_gap\":\"small\",\"grid_default\":\"1\",\"grid_divider\":false,\"grid_large\":\"3\",\"grid_medium\":\"2\",\"grid_parallax_justify\":false,\"grid_row_gap\":\"small\",\"icon_width\":80,\"image_align\":\"between\",\"image_grid_breakpoint\":\"s\",\"image_grid_width\":\"1-3\",\"image_height\":100,\"image_link\":false,\"image_svg_color\":\"emphasis\",\"image_vertical_align\":true,\"item_animation\":true,\"lightbox_bg_close\":true,\"link_fullwidth\":false,\"link_margin\":\"small\",\"link_size\":\"small\",\"link_style\":\"\",\"link_target\":true,\"link_text\":\"\",\"margin\":\"default\",\"meta_align\":\"below-title\",\"meta_element\":\"div\",\"meta_margin\":\"remove\",\"meta_style\":\"text-meta\",\"panel_link\":false,\"panel_padding\":\"small\",\"panel_style\":\"tile-checked\",\"parallax_easing\":\"1\",\"show_content\":true,\"show_hover_image\":true,\"show_hover_video\":true,\"show_image\":true,\"show_link\":true,\"show_meta\":true,\"show_title\":true,\"show_video\":true,\"title_align\":\"top\",\"title_color\":\"secondary\",\"title_element\":\"h3\",\"title_grid_breakpoint\":\"m\",\"title_grid_width\":\"1-2\",\"title_hover_style\":\"reset\"},\"children\":[{\"type\":\"grid_item\",\"props\":{\"content\":\"\n\n<p>FIOT (Festival Internacional de Outono de Teatro), Carballo. (*) Y\\u00e1 con una funci\\u00f3n en collaboraci\\u00f3n nesta edici\\u00f3n.<\\\/p>\",\"image\":\"wp-content\\\/uploads\\\/2022\\\/08\\\/FIOT-e1661867494108.jpeg\",\"link\":\"https:\\\/\\\/fiot.gal\",\"link_text\":\"fiot.gal\",\"meta\":\"GALICIA\",\"title\":\"FIOT\"}},{\"type\":\"grid_item\",\"props\":{\"content\":\"\n\n<p>Rincones y Recovecos, Xix\\u00f3n. (*) Y\\u00e1 con una funci\\u00f3n en collaboraci\\u00f3n nesta edici\\u00f3n.<\\\/p>\",\"image\":\"wp-content\\\/uploads\\\/2024\\\/08\\\/12-Logo-Rincones-y-Recovecos-1.png\",\"link\":\"http:\\\/\\\/www.festivalrinconesyrecovecos.com\\\/\",\"link_text\":\"www.festivalrinconesyrecovecos.com\",\"meta\":\"ASTURIES\",\"title\":\"RINCONES Y RECOVECOS\"}},{\"type\":\"grid_item\",\"props\":{\"content\":\"\n\n<p>Danza Xix\\u00f3n, Xix\\u00f3n. (*) Y\\u00e1 con una funci\\u00f3n en collaboraci\\u00f3n nesta edici\\u00f3n.<\\\/p>\",\"image\":\"wp-content\\\/uploads\\\/2025\\\/08\\\/10-Danza-Xixon.jpg\",\"link\":\"https:\\\/\\\/www.gijon.es\\\/es\\\/eventos\\\/danza-xixon\",\"link_text\":\"www.gijon.es\\\/es\\\/eventos\\\/danza-xixon\",\"meta\":\"ASTURIES\",\"title\":\"DANZA XIX\\u00d3N\"}},{\"type\":\"grid_item\",\"props\":{\"content\":\"\n\n<p>Movimiento en Red. Asociaci\\u00f3n de Profesionales de la Danza de Cantabria.<\\\/p>\",\"image\":\"wp-content\\\/uploads\\\/2024\\\/08\\\/13-Logo-Movimiento-en-Red-1.png\",\"link\":\"https:\\\/\\\/movimientoenred.org\\\/\",\"link_text\":\"movimientoenred.org\",\"meta\":\"CANTABRIA\",\"title\":\"MOVIMIENTO EN RED\"}},{\"type\":\"grid_item\",\"props\":{\"content\":\"\n\n<p>Bideart Zigoitia, Zigoitia. (*) Y\\u00e1 con una funci\\u00f3n en collaboraci\\u00f3n nesta edici\\u00f3n.<\\\/p>\",\"image\":\"wp-content\\\/uploads\\\/2023\\\/09\\\/BIDEART-VERDE.png\",\"link\":\"https:\\\/\\\/www.teatropantarhei.com\\\/bideart\\\/\",\"link_text\":\"www.teatropantarhei.com\\\/bideart\",\"meta\":\"EUSKADI\",\"title\":\"BIDEART ZIGOITIA\"}},{\"type\":\"grid_item\",\"props\":{\"content\":\"\n\n<p>Ribera en Danza, dellos ayuntamientos.<\\\/p>\",\"image\":\"wp-content\\\/uploads\\\/2023\\\/08\\\/RIBERAENDANZA.jpg\",\"link\":\"http:\\\/\\\/www.riberaendanza.com\",\"link_text\":\"www.riberaendanza.com\",\"meta\":\"COMUNID\\u00c1 FORAL DE NAVARRA\",\"title\":\"RIBERA EN DANZA\"}},{\"type\":\"grid_item\",\"props\":{\"content\":\"\n\n<p>MUTE Festival de Teatru Xestual de La Rioxa. (*) Y\\u00e1 con una funci\\u00f3n en collaboraci\\u00f3n nesta edici\\u00f3n.<\\\/p>\",\"image\":\"wp-content\\\/uploads\\\/2025\\\/08\\\/7-MUTE.png\",\"link\":\"https:\\\/\\\/mutefestival.com\\\/\",\"link_text\":\"mutefestival.com\",\"meta\":\"LA RIOXA\",\"title\":\"MUTE\"}},{\"type\":\"grid_item\",\"props\":{\"content\":\"\n\n<p>FITLO. Festival de Teatru Iberoamericanu de La Rioxa. (*) Y\\u00e1 con una funci\\u00f3n en collaboraci\\u00f3n nesta edici\\u00f3n.<\\\/p>\",\"image\":\"wp-content\\\/uploads\\\/2025\\\/08\\\/8-FITLO.png\",\"link\":\"https:\\\/\\\/fitlo.es\\\/\",\"link_text\":\"fitlo.es\",\"meta\":\"LA RIOXA\",\"title\":\"FITLO\"}}],\"name\":\"SENDEROS 25 AST\"}]}]}]}],\"version\":\"4.5.24\"} --><\/p>\n","protected":false},"excerpt":{"rendered":"<p>SIENDES. Rede de collaboraci\u00f3n con proyectos llocales En 2023 punximos en marcha una nueva iniciativa llamada Siendes, consistente na collaboraci\u00f3n de Cam\u00edn Escena Norte con un proyectu cultural de cada [&hellip;]<\/p>\n","protected":false},"author":1,"featured_media":0,"parent":0,"menu_order":0,"comment_status":"closed","ping_status":"closed","template":"","meta":{"footnotes":""},"class_list":["post-44744","page","type-page","status-publish","hentry"],"yoast_head":"<!-- This site is optimized with the Yoast SEO plugin v27.2 - https:\/\/yoast.com\/product\/yoast-seo-wordpress\/ -->\n<title>SIENDES. Rede de collaboraci\u00f3n con proyectos llocales. - Camino Escena Norte<\/title>\n<meta name=\"robots\" content=\"index, follow, max-snippet:-1, max-image-preview:large, max-video-preview:-1\" \/>\n<link rel=\"canonical\" href=\"https:\/\/escenanorte.com\/ast\/siendes-rede-de-collaboracion-con-proyectos-llocales\/\" \/>\n<meta property=\"og:locale\" content=\"en_US\" \/>\n<meta property=\"og:type\" content=\"article\" \/>\n<meta property=\"og:title\" content=\"SIENDES. Rede de collaboraci\u00f3n con proyectos llocales. - Camino Escena Norte\" \/>\n<meta property=\"og:description\" content=\"SIENDES. Rede de collaboraci\u00f3n con proyectos llocales En 2023 punximos en marcha una nueva iniciativa llamada Siendes, consistente na collaboraci\u00f3n de Cam\u00edn Escena Norte con un proyectu cultural de cada [&hellip;]\" \/>\n<meta property=\"og:url\" content=\"https:\/\/escenanorte.com\/ast\/siendes-rede-de-collaboracion-con-proyectos-llocales\/\" \/>\n<meta property=\"og:site_name\" content=\"Camino Escena Norte\" \/>\n<meta property=\"article:publisher\" content=\"https:\/\/www.facebook.com\/escenanorte\" \/>\n<meta property=\"article:modified_time\" content=\"2025-08-29T19:04:18+00:00\" \/>\n<meta property=\"og:image\" content=\"https:\/\/escenanorte.com\/wp-content\/uploads\/2025\/06\/AAFF-CEN-ARTE-50X70-AS.jpg\" \/>\n\t<meta property=\"og:image:width\" content=\"1600\" \/>\n\t<meta property=\"og:image:height\" content=\"2233\" \/>\n\t<meta property=\"og:image:type\" content=\"image\/jpeg\" \/>\n<meta name=\"twitter:card\" content=\"summary_large_image\" \/>\n<meta name=\"twitter:label1\" content=\"Est. reading time\" \/>\n\t<meta name=\"twitter:data1\" content=\"3 minutes\" \/>\n<script type=\"application\/ld+json\" class=\"yoast-schema-graph\">{\"@context\":\"https:\/\/schema.org\",\"@graph\":[{\"@type\":\"WebPage\",\"@id\":\"https:\/\/escenanorte.com\/ast\/siendes-rede-de-collaboracion-con-proyectos-llocales\/\",\"url\":\"https:\/\/escenanorte.com\/ast\/siendes-rede-de-collaboracion-con-proyectos-llocales\/\",\"name\":\"SIENDES. Rede de collaboraci\u00f3n con proyectos llocales. - Camino Escena Norte\",\"isPartOf\":{\"@id\":\"https:\/\/escenanorte.com\/ast\/#website\"},\"datePublished\":\"2023-08-31T10:31:52+00:00\",\"dateModified\":\"2025-08-29T19:04:18+00:00\",\"breadcrumb\":{\"@id\":\"https:\/\/escenanorte.com\/ast\/siendes-rede-de-collaboracion-con-proyectos-llocales\/#breadcrumb\"},\"inLanguage\":\"ast-ES\",\"potentialAction\":[{\"@type\":\"ReadAction\",\"target\":[\"https:\/\/escenanorte.com\/ast\/siendes-rede-de-collaboracion-con-proyectos-llocales\/\"]}]},{\"@type\":\"BreadcrumbList\",\"@id\":\"https:\/\/escenanorte.com\/ast\/siendes-rede-de-collaboracion-con-proyectos-llocales\/#breadcrumb\",\"itemListElement\":[{\"@type\":\"ListItem\",\"position\":1,\"name\":\"Portada\",\"item\":\"https:\/\/escenanorte.com\/ast\/\"},{\"@type\":\"ListItem\",\"position\":2,\"name\":\"SIENDES. Rede de collaboraci\u00f3n con proyectos llocales.\"}]},{\"@type\":\"WebSite\",\"@id\":\"https:\/\/escenanorte.com\/ast\/#website\",\"url\":\"https:\/\/escenanorte.com\/ast\/\",\"name\":\"Camino Escena Norte\",\"description\":\"Escena Norte\",\"potentialAction\":[{\"@type\":\"SearchAction\",\"target\":{\"@type\":\"EntryPoint\",\"urlTemplate\":\"https:\/\/escenanorte.com\/ast\/?s={search_term_string}\"},\"query-input\":{\"@type\":\"PropertyValueSpecification\",\"valueRequired\":true,\"valueName\":\"search_term_string\"}}],\"inLanguage\":\"ast-ES\"}]}<\/script>\n<!-- \/ Yoast SEO plugin. -->","yoast_head_json":{"title":"SIENDES. Rede de collaboraci\u00f3n con proyectos llocales. - Camino Escena Norte","robots":{"index":"index","follow":"follow","max-snippet":"max-snippet:-1","max-image-preview":"max-image-preview:large","max-video-preview":"max-video-preview:-1"},"canonical":"https:\/\/escenanorte.com\/ast\/siendes-rede-de-collaboracion-con-proyectos-llocales\/","og_locale":"en_US","og_type":"article","og_title":"SIENDES. Rede de collaboraci\u00f3n con proyectos llocales. - Camino Escena Norte","og_description":"SIENDES. Rede de collaboraci\u00f3n con proyectos llocales En 2023 punximos en marcha una nueva iniciativa llamada Siendes, consistente na collaboraci\u00f3n de Cam\u00edn Escena Norte con un proyectu cultural de cada [&hellip;]","og_url":"https:\/\/escenanorte.com\/ast\/siendes-rede-de-collaboracion-con-proyectos-llocales\/","og_site_name":"Camino Escena Norte","article_publisher":"https:\/\/www.facebook.com\/escenanorte","article_modified_time":"2025-08-29T19:04:18+00:00","og_image":[{"width":1600,"height":2233,"url":"https:\/\/escenanorte.com\/wp-content\/uploads\/2025\/06\/AAFF-CEN-ARTE-50X70-AS.jpg","type":"image\/jpeg"}],"twitter_card":"summary_large_image","twitter_misc":{"Est. reading time":"3 minutes"},"schema":{"@context":"https:\/\/schema.org","@graph":[{"@type":"WebPage","@id":"https:\/\/escenanorte.com\/ast\/siendes-rede-de-collaboracion-con-proyectos-llocales\/","url":"https:\/\/escenanorte.com\/ast\/siendes-rede-de-collaboracion-con-proyectos-llocales\/","name":"SIENDES. Rede de collaboraci\u00f3n con proyectos llocales. - Camino Escena Norte","isPartOf":{"@id":"https:\/\/escenanorte.com\/ast\/#website"},"datePublished":"2023-08-31T10:31:52+00:00","dateModified":"2025-08-29T19:04:18+00:00","breadcrumb":{"@id":"https:\/\/escenanorte.com\/ast\/siendes-rede-de-collaboracion-con-proyectos-llocales\/#breadcrumb"},"inLanguage":"ast-ES","potentialAction":[{"@type":"ReadAction","target":["https:\/\/escenanorte.com\/ast\/siendes-rede-de-collaboracion-con-proyectos-llocales\/"]}]},{"@type":"BreadcrumbList","@id":"https:\/\/escenanorte.com\/ast\/siendes-rede-de-collaboracion-con-proyectos-llocales\/#breadcrumb","itemListElement":[{"@type":"ListItem","position":1,"name":"Portada","item":"https:\/\/escenanorte.com\/ast\/"},{"@type":"ListItem","position":2,"name":"SIENDES. Rede de collaboraci\u00f3n con proyectos llocales."}]},{"@type":"WebSite","@id":"https:\/\/escenanorte.com\/ast\/#website","url":"https:\/\/escenanorte.com\/ast\/","name":"Camino Escena Norte","description":"Escena Norte","potentialAction":[{"@type":"SearchAction","target":{"@type":"EntryPoint","urlTemplate":"https:\/\/escenanorte.com\/ast\/?s={search_term_string}"},"query-input":{"@type":"PropertyValueSpecification","valueRequired":true,"valueName":"search_term_string"}}],"inLanguage":"ast-ES"}]}},"publishpress_future_action":{"enabled":false,"date":"2026-04-30 20:21:58","action":"change-status","newStatus":"draft","terms":[],"taxonomy":"translation_priority","extraData":[]},"publishpress_future_workflow_manual_trigger":{"enabledWorkflows":[]},"_links":{"self":[{"href":"https:\/\/escenanorte.com\/ast\/wp-json\/wp\/v2\/pages\/44744","targetHints":{"allow":["GET"]}}],"collection":[{"href":"https:\/\/escenanorte.com\/ast\/wp-json\/wp\/v2\/pages"}],"about":[{"href":"https:\/\/escenanorte.com\/ast\/wp-json\/wp\/v2\/types\/page"}],"author":[{"embeddable":true,"href":"https:\/\/escenanorte.com\/ast\/wp-json\/wp\/v2\/users\/1"}],"replies":[{"embeddable":true,"href":"https:\/\/escenanorte.com\/ast\/wp-json\/wp\/v2\/comments?post=44744"}],"version-history":[{"count":31,"href":"https:\/\/escenanorte.com\/ast\/wp-json\/wp\/v2\/pages\/44744\/revisions"}],"predecessor-version":[{"id":77209,"href":"https:\/\/escenanorte.com\/ast\/wp-json\/wp\/v2\/pages\/44744\/revisions\/77209"}],"wp:attachment":[{"href":"https:\/\/escenanorte.com\/ast\/wp-json\/wp\/v2\/media?parent=44744"}],"curies":[{"name":"wp","href":"https:\/\/api.w.org\/{rel}","templated":true}]}}