{"id":1636,"date":"2020-08-28T20:02:50","date_gmt":"2020-08-28T18:02:50","guid":{"rendered":"https:\/\/escenanorte.com\/itinerariu-constelaciones\/"},"modified":"2025-08-26T13:21:32","modified_gmt":"2025-08-26T11:21:32","slug":"itinerariu-constelaciones","status":"publish","type":"page","link":"https:\/\/escenanorte.com\/ast\/itinerariu-constelaciones\/","title":{"rendered":"Itinerariu Constelaciones"},"content":{"rendered":"<h1>Itinerariu Constelaciones 2025<\/h1>\n<h1>Del 12 de setiembre al 26 d\u2019ochobre<\/h1>\n<div>\n<p>Exa vertebrador del proyectu Camino Escena Norte, ye l\u2019itinerariu de funciones d\u2019artes esc\u00e9niques que va percorrer <span>m\u00e1s de 60<\/span> sedes nes <span>6<\/span> Comunidaes que conformen el territoriu cultural com\u00fan cre\u00e1u: Galicia, Princip\u00e1u d\u2019Asturies, Cantabria, <span>Euskadi, la Comunid\u00e1 Foral de Navarra y La Rioxa.<\/span><\/p>\n<p>Nesti <span>2025<\/span> son <span>18<\/span> los espect\u00e1culos en xira que conformen la selecci\u00f3n del nuesu itinerariu, nuna programaci\u00f3n de corte xeneralista na que prima la diversid\u00e1 de llinguaxes, est\u00e9tiques y tipos de p\u00fablicu. Xuna pequena selecci\u00f3n de lo meyor de les artes esc\u00e9niques gallegues, asturianes, c\u00e1ntabres, <span>vasques, navarres y rioxanes<\/span>. M\u00e1s funciones que nunca na programaci\u00f3n d\u2019esta <span>7\u00aa<\/span> edici\u00f3n.<\/p>\n<p>Siendo unu de les pilastres del programa la diversid\u00e1 en formatos, est\u00e9tiques y llinguaxes, el\u00a0censu d\u2019espacios ye tami\u00e9n diversu en tipolox\u00edes.<\/p>\n<p>El mesmu cunta con espacios outdoor\/hest\u00f3ricos\/singulares pa los espect\u00e1culos adaptables y ensin grandes necesidaes t\u00e9cniques, pero Camino Escena Norte precisa tami\u00e9n\u00a0teatros, auditorios y otros espacios esc\u00e9nicos perfectamente forn\u00edos pa la programaci\u00f3n\u00a0d\u2019espect\u00e1culos de gran formatu y a la italiana.<\/p>\n<p>Pa ordenar esta diversid\u00e1 d\u2019espacios nes <span>6<\/span> Comunidaes, recoyemos el conceutu de les constelaciones, como gu\u00edes y acompa\u00f1antes tami\u00e9n de quien percuerren los Caminos a Santiago.<\/p>\n<\/div>\n<div>\n<\/div>\n<p><!--more--><br \/>\n<!-- {\"type\":\"layout\",\"children\":[{\"name\":\"Cabeceira Itinerario\",\"type\":\"section\",\"props\":{\"animation\":\"fade\",\"header_transparent\":true,\"header_transparent_noplaceholder\":false,\"header_transparent_text_color\":\"light\",\"image\":\"wp-content\\\/uploads\\\/2025\\\/07\\\/SONANDO-A-LORCA-1o-scaled.jpeg\",\"image_effect\":\"fixed\",\"image_position\":\"center-center\",\"image_size\":\"cover\",\"media_overlay\":\"rgba(75, 6, 75, 0.75)\",\"overlap\":true,\"padding_remove_top\":false,\"preserve_color\":true,\"style\":\"secondary\",\"title_breakpoint\":\"xl\",\"title_position\":\"top-left\",\"title_rotation\":\"left\",\"vertical_align\":\"\",\"width\":\"xlarge\"},\"children\":[{\"type\":\"row\",\"children\":[{\"type\":\"column\",\"props\":{\"image_position\":\"center-center\",\"position_sticky_breakpoint\":\"m\",\"vertical_align\":\"bottom\",\"width_medium\":\"1-1\"},\"children\":[{\"type\":\"headline\",\"props\":{\"content\":\"Itinerariu Constelaciones 2025\",\"css\":\".el-element {\\n color: #DA1884\\n}\",\"maxwidth_breakpoint\":\"m\",\"title_color\":\"primary\",\"title_element\":\"h1\",\"title_style\":\"heading-medium\"}},{\"type\":\"headline\",\"props\":{\"content\":\"Del 12 de setiembre al 26 d\\u2019ochobre\",\"margin_remove_top\":true,\"title_color\":\"success\",\"title_element\":\"h1\"}},{\"type\":\"text\",\"props\":{\"column_breakpoint\":\"m\",\"content\":\"\n\n<p>Exa vertebrador del proyectu Camino Escena Norte, ye l\\u2019itinerariu de funciones d\\u2019artes esc\\u00e9niques que va percorrer <span>m\\u00e1s de 60<\\\/span> sedes nes <span>6<\\\/span> Comunidaes que conformen el territoriu cultural com\\u00fan cre\\u00e1u: Galicia, Princip\\u00e1u d\\u2019Asturies, Cantabria, <span>Euskadi, la Comunid\\u00e1 Foral de Navarra y La Rioxa.<\\\/span><\\\/p>\\n\n\n<p>Nesti <span>2025<\\\/span> son <span>18<\\\/span> los espect\\u00e1culos en xira que conformen la selecci\\u00f3n del nuesu itinerariu, nuna programaci\\u00f3n de corte xeneralista na que prima la diversid\\u00e1 de llinguaxes, est\\u00e9tiques y tipos de p\\u00fablicu. Xuna pequena selecci\\u00f3n de lo meyor de les artes esc\\u00e9niques gallegues, asturianes, c\\u00e1ntabres, <span>vasques, navarres y rioxanes<\\\/span>. M\\u00e1s funciones que nunca na programaci\\u00f3n d\\u2019esta <span>7\\u00aa<\\\/span> edici\\u00f3n.<\\\/p>\\n\n\n<p>Siendo unu de les pilastres del programa la diversid\\u00e1 en formatos, est\\u00e9tiques y llinguaxes, el\\u00a0censu d\\u2019espacios ye tami\\u00e9n diversu en tipolox\\u00edes.<\\\/p>\\n\n\n<p>El mesmu cunta con espacios outdoor\\\/hest\\u00f3ricos\\\/singulares pa los espect\\u00e1culos adaptables y ensin grandes necesidaes t\\u00e9cniques, pero Camino Escena Norte precisa tami\\u00e9n\\u00a0teatros, auditorios y otros espacios esc\\u00e9nicos perfectamente forn\\u00edos pa la programaci\\u00f3n\\u00a0d\\u2019espect\\u00e1culos de gran formatu y a la italiana.<\\\/p>\\n\n\n<p>Pa ordenar esta diversid\\u00e1 d\\u2019espacios nes <span>6<\\\/span> Comunidaes, recoyemos el conceutu de les constelaciones, como gu\\u00edes y acompa\\u00f1antes tami\\u00e9n de quien percuerren los Caminos a Santiago.<\\\/p>\",\"css\":\".el-element {\\n    color: white;\\n}\",\"margin\":\"default\",\"margin_remove_top\":false,\"text_style\":\"large\"}},{\"name\":\"Espect\\u00e1culos 2025\",\"type\":\"gallery\",\"props\":{\"content_display\":\"item\",\"content_margin\":\"remove\",\"content_style\":\"h4\",\"filter_align\":\"left\",\"filter_all\":true,\"filter_grid_breakpoint\":\"m\",\"filter_grid_width\":\"auto\",\"filter_position\":\"top\",\"filter_style\":\"tab\",\"grid_column_gap\":\"small\",\"grid_default\":\"1\",\"grid_divider\":false,\"grid_medium\":\"3\",\"grid_parallax\":\"0\",\"grid_row_gap\":\"small\",\"image_height\":\"720\",\"image_transition\":\"scale-up\",\"image_width\":\"1280\",\"item_animation\":true,\"lightbox\":false,\"lightbox_bg_close\":true,\"lightbox_image_height\":\"720\",\"lightbox_image_width\":\"1280\",\"link_margin\":\"small\",\"link_size\":\"small\",\"link_style\":\"primary\",\"link_text\":\"\",\"margin\":\"medium\",\"meta_align\":\"above-title\",\"meta_element\":\"div\",\"meta_margin\":\"remove\",\"meta_style\":\"text-meta\",\"overlay_hover\":true,\"overlay_link\":true,\"overlay_mode\":\"caption\",\"overlay_padding\":\"small\",\"overlay_position\":\"bottom\",\"overlay_style\":\"tile-default\",\"overlay_transition\":\"slide-bottom-medium\",\"overlay_transition_background\":false,\"parallax_easing\":\"1\",\"show_content\":true,\"show_hover_image\":false,\"show_hover_video\":false,\"show_link\":true,\"show_meta\":true,\"show_title\":true,\"text_align\":\"left\",\"text_color\":\"light\",\"text_color_hover\":false,\"title_color\":\"primary\",\"title_decoration\":\"bullet\",\"title_element\":\"h3\",\"title_hover_style\":\"reset\",\"title_margin\":\"remove\",\"title_style\":\"h5\"},\"children\":[{\"type\":\"gallery_item\",\"source\":{\"query\":{\"name\":\"posts.customPosts\",\"arguments\":{\"terms\":[250],\"category_operator\":\"IN\",\"post_tag_operator\":\"IN\",\"users\":[],\"users_operator\":\"IN\",\"offset\":0,\"limit\":18,\"order\":\"date\",\"order_direction\":\"ASC\"}},\"props\":{\"content\":{\"name\":\"title\"},\"title\":{\"arguments\":{\"separator\":\", \",\"show_link\":true,\"link_style\":\"\"},\"name\":\"post_tagString\"},\"image\":{\"name\":\"featuredImage.url\"},\"link\":{\"name\":\"link\"}}}}]}]}]}]},{\"type\":\"section\",\"props\":{\"image_position\":\"center-center\",\"status\":\"disabled\",\"style\":\"default\",\"title_breakpoint\":\"xl\",\"title_position\":\"top-left\",\"title_rotation\":\"left\",\"vertical_align\":\"\",\"width\":\"default\"},\"children\":[{\"type\":\"row\",\"children\":[{\"type\":\"column\",\"props\":{\"image_position\":\"center-center\",\"position_sticky_breakpoint\":\"m\",\"width_medium\":\"1-1\"},\"children\":[{\"type\":\"text\",\"props\":{\"column_breakpoint\":\"m\",\"content\":\"\n\n<p>Pa ordenar esta diversid\\u00e1 d'espacios nes cinco Comunidaes, recoyemos el conceutu de les constelaciones, como gu\\u00edes y acompa\\u00f1antes tami\\u00e9n de quien percuerren los Caminos a Santiago.<\\\/p>\\n\n\n<p>Los Itinerariu Constelaciones estremar en:<\\\/p>\",\"margin\":\"default\",\"margin_remove_top\":false,\"text_style\":\"large\"}},{\"type\":\"headline\",\"props\":{\"content\":\"\n\n<p>Constelaciones Escenariu<\\\/p>\",\"title_color\":\"danger\",\"title_element\":\"h1\"}},{\"type\":\"text\",\"props\":{\"column_breakpoint\":\"m\",\"content\":\"\n\n<p>Los espacios esc\\u00e9nicos a la italiana: teatros, auditorios, centros culturales onde tienen llugar los espect\\u00e1culos de programaci\\u00f3n de sala.<span class=\\\"Apple-converted-space\\\">\\u00a0<\\\/span><\\\/p>\",\"margin\":\"default\",\"margin_remove_top\":false,\"text_style\":\"large\"}},{\"type\":\"description_list\",\"props\":{\"column_breakpoint\":\"m\",\"layout\":\"stacked\",\"list_element\":\"ul\",\"meta_align\":\"below-content\",\"meta_style\":\"text-meta\",\"show_content\":true,\"show_link\":false,\"show_meta\":false,\"show_title\":true,\"title_color\":\"danger\",\"title_element\":\"h3\",\"title_grid_column_gap\":\"medium\",\"title_grid_row_gap\":\"medium\",\"title_grid_width\":\"small\",\"title_style\":\"h3\"},\"children\":[{\"type\":\"description_list_item\",\"props\":{\"content\":\"\n\n<ul>\\n\n\n<li class=\\\"p1\\\">LUGO: Auditoriu Gustavo Freire.<\\\/li>\\n\n\n<li class=\\\"p1\\\">RIBADEO: Auditoriu Hern\\u00e1n Naval.<\\\/li>\\n\n\n<li class=\\\"p1\\\">VIVEIRO: Teatru Pastor D\\u00edaz.<\\\/li>\\n\n\n<li class=\\\"p1\\\">AMES: Auditoriu Municipal.<\\\/li>\\n\n\n<li class=\\\"p1\\\">CARBALLO: Pazo da Cultura.<\\\/li>\\n\n\n<li class=\\\"p1\\\">MELIDE: Auditoriu Centru Sociocultural.<\\\/li>\\n\n\n<li class=\\\"p1\\\">VIMIANZO: Auditoriu Casa de Cultura.<\\\/li>\\n\n\n<li class=\\\"p1\\\">OUTES: Auditoriu Casa de Cultura.<\\\/li>\\n\n\n<li class=\\\"p1\\\">VILALBA: Auditoriu Municipal Carmen Est\\u00e9vez.<\\\/li>\\n<\\\/ul>\",\"title\":\"Galicia\"}},{\"type\":\"description_list_item\",\"props\":{\"content\":\"\n\n<ul>\\n\n\n<li class=\\\"p1\\\">XIX\\u00d3N: Teatru La Llaboral.<\\\/li>\\n\n\n<li class=\\\"p1\\\">VILLAVICIOSA: Teatru Riera.<\\\/li>\\n\n\n<li class=\\\"p1\\\">AVIL\\u00c9S: C.C. Los Canap\\u00e9s.<\\\/li>\\n\n\n<li class=\\\"p1\\\">UVI\\u00c9U: Teatru Filarm\\u00f3nica.<\\\/li>\\n\n\n<li class=\\\"p1\\\">NAVIA: Teatru Fantasio.<\\\/li>\\n\n\n<li class=\\\"p1\\\">A VEIGA: Auditoriu Casa de Cultura.<\\\/li>\\n\n\n<li class=\\\"p1\\\">MIERES DEL CAM\\u00cdN: Auditoriu Municipal Teodoro Cuesta.<\\\/li>\\n\n\n<li class=\\\"p1\\\">CORVERA: Teatru El LLar.<\\\/li>\\n\n\n<li class=\\\"p1\\\">SOTU'L BARCU: Teatru Clar\\u00edn.<\\\/li>\\n<\\\/ul>\",\"title\":\"Asturies\"}},{\"type\":\"description_list_item\",\"props\":{\"content\":\"\n\n<ul>\\n\n\n<li class=\\\"p1\\\">SAN VICENTE DE LA BARQUERA: Auditoriu David Bustamante.<\\\/li>\\n\n\n<li class=\\\"p1\\\">SANTO\\u00d1A: Teatru Casinu Lic\\u00e9u.<\\\/li>\\n\n\n<li class=\\\"p1\\\">MEDIU CUDEYO: Auditoriu C.C. Ram\\u00f3n Pelayo.<\\\/li>\\n\n\n<li class=\\\"p1\\\">MARINA DE CUDEYO: Teatru Antig\\u00fces Escueles d\\u2019Orejo.<\\\/li>\\n\n\n<li class=\\\"p1\\\">LAREDO: Auditoriu Casa Cultura Doctor Velasco.<\\\/li>\\n\n\n<li class=\\\"p1\\\">CABEZ\\u00d3N DE LA SAL: Espaciu Esc\\u00e9nicu Santiago Galas.<\\\/li>\\n\n\n<li class=\\\"p1\\\">SANTANDER: Sala Pereda, Palaciu de Festivales.<\\\/li>\\n\n\n<li class=\\\"p1\\\">TORRELAVEGA: Teatru Municipal Concha Espina.<\\\/li>\\n\n\n<li class=\\\"p1\\\">UNQUERA, VAL DE SAN VICENTE: Auditoriu Bajo Deva.<\\\/li>\\n\n\n<li class=\\\"p1\\\">LOS CORRALES DE BUELNA: Teatru Municipal.<\\\/li>\\n<\\\/ul>\",\"title\":\"Cantabria\"}},{\"type\":\"description_list_item\",\"props\":{\"content\":\"\n\n<ul>\\n\n\n<li>HONDARRIBIA: Auditoriu Itsas Etxea.<\\\/li>\\n\n\n<li class=\\\"p1\\\">MUSKIZ: Teatru\\\/Cine Meatzari Aretoa.<\\\/li>\\n\n\n<li class=\\\"p1\\\">ELORRIO: Teatru Arriola.<\\\/li>\\n\n\n<li class=\\\"p1\\\">BILBAO: Harrobia Eskena.<\\\/li>\\n\n\n<li class=\\\"p1\\\">EIBAR: Teatru Koliseo.<\\\/li>\\n\n\n<li class=\\\"p1\\\">ZARAUTZ: Modelo Aretoa.<\\\/li>\\n\n\n<li class=\\\"p1\\\">ZIGOITIA: Centru Sociocultural.<\\\/li>\\n\n\n<li class=\\\"p1\\\">ZUMAIA: Aita Mari Aretoa.<\\\/li>\\n<\\\/ul>\",\"title\":\"Euskadi\"}},{\"type\":\"description_list_item\",\"props\":{\"content\":\"\n\n<ul>\\n\n\n<li class=\\\"p1\\\">ALSASUA: Centru Cultural Iortia.<\\\/li>\\n\n\n<li class=\\\"p1\\\">AZAGRA: Sal\\u00f3n d\\u2019Actos del CP Francisco Arbeloa e IESO Reyno.<\\\/li>\\n\n\n<li class=\\\"p1\\\">ARANGUREN: Auditoriu de la Casa de Cultura.<\\\/li>\\n\n\n<li class=\\\"p1\\\">VILLAVA: Casa de Cultura.<\\\/li>\\n\n\n<li class=\\\"p1\\\">TAFALLA: Centru Cultural Tafalla Kulturgunea.<\\\/li>\\n\n\n<li class=\\\"p1\\\">ZIZUR MAYOR: Auditoriu de la Casa de Cultura.<\\\/li>\\n<\\\/ul>\",\"title\":\"Comunid\\u00e1 Foral de Navarra\"}}]}]}]}]},{\"type\":\"section\",\"props\":{\"image_position\":\"center-center\",\"overlap\":true,\"padding_remove_top\":true,\"status\":\"disabled\",\"style\":\"default\",\"title_breakpoint\":\"xl\",\"title_position\":\"top-left\",\"title_rotation\":\"left\",\"vertical_align\":\"\",\"width\":\"default\"},\"children\":[{\"type\":\"row\",\"children\":[{\"type\":\"column\",\"props\":{\"image_position\":\"center-center\",\"position_sticky_breakpoint\":\"m\",\"width_medium\":\"1-1\"},\"children\":[{\"type\":\"headline\",\"props\":{\"content\":\"Constelaciones Patrimoniu\",\"title_color\":\"success\",\"title_element\":\"h1\"}},{\"type\":\"text\",\"props\":{\"column_breakpoint\":\"m\",\"content\":\"\n\n<p>Los site specific (interiores o cai), espacios d'altu inter\\u00e9s patrimonial y hest\\u00f3ricu onde tienen llugar los espect\\u00e1culos adaptables t\\u00e9cnica y tem\\u00e1ticamente a la redolada*.<\\\/p>\",\"margin\":\"default\",\"margin_remove_top\":false,\"text_style\":\"large\"}},{\"type\":\"description_list\",\"props\":{\"column_breakpoint\":\"m\",\"layout\":\"stacked\",\"list_element\":\"ul\",\"meta_align\":\"below-content\",\"meta_style\":\"text-meta\",\"show_content\":true,\"show_link\":false,\"show_meta\":false,\"show_title\":true,\"title_color\":\"success\",\"title_element\":\"h3\",\"title_grid_column_gap\":\"medium\",\"title_grid_row_gap\":\"medium\",\"title_grid_width\":\"small\",\"title_style\":\"h3\"},\"children\":[{\"type\":\"description_list_item\",\"props\":{\"content\":\"\n\n<ul>\\n\n\n<li class=\\\"p1\\\">ARZ\\u00daA: Capela da Madanela.<\\\/li>\\n\n\n<li class=\\\"p1\\\">SANTIAGO DE COMPOSTELA: Praza do Quintana.<\\\/li>\\n\n\n<li class=\\\"p1\\\">FOZ: Plaza Conde de Fontao.<\\\/li>\\n\n\n<li class=\\\"p1\\\">SOBRADO DOS MONXES: Monesteriu de Santa Mar\\u00eda.<\\\/li>\\n<\\\/ul>\",\"title\":\"Galicia\"}},{\"type\":\"description_list_item\",\"props\":{\"content\":\"\n\n<ul>\\n\n\n<li class=\\\"p1\\\">RIBESEYA: Cuevona d\\u2019Ardines-CAR Tito Bustillo.<\\\/li>\\n\n\n<li class=\\\"p1\\\">LLANES: Casinu.<\\\/li>\\n\n\n<li class=\\\"p1\\\">LLANERA: Espaciu Esc\\u00e9nicu Plaza de l\\u2019Habana.<\\\/li>\\n<\\\/ul>\",\"title\":\"Asturies\"}},{\"type\":\"description_list_item\",\"props\":{\"content\":\"\n\n<ul>\\n\n\n<li class=\\\"p1\\\">COMILLAS: Parque de Sobrellano<\\\/li>\\n\n\n<li class=\\\"p1\\\">CASTRO URDIALES: Castillo-Faro.<\\\/li>\\n\n\n<li class=\\\"p1\\\">POTES: Habario de Pendes.<\\\/li>\\n<\\\/ul>\",\"title\":\"Cantabria\"}},{\"type\":\"description_list_item\",\"props\":{\"content\":\"\n\n<ul>\\n\n\n<li class=\\\"p1\\\">GERNIKA: Fuente de Mercurio.<\\\/li>\\n\n\n<li class=\\\"p1\\\">MUTRIKU: Plaza Zabiel.<\\\/li>\\n\n\n<li class=\\\"p1\\\">VITORIA-GASTEIZ: Plaza de la Catedral.<\\\/li>\\n\n\n<li class=\\\"p1\\\">AGURAIN: Plaza de San Juan.<\\\/li>\\n\n\n<li class=\\\"p1\\\">LABASTIDA: Plaza de la Paz.<\\\/li>\\n<\\\/ul>\",\"title\":\"Euskadi\"}},{\"type\":\"description_list_item\",\"props\":{\"content\":\"\n\n<ul>\\n\n\n<li class=\\\"p1\\\">VIANA: Plaza de los Ruinas Iglesia de San Pedro y Xardinos de Serrat.<\\\/li>\\n\n\n<li class=\\\"p1\\\">SANG\\u00dcESA: Auditoriu del Carmen.<\\\/li>\\n\n\n<li class=\\\"p1\\\">PAMPLONA: Ciudadela.<\\\/li>\\n<\\\/ul>\",\"title\":\"Comunid\\u00e1 Foral de Navarra\"}}]},{\"type\":\"text\",\"props\":{\"column_breakpoint\":\"m\",\"content\":\"\n\n<p>*Cuntamos siempres con un plan B nel casu de les funciones n'esterior.<\\\/p>\",\"margin\":\"default\",\"text_style\":\"small\"}}]}]}]}],\"version\":\"4.5.24\"} --><\/p>\n","protected":false},"excerpt":{"rendered":"<p>Itinerariu Constelaciones 2025 Del 12 de setiembre al 26 d\u2019ochobre Exa vertebrador del proyectu Camino Escena Norte, ye l\u2019itinerariu de funciones d\u2019artes esc\u00e9niques que va percorrer m\u00e1s de 60 sedes [&hellip;]<\/p>\n","protected":false},"author":1,"featured_media":0,"parent":0,"menu_order":0,"comment_status":"closed","ping_status":"closed","template":"","meta":{"footnotes":""},"class_list":["post-1636","page","type-page","status-publish","hentry"],"yoast_head":"<!-- This site is optimized with the Yoast SEO plugin v27.2 - https:\/\/yoast.com\/product\/yoast-seo-wordpress\/ -->\n<title>Itinerariu Constelaciones - Camino Escena Norte<\/title>\n<meta name=\"robots\" content=\"index, follow, max-snippet:-1, max-image-preview:large, max-video-preview:-1\" \/>\n<link rel=\"canonical\" href=\"https:\/\/escenanorte.com\/ast\/itinerariu-constelaciones\/\" \/>\n<meta property=\"og:locale\" content=\"en_US\" \/>\n<meta property=\"og:type\" content=\"article\" \/>\n<meta property=\"og:title\" content=\"Itinerariu Constelaciones - Camino Escena Norte\" \/>\n<meta property=\"og:description\" content=\"Itinerariu Constelaciones 2025 Del 12 de setiembre al 26 d\u2019ochobre Exa vertebrador del proyectu Camino Escena Norte, ye l\u2019itinerariu de funciones d\u2019artes esc\u00e9niques que va percorrer m\u00e1s de 60 sedes [&hellip;]\" \/>\n<meta property=\"og:url\" content=\"https:\/\/escenanorte.com\/ast\/itinerariu-constelaciones\/\" \/>\n<meta property=\"og:site_name\" content=\"Camino Escena Norte\" \/>\n<meta property=\"article:publisher\" content=\"https:\/\/www.facebook.com\/escenanorte\" \/>\n<meta property=\"article:modified_time\" content=\"2025-08-26T11:21:32+00:00\" \/>\n<meta property=\"og:image\" content=\"https:\/\/escenanorte.com\/wp-content\/uploads\/2025\/06\/AAFF-CEN-ARTE-50X70-AS.jpg\" \/>\n\t<meta property=\"og:image:width\" content=\"1600\" \/>\n\t<meta property=\"og:image:height\" content=\"2233\" \/>\n\t<meta property=\"og:image:type\" content=\"image\/jpeg\" \/>\n<meta name=\"twitter:card\" content=\"summary_large_image\" \/>\n<meta name=\"twitter:label1\" content=\"Est. reading time\" \/>\n\t<meta name=\"twitter:data1\" content=\"1 minute\" \/>\n<script type=\"application\/ld+json\" class=\"yoast-schema-graph\">{\"@context\":\"https:\/\/schema.org\",\"@graph\":[{\"@type\":\"WebPage\",\"@id\":\"https:\/\/escenanorte.com\/ast\/itinerariu-constelaciones\/\",\"url\":\"https:\/\/escenanorte.com\/ast\/itinerariu-constelaciones\/\",\"name\":\"Itinerariu Constelaciones - Camino Escena Norte\",\"isPartOf\":{\"@id\":\"https:\/\/escenanorte.com\/ast\/#website\"},\"datePublished\":\"2020-08-28T18:02:50+00:00\",\"dateModified\":\"2025-08-26T11:21:32+00:00\",\"breadcrumb\":{\"@id\":\"https:\/\/escenanorte.com\/ast\/itinerariu-constelaciones\/#breadcrumb\"},\"inLanguage\":\"ast-ES\",\"potentialAction\":[{\"@type\":\"ReadAction\",\"target\":[\"https:\/\/escenanorte.com\/ast\/itinerariu-constelaciones\/\"]}]},{\"@type\":\"BreadcrumbList\",\"@id\":\"https:\/\/escenanorte.com\/ast\/itinerariu-constelaciones\/#breadcrumb\",\"itemListElement\":[{\"@type\":\"ListItem\",\"position\":1,\"name\":\"Portada\",\"item\":\"https:\/\/escenanorte.com\/ast\/\"},{\"@type\":\"ListItem\",\"position\":2,\"name\":\"Itinerariu Constelaciones\"}]},{\"@type\":\"WebSite\",\"@id\":\"https:\/\/escenanorte.com\/ast\/#website\",\"url\":\"https:\/\/escenanorte.com\/ast\/\",\"name\":\"Camino Escena Norte\",\"description\":\"Escena Norte\",\"potentialAction\":[{\"@type\":\"SearchAction\",\"target\":{\"@type\":\"EntryPoint\",\"urlTemplate\":\"https:\/\/escenanorte.com\/ast\/?s={search_term_string}\"},\"query-input\":{\"@type\":\"PropertyValueSpecification\",\"valueRequired\":true,\"valueName\":\"search_term_string\"}}],\"inLanguage\":\"ast-ES\"}]}<\/script>\n<!-- \/ Yoast SEO plugin. -->","yoast_head_json":{"title":"Itinerariu Constelaciones - Camino Escena Norte","robots":{"index":"index","follow":"follow","max-snippet":"max-snippet:-1","max-image-preview":"max-image-preview:large","max-video-preview":"max-video-preview:-1"},"canonical":"https:\/\/escenanorte.com\/ast\/itinerariu-constelaciones\/","og_locale":"en_US","og_type":"article","og_title":"Itinerariu Constelaciones - Camino Escena Norte","og_description":"Itinerariu Constelaciones 2025 Del 12 de setiembre al 26 d\u2019ochobre Exa vertebrador del proyectu Camino Escena Norte, ye l\u2019itinerariu de funciones d\u2019artes esc\u00e9niques que va percorrer m\u00e1s de 60 sedes [&hellip;]","og_url":"https:\/\/escenanorte.com\/ast\/itinerariu-constelaciones\/","og_site_name":"Camino Escena Norte","article_publisher":"https:\/\/www.facebook.com\/escenanorte","article_modified_time":"2025-08-26T11:21:32+00:00","og_image":[{"width":1600,"height":2233,"url":"https:\/\/escenanorte.com\/wp-content\/uploads\/2025\/06\/AAFF-CEN-ARTE-50X70-AS.jpg","type":"image\/jpeg"}],"twitter_card":"summary_large_image","twitter_misc":{"Est. reading time":"1 minute"},"schema":{"@context":"https:\/\/schema.org","@graph":[{"@type":"WebPage","@id":"https:\/\/escenanorte.com\/ast\/itinerariu-constelaciones\/","url":"https:\/\/escenanorte.com\/ast\/itinerariu-constelaciones\/","name":"Itinerariu Constelaciones - Camino Escena Norte","isPartOf":{"@id":"https:\/\/escenanorte.com\/ast\/#website"},"datePublished":"2020-08-28T18:02:50+00:00","dateModified":"2025-08-26T11:21:32+00:00","breadcrumb":{"@id":"https:\/\/escenanorte.com\/ast\/itinerariu-constelaciones\/#breadcrumb"},"inLanguage":"ast-ES","potentialAction":[{"@type":"ReadAction","target":["https:\/\/escenanorte.com\/ast\/itinerariu-constelaciones\/"]}]},{"@type":"BreadcrumbList","@id":"https:\/\/escenanorte.com\/ast\/itinerariu-constelaciones\/#breadcrumb","itemListElement":[{"@type":"ListItem","position":1,"name":"Portada","item":"https:\/\/escenanorte.com\/ast\/"},{"@type":"ListItem","position":2,"name":"Itinerariu Constelaciones"}]},{"@type":"WebSite","@id":"https:\/\/escenanorte.com\/ast\/#website","url":"https:\/\/escenanorte.com\/ast\/","name":"Camino Escena Norte","description":"Escena Norte","potentialAction":[{"@type":"SearchAction","target":{"@type":"EntryPoint","urlTemplate":"https:\/\/escenanorte.com\/ast\/?s={search_term_string}"},"query-input":{"@type":"PropertyValueSpecification","valueRequired":true,"valueName":"search_term_string"}}],"inLanguage":"ast-ES"}]}},"publishpress_future_action":{"enabled":false,"date":"2026-05-01 07:57:24","action":"change-status","newStatus":"draft","terms":[],"taxonomy":"translation_priority","extraData":[]},"publishpress_future_workflow_manual_trigger":{"enabledWorkflows":[]},"_links":{"self":[{"href":"https:\/\/escenanorte.com\/ast\/wp-json\/wp\/v2\/pages\/1636","targetHints":{"allow":["GET"]}}],"collection":[{"href":"https:\/\/escenanorte.com\/ast\/wp-json\/wp\/v2\/pages"}],"about":[{"href":"https:\/\/escenanorte.com\/ast\/wp-json\/wp\/v2\/types\/page"}],"author":[{"embeddable":true,"href":"https:\/\/escenanorte.com\/ast\/wp-json\/wp\/v2\/users\/1"}],"replies":[{"embeddable":true,"href":"https:\/\/escenanorte.com\/ast\/wp-json\/wp\/v2\/comments?post=1636"}],"version-history":[{"count":75,"href":"https:\/\/escenanorte.com\/ast\/wp-json\/wp\/v2\/pages\/1636\/revisions"}],"predecessor-version":[{"id":77014,"href":"https:\/\/escenanorte.com\/ast\/wp-json\/wp\/v2\/pages\/1636\/revisions\/77014"}],"wp:attachment":[{"href":"https:\/\/escenanorte.com\/ast\/wp-json\/wp\/v2\/media?parent=1636"}],"curies":[{"name":"wp","href":"https:\/\/api.w.org\/{rel}","templated":true}]}}