{"id":143,"date":"2020-08-19T00:45:57","date_gmt":"2020-08-18T22:45:57","guid":{"rendered":"http:\/\/escenaf.cluster028.hosting.ovh.net\/index.php\/sobre-el-proyecto\/"},"modified":"2025-08-26T13:33:55","modified_gmt":"2025-08-26T11:33:55","slug":"sobre-el-proyecto","status":"publish","type":"page","link":"https:\/\/escenanorte.com\/ast\/sobre-el-proyecto\/","title":{"rendered":"Sobro&#8217;l proyectu"},"content":{"rendered":"<h1>Sobro el proyectu<\/h1>\n<div>\n<p>Cam\u00edn Escena Norte ye un proyectu d\u2019intercambiu cultural per aciu les artes esc\u00e9niques ente Galicia, Asturies, Cantabria, Euskadi, Navarra y La Rioxa que, promov\u00edu poles asociaciones Escena Galega, EscenAsturias, ACEPAE, Eskena, Escena Navarra y aescena, va desplegar esti 2025 una intensa programaci\u00f3n d\u2019actividaes en 60 sedes d\u2019estes 6 Comunidaes, per aciu del circuitu de teatru, danza y circu nuevu Itinerariu Constelaciones y de la programaci\u00f3n ampliada Cam\u00edn Expand\u00edu, con alcuentros, talleres, acciones de formaci\u00f3n o estancies de creaci\u00f3n art\u00edstica.<\/p>\n<\/div>\n<p><img decoding=\"async\" src=\"\/wp-content\/uploads\/2021\/08\/logoCenXenerico.png\" alt=\"\"><br \/>\n<img decoding=\"async\" src=\"\/wp-content\/uploads\/2025\/02\/Proyectu.jpg\" alt=\"\"><\/p>\n<p><!--more--><br \/>\n<!-- {\"type\":\"layout\",\"children\":[{\"name\":\"Cabecera Proyecto\",\"type\":\"section\",\"props\":{\"animation\":\"fade\",\"header_transparent\":true,\"header_transparent_noplaceholder\":false,\"header_transparent_text_color\":\"light\",\"image\":\"wp-content\\\/uploads\\\/2025\\\/07\\\/01-espectaculo-tA-fotografia-Belen-de-Benito-scaled.jpg\",\"image_effect\":\"fixed\",\"image_position\":\"center-center\",\"image_size\":\"cover\",\"media_overlay\":\"rgba(8, 70, 126, 0.6)\",\"overlap\":true,\"padding_remove_top\":false,\"preserve_color\":true,\"style\":\"secondary\",\"title_breakpoint\":\"xl\",\"title_position\":\"top-left\",\"title_rotation\":\"left\",\"vertical_align\":\"\",\"width\":\"xlarge\"},\"children\":[{\"type\":\"row\",\"props\":{\"layout\":\"3-4,1-4\"},\"children\":[{\"type\":\"column\",\"props\":{\"image_position\":\"center-center\",\"position_sticky_breakpoint\":\"m\",\"vertical_align\":\"bottom\",\"width_medium\":\"3-4\"},\"children\":[{\"type\":\"headline\",\"props\":{\"content\":\"Sobro el proyectu\",\"css\":\".el-element {\\n color: #DA1884\\n}\",\"maxwidth_breakpoint\":\"m\",\"title_color\":\"primary\",\"title_element\":\"h1\",\"title_style\":\"heading-medium\"}},{\"type\":\"text\",\"props\":{\"column_breakpoint\":\"m\",\"content\":\"\n\n<p>Cam\\u00edn Escena Norte ye un proyectu d\\u2019intercambiu cultural per aciu les artes esc\\u00e9niques ente Galicia, Asturies, Cantabria, Euskadi, Navarra y La Rioxa que, promov\\u00edu poles asociaciones Escena Galega, EscenAsturias, ACEPAE, Eskena, Escena Navarra y aescena, va desplegar esti 2025 una intensa programaci\\u00f3n d\\u2019actividaes en 60 sedes d\\u2019estes 6 Comunidaes, per aciu del circuitu de teatru, danza y circu nuevu Itinerariu Constelaciones y de la programaci\\u00f3n ampliada Cam\\u00edn Expand\\u00edu, con alcuentros, talleres, acciones de formaci\\u00f3n o estancies de creaci\\u00f3n art\\u00edstica.<\\\/p>\",\"css\":\".el-element {\\n    color: white;\\n}\",\"margin\":\"default\",\"margin_remove_top\":false,\"text_style\":\"large\"}}]},{\"type\":\"column\",\"props\":{\"image_position\":\"center-center\",\"position_sticky_breakpoint\":\"m\",\"width_medium\":\"1-4\"},\"children\":[{\"type\":\"image\",\"props\":{\"animation\":\"scale-up\",\"image\":\"wp-content\\\/uploads\\\/2021\\\/08\\\/logoCenXenerico.png\",\"image_height\":\"400\",\"image_svg_color\":\"emphasis\",\"image_svg_inline\":false,\"margin\":\"default\",\"text_align\":\"center\",\"visibility\":\"m\"}}]}]}]},{\"type\":\"section\",\"props\":{\"image_position\":\"center-center\",\"overlap\":true,\"style\":\"default\",\"title_breakpoint\":\"xl\",\"title_position\":\"top-left\",\"title_rotation\":\"left\",\"vertical_align\":\"\",\"width\":\"default\"},\"children\":[{\"type\":\"row\",\"children\":[{\"type\":\"column\",\"props\":{\"image_position\":\"center-center\",\"position_sticky_breakpoint\":\"m\"},\"children\":[{\"type\":\"image\",\"props\":{\"image\":\"wp-content\\\/uploads\\\/2025\\\/02\\\/Proyectu.jpg\",\"image_svg_color\":\"emphasis\",\"margin\":\"default\"}}]}]}]}],\"version\":\"4.5.24\"} --><\/p>\n","protected":false},"excerpt":{"rendered":"<p>Sobro el proyectu Cam\u00edn Escena Norte ye un proyectu d\u2019intercambiu cultural per aciu les artes esc\u00e9niques ente Galicia, Asturies, Cantabria, Euskadi, Navarra y La Rioxa que, promov\u00edu poles asociaciones Escena [&hellip;]<\/p>\n","protected":false},"author":1,"featured_media":0,"parent":0,"menu_order":0,"comment_status":"closed","ping_status":"closed","template":"","meta":{"footnotes":""},"class_list":["post-143","page","type-page","status-publish","hentry"],"yoast_head":"<!-- This site is optimized with the Yoast SEO plugin v27.2 - https:\/\/yoast.com\/product\/yoast-seo-wordpress\/ -->\n<title>Sobro&#039;l proyectu - Camino Escena Norte<\/title>\n<meta name=\"robots\" content=\"index, follow, max-snippet:-1, max-image-preview:large, max-video-preview:-1\" \/>\n<link rel=\"canonical\" href=\"https:\/\/escenanorte.com\/ast\/sobre-el-proyecto\/\" \/>\n<meta property=\"og:locale\" content=\"en_US\" \/>\n<meta property=\"og:type\" content=\"article\" \/>\n<meta property=\"og:title\" content=\"Sobro&#039;l proyectu - Camino Escena Norte\" \/>\n<meta property=\"og:description\" content=\"Sobro el proyectu Cam\u00edn Escena Norte ye un proyectu d\u2019intercambiu cultural per aciu les artes esc\u00e9niques ente Galicia, Asturies, Cantabria, Euskadi, Navarra y La Rioxa que, promov\u00edu poles asociaciones Escena [&hellip;]\" \/>\n<meta property=\"og:url\" content=\"https:\/\/escenanorte.com\/ast\/sobre-el-proyecto\/\" \/>\n<meta property=\"og:site_name\" content=\"Camino Escena Norte\" \/>\n<meta property=\"article:publisher\" content=\"https:\/\/www.facebook.com\/escenanorte\" \/>\n<meta property=\"article:modified_time\" content=\"2025-08-26T11:33:55+00:00\" \/>\n<meta property=\"og:image\" content=\"https:\/\/escenanorte.com\/wp-content\/uploads\/2025\/06\/AAFF-CEN-ARTE-50X70-AS.jpg\" \/>\n\t<meta property=\"og:image:width\" content=\"1600\" \/>\n\t<meta property=\"og:image:height\" content=\"2233\" \/>\n\t<meta property=\"og:image:type\" content=\"image\/jpeg\" \/>\n<meta name=\"twitter:card\" content=\"summary_large_image\" \/>\n<script type=\"application\/ld+json\" class=\"yoast-schema-graph\">{\"@context\":\"https:\/\/schema.org\",\"@graph\":[{\"@type\":\"WebPage\",\"@id\":\"https:\/\/escenanorte.com\/ast\/sobre-el-proyecto\/\",\"url\":\"https:\/\/escenanorte.com\/ast\/sobre-el-proyecto\/\",\"name\":\"Sobro'l proyectu - Camino Escena Norte\",\"isPartOf\":{\"@id\":\"https:\/\/escenanorte.com\/ast\/#website\"},\"datePublished\":\"2020-08-18T22:45:57+00:00\",\"dateModified\":\"2025-08-26T11:33:55+00:00\",\"breadcrumb\":{\"@id\":\"https:\/\/escenanorte.com\/ast\/sobre-el-proyecto\/#breadcrumb\"},\"inLanguage\":\"ast-ES\",\"potentialAction\":[{\"@type\":\"ReadAction\",\"target\":[\"https:\/\/escenanorte.com\/ast\/sobre-el-proyecto\/\"]}]},{\"@type\":\"BreadcrumbList\",\"@id\":\"https:\/\/escenanorte.com\/ast\/sobre-el-proyecto\/#breadcrumb\",\"itemListElement\":[{\"@type\":\"ListItem\",\"position\":1,\"name\":\"Portada\",\"item\":\"https:\/\/escenanorte.com\/ast\/\"},{\"@type\":\"ListItem\",\"position\":2,\"name\":\"Sobro&#8217;l proyectu\"}]},{\"@type\":\"WebSite\",\"@id\":\"https:\/\/escenanorte.com\/ast\/#website\",\"url\":\"https:\/\/escenanorte.com\/ast\/\",\"name\":\"Camino Escena Norte\",\"description\":\"Escena Norte\",\"potentialAction\":[{\"@type\":\"SearchAction\",\"target\":{\"@type\":\"EntryPoint\",\"urlTemplate\":\"https:\/\/escenanorte.com\/ast\/?s={search_term_string}\"},\"query-input\":{\"@type\":\"PropertyValueSpecification\",\"valueRequired\":true,\"valueName\":\"search_term_string\"}}],\"inLanguage\":\"ast-ES\"}]}<\/script>\n<!-- \/ Yoast SEO plugin. -->","yoast_head_json":{"title":"Sobro'l proyectu - Camino Escena Norte","robots":{"index":"index","follow":"follow","max-snippet":"max-snippet:-1","max-image-preview":"max-image-preview:large","max-video-preview":"max-video-preview:-1"},"canonical":"https:\/\/escenanorte.com\/ast\/sobre-el-proyecto\/","og_locale":"en_US","og_type":"article","og_title":"Sobro'l proyectu - Camino Escena Norte","og_description":"Sobro el proyectu Cam\u00edn Escena Norte ye un proyectu d\u2019intercambiu cultural per aciu les artes esc\u00e9niques ente Galicia, Asturies, Cantabria, Euskadi, Navarra y La Rioxa que, promov\u00edu poles asociaciones Escena [&hellip;]","og_url":"https:\/\/escenanorte.com\/ast\/sobre-el-proyecto\/","og_site_name":"Camino Escena Norte","article_publisher":"https:\/\/www.facebook.com\/escenanorte","article_modified_time":"2025-08-26T11:33:55+00:00","og_image":[{"width":1600,"height":2233,"url":"https:\/\/escenanorte.com\/wp-content\/uploads\/2025\/06\/AAFF-CEN-ARTE-50X70-AS.jpg","type":"image\/jpeg"}],"twitter_card":"summary_large_image","schema":{"@context":"https:\/\/schema.org","@graph":[{"@type":"WebPage","@id":"https:\/\/escenanorte.com\/ast\/sobre-el-proyecto\/","url":"https:\/\/escenanorte.com\/ast\/sobre-el-proyecto\/","name":"Sobro'l proyectu - Camino Escena Norte","isPartOf":{"@id":"https:\/\/escenanorte.com\/ast\/#website"},"datePublished":"2020-08-18T22:45:57+00:00","dateModified":"2025-08-26T11:33:55+00:00","breadcrumb":{"@id":"https:\/\/escenanorte.com\/ast\/sobre-el-proyecto\/#breadcrumb"},"inLanguage":"ast-ES","potentialAction":[{"@type":"ReadAction","target":["https:\/\/escenanorte.com\/ast\/sobre-el-proyecto\/"]}]},{"@type":"BreadcrumbList","@id":"https:\/\/escenanorte.com\/ast\/sobre-el-proyecto\/#breadcrumb","itemListElement":[{"@type":"ListItem","position":1,"name":"Portada","item":"https:\/\/escenanorte.com\/ast\/"},{"@type":"ListItem","position":2,"name":"Sobro&#8217;l proyectu"}]},{"@type":"WebSite","@id":"https:\/\/escenanorte.com\/ast\/#website","url":"https:\/\/escenanorte.com\/ast\/","name":"Camino Escena Norte","description":"Escena Norte","potentialAction":[{"@type":"SearchAction","target":{"@type":"EntryPoint","urlTemplate":"https:\/\/escenanorte.com\/ast\/?s={search_term_string}"},"query-input":{"@type":"PropertyValueSpecification","valueRequired":true,"valueName":"search_term_string"}}],"inLanguage":"ast-ES"}]}},"publishpress_future_action":{"enabled":false,"date":"2026-04-30 20:08:14","action":"change-status","newStatus":"draft","terms":[],"taxonomy":"translation_priority","extraData":[]},"publishpress_future_workflow_manual_trigger":{"enabledWorkflows":[]},"_links":{"self":[{"href":"https:\/\/escenanorte.com\/ast\/wp-json\/wp\/v2\/pages\/143","targetHints":{"allow":["GET"]}}],"collection":[{"href":"https:\/\/escenanorte.com\/ast\/wp-json\/wp\/v2\/pages"}],"about":[{"href":"https:\/\/escenanorte.com\/ast\/wp-json\/wp\/v2\/types\/page"}],"author":[{"embeddable":true,"href":"https:\/\/escenanorte.com\/ast\/wp-json\/wp\/v2\/users\/1"}],"replies":[{"embeddable":true,"href":"https:\/\/escenanorte.com\/ast\/wp-json\/wp\/v2\/comments?post=143"}],"version-history":[{"count":30,"href":"https:\/\/escenanorte.com\/ast\/wp-json\/wp\/v2\/pages\/143\/revisions"}],"predecessor-version":[{"id":77018,"href":"https:\/\/escenanorte.com\/ast\/wp-json\/wp\/v2\/pages\/143\/revisions\/77018"}],"wp:attachment":[{"href":"https:\/\/escenanorte.com\/ast\/wp-json\/wp\/v2\/media?parent=143"}],"curies":[{"name":"wp","href":"https:\/\/api.w.org\/{rel}","templated":true}]}}